{"id":2370,"date":"2018-03-28T12:13:11","date_gmt":"2018-03-28T12:13:11","guid":{"rendered":"https:\/\/lat.nl\/savetovanje-prilikom-narucivanja-i-kupovine-masinerije-i-opreme\/"},"modified":"2018-03-28T12:13:11","modified_gmt":"2018-03-28T12:13:11","slug":"savetovanje-prilikom-narucivanja-i-kupovine-masinerije-i-opreme","status":"publish","type":"page","link":"https:\/\/lat.nl\/sk\/savetovanje-prilikom-narucivanja-i-kupovine-masinerije-i-opreme\/","title":{"rendered":"Savetovanje prilikom naru\u010divanja i kupovine ma\u0161inerije i opreme"},"content":{"rendered":"<p>Oprema koja se koristi na tr\u017ei\u0161tu staklenika je zaista raznovrsna. Postoji oprema koja se koristi za kreiranje prave kultivacijske klime (oprema za grejanje, sjen\u010dala, CO2, tehnologija za navodnjavanje, osvetljenje itd.) i oprema koja se koristi za uzgajanje biljaka (vise\u0107i \u017elebovi za kultivaciju, transportni sistemi, sistemi za sortiranje i sl.).<br \/>\n<BR><BR><br \/>\nStru\u010dnjaci iz Looije Agro Technics B.V. imaju dovoljno informacija i znanja o svim aktuelnim ma\u0161inama i opremi koja se koristi na tr\u017ei\u0161tu staklenih ba\u0161ti. Uvek vam savetujemo takvu tehnologiju i re\u0161enja, koja predstavljaju dodatnu vrednost za va\u0161u kompaniju i va\u0161 projekat. U nekim slu\u010dajevima to mo\u017ee biti samo jedno ili kombinacija nekoliko standardnih re\u0161enja, a u drugim primerima se radi o specijalnim re\u0161enjima koje osmislimo i razvijemo samo za vas.<br \/>\n<BR><BR><br \/>\nNa osnovu detaljnog opisa projekta, koji je specijalno ura\u0111en samo za vas, va\u0161i dobavlja\u010di i drugi poslovni saradnici c\u0301e ta\u010dno znati \u0161ta vam je potrebno i \u0161ta moraju da rade \u2013 ima\u0107e jasna uputstva. Sve dobijene ponude \u0107emo pa\u017eljivo razmotriti i uporediti. U ovoj fazi proveravamo sve va\u0161e primljene ponude i nudimo vam savjete koji rezultiraju ugovor.<br \/>\n<BR><BR><br \/>\nVi ste ti koji odlu\u010dujete i dodeljujete posao nekom od va\u0161ih ponu\u0111a\u010da, a mi c\u0301emo se pobrinuti za to da su va\u0161i ugovori sa dobavlja\u010dima i poslovnim partnerima pravilno formulisani i dobro napisani. Tako se unapred \u0161titite od ne\u017eeljenih probleme i izbegavate nejasnoc\u0301e tokom slede\u0107ih faza \u2013 faza implementacije. Nakon odabira poslovnih partnera, tokom slede\u0107ih faza, ako \u017eelite, mo\u017eemo i dalje da brinemo o va\u0161em projektu i da planiramo i nadziremo samu izgradnju odnosno implementaciju.<\/p>\n","protected":false},"excerpt":{"rendered":"<p>Oprema koja se koristi na tr\u017ei\u0161tu staklenika je zaista raznovrsna. Postoji oprema koja se koristi za kreiranje prave kultivacijske klime (oprema za grejanje, sjen\u010dala, CO2, tehnologija za navodnjavanje, osvetljenje itd.) i oprema koja se koristi za uzgajanje biljaka (vise\u0107i \u017elebovi za kultivaciju, transportni sistemi, sistemi za sortiranje i sl.). Stru\u010dnjaci iz Looije Agro Technics B.V. [&hellip;]<\/p>\n","protected":false},"author":1,"featured_media":0,"parent":0,"menu_order":0,"comment_status":"open","ping_status":"closed","template":"","meta":{"_acf_changed":false,"_exactmetrics_skip_tracking":false,"_exactmetrics_sitenote_active":false,"_exactmetrics_sitenote_note":"","_exactmetrics_sitenote_category":0,"footnotes":""},"class_list":["post-2370","page","type-page","status-publish","hentry"],"acf":[],"yoast_head":"<!-- This site is optimized with the Yoast SEO plugin v27.3 - https:\/\/yoast.com\/product\/yoast-seo-wordpress\/ -->\n<title>Savetovanje prilikom naru\u010divanja i kupovine ma\u0161inerije i opreme - Looije Agro Technics BV<\/title>\n<meta name=\"robots\" content=\"index, follow, max-snippet:-1, max-image-preview:large, max-video-preview:-1\" \/>\n<link rel=\"canonical\" href=\"https:\/\/lat.nl\/sk\/savetovanje-prilikom-narucivanja-i-kupovine-masinerije-i-opreme\/\" \/>\n<meta property=\"og:locale\" content=\"sk_SK\" \/>\n<meta property=\"og:type\" content=\"article\" \/>\n<meta property=\"og:title\" content=\"Savetovanje prilikom naru\u010divanja i kupovine ma\u0161inerije i opreme - Looije Agro Technics BV\" \/>\n<meta property=\"og:description\" content=\"Oprema koja se koristi na tr\u017ei\u0161tu staklenika je zaista raznovrsna. Postoji oprema koja se koristi za kreiranje prave kultivacijske klime (oprema za grejanje, sjen\u010dala, CO2, tehnologija za navodnjavanje, osvetljenje itd.) i oprema koja se koristi za uzgajanje biljaka (vise\u0107i \u017elebovi za kultivaciju, transportni sistemi, sistemi za sortiranje i sl.). Stru\u010dnjaci iz Looije Agro Technics B.V. [&hellip;]\" \/>\n<meta property=\"og:url\" content=\"https:\/\/lat.nl\/sk\/savetovanje-prilikom-narucivanja-i-kupovine-masinerije-i-opreme\/\" \/>\n<meta property=\"og:site_name\" content=\"Looije Agro Technics BV\" \/>\n<meta name=\"twitter:card\" content=\"summary_large_image\" \/>\n<meta name=\"twitter:label1\" content=\"Predpokladan\u00fd \u010das \u010d\u00edtania\" \/>\n\t<meta name=\"twitter:data1\" content=\"1 min\u00fata\" \/>\n<script type=\"application\/ld+json\" class=\"yoast-schema-graph\">{\"@context\":\"https:\\\/\\\/schema.org\",\"@graph\":[{\"@type\":\"WebPage\",\"@id\":\"https:\\\/\\\/lat.nl\\\/sk\\\/savetovanje-prilikom-narucivanja-i-kupovine-masinerije-i-opreme\\\/\",\"url\":\"https:\\\/\\\/lat.nl\\\/sk\\\/savetovanje-prilikom-narucivanja-i-kupovine-masinerije-i-opreme\\\/\",\"name\":\"Savetovanje prilikom naru\u010divanja i kupovine ma\u0161inerije i opreme - Looije Agro Technics BV\",\"isPartOf\":{\"@id\":\"https:\\\/\\\/lat.nl\\\/#website\"},\"datePublished\":\"2018-03-28T12:13:11+00:00\",\"breadcrumb\":{\"@id\":\"https:\\\/\\\/lat.nl\\\/sk\\\/savetovanje-prilikom-narucivanja-i-kupovine-masinerije-i-opreme\\\/#breadcrumb\"},\"inLanguage\":\"sk-SK\",\"potentialAction\":[{\"@type\":\"ReadAction\",\"target\":[\"https:\\\/\\\/lat.nl\\\/sk\\\/savetovanje-prilikom-narucivanja-i-kupovine-masinerije-i-opreme\\\/\"]}]},{\"@type\":\"BreadcrumbList\",\"@id\":\"https:\\\/\\\/lat.nl\\\/sk\\\/savetovanje-prilikom-narucivanja-i-kupovine-masinerije-i-opreme\\\/#breadcrumb\",\"itemListElement\":[{\"@type\":\"ListItem\",\"position\":1,\"name\":\"Home\",\"item\":\"https:\\\/\\\/lat.nl\\\/sk\\\/\"},{\"@type\":\"ListItem\",\"position\":2,\"name\":\"Savetovanje prilikom naru\u010divanja i kupovine ma\u0161inerije i opreme\"}]},{\"@type\":\"WebSite\",\"@id\":\"https:\\\/\\\/lat.nl\\\/#website\",\"url\":\"https:\\\/\\\/lat.nl\\\/\",\"name\":\"Looije Agro Technics BV\",\"description\":\"H\u00e9t onafhankelijk bouwmanagementbureau in de glastuinbouwsector\",\"publisher\":{\"@id\":\"https:\\\/\\\/lat.nl\\\/#organization\"},\"potentialAction\":[{\"@type\":\"SearchAction\",\"target\":{\"@type\":\"EntryPoint\",\"urlTemplate\":\"https:\\\/\\\/lat.nl\\\/?s={search_term_string}\"},\"query-input\":{\"@type\":\"PropertyValueSpecification\",\"valueRequired\":true,\"valueName\":\"search_term_string\"}}],\"inLanguage\":\"sk-SK\"},{\"@type\":\"Organization\",\"@id\":\"https:\\\/\\\/lat.nl\\\/#organization\",\"name\":\"Looije Agro Technics BV\",\"url\":\"https:\\\/\\\/lat.nl\\\/\",\"logo\":{\"@type\":\"ImageObject\",\"inLanguage\":\"sk-SK\",\"@id\":\"https:\\\/\\\/lat.nl\\\/#\\\/schema\\\/logo\\\/image\\\/\",\"url\":\"https:\\\/\\\/lat.nl\\\/wp-content\\\/uploads\\\/2018\\\/03\\\/logo.jpg\",\"contentUrl\":\"https:\\\/\\\/lat.nl\\\/wp-content\\\/uploads\\\/2018\\\/03\\\/logo.jpg\",\"width\":319,\"height\":122,\"caption\":\"Looije Agro Technics BV\"},\"image\":{\"@id\":\"https:\\\/\\\/lat.nl\\\/#\\\/schema\\\/logo\\\/image\\\/\"}}]}<\/script>\n<!-- \/ Yoast SEO plugin. -->","yoast_head_json":{"title":"Savetovanje prilikom naru\u010divanja i kupovine ma\u0161inerije i opreme - Looije Agro Technics BV","robots":{"index":"index","follow":"follow","max-snippet":"max-snippet:-1","max-image-preview":"max-image-preview:large","max-video-preview":"max-video-preview:-1"},"canonical":"https:\/\/lat.nl\/sk\/savetovanje-prilikom-narucivanja-i-kupovine-masinerije-i-opreme\/","og_locale":"sk_SK","og_type":"article","og_title":"Savetovanje prilikom naru\u010divanja i kupovine ma\u0161inerije i opreme - Looije Agro Technics BV","og_description":"Oprema koja se koristi na tr\u017ei\u0161tu staklenika je zaista raznovrsna. Postoji oprema koja se koristi za kreiranje prave kultivacijske klime (oprema za grejanje, sjen\u010dala, CO2, tehnologija za navodnjavanje, osvetljenje itd.) i oprema koja se koristi za uzgajanje biljaka (vise\u0107i \u017elebovi za kultivaciju, transportni sistemi, sistemi za sortiranje i sl.). Stru\u010dnjaci iz Looije Agro Technics B.V. [&hellip;]","og_url":"https:\/\/lat.nl\/sk\/savetovanje-prilikom-narucivanja-i-kupovine-masinerije-i-opreme\/","og_site_name":"Looije Agro Technics BV","twitter_card":"summary_large_image","twitter_misc":{"Predpokladan\u00fd \u010das \u010d\u00edtania":"1 min\u00fata"},"schema":{"@context":"https:\/\/schema.org","@graph":[{"@type":"WebPage","@id":"https:\/\/lat.nl\/sk\/savetovanje-prilikom-narucivanja-i-kupovine-masinerije-i-opreme\/","url":"https:\/\/lat.nl\/sk\/savetovanje-prilikom-narucivanja-i-kupovine-masinerije-i-opreme\/","name":"Savetovanje prilikom naru\u010divanja i kupovine ma\u0161inerije i opreme - Looije Agro Technics BV","isPartOf":{"@id":"https:\/\/lat.nl\/#website"},"datePublished":"2018-03-28T12:13:11+00:00","breadcrumb":{"@id":"https:\/\/lat.nl\/sk\/savetovanje-prilikom-narucivanja-i-kupovine-masinerije-i-opreme\/#breadcrumb"},"inLanguage":"sk-SK","potentialAction":[{"@type":"ReadAction","target":["https:\/\/lat.nl\/sk\/savetovanje-prilikom-narucivanja-i-kupovine-masinerije-i-opreme\/"]}]},{"@type":"BreadcrumbList","@id":"https:\/\/lat.nl\/sk\/savetovanje-prilikom-narucivanja-i-kupovine-masinerije-i-opreme\/#breadcrumb","itemListElement":[{"@type":"ListItem","position":1,"name":"Home","item":"https:\/\/lat.nl\/sk\/"},{"@type":"ListItem","position":2,"name":"Savetovanje prilikom naru\u010divanja i kupovine ma\u0161inerije i opreme"}]},{"@type":"WebSite","@id":"https:\/\/lat.nl\/#website","url":"https:\/\/lat.nl\/","name":"Looije Agro Technics BV","description":"H\u00e9t onafhankelijk bouwmanagementbureau in de glastuinbouwsector","publisher":{"@id":"https:\/\/lat.nl\/#organization"},"potentialAction":[{"@type":"SearchAction","target":{"@type":"EntryPoint","urlTemplate":"https:\/\/lat.nl\/?s={search_term_string}"},"query-input":{"@type":"PropertyValueSpecification","valueRequired":true,"valueName":"search_term_string"}}],"inLanguage":"sk-SK"},{"@type":"Organization","@id":"https:\/\/lat.nl\/#organization","name":"Looije Agro Technics BV","url":"https:\/\/lat.nl\/","logo":{"@type":"ImageObject","inLanguage":"sk-SK","@id":"https:\/\/lat.nl\/#\/schema\/logo\/image\/","url":"https:\/\/lat.nl\/wp-content\/uploads\/2018\/03\/logo.jpg","contentUrl":"https:\/\/lat.nl\/wp-content\/uploads\/2018\/03\/logo.jpg","width":319,"height":122,"caption":"Looije Agro Technics BV"},"image":{"@id":"https:\/\/lat.nl\/#\/schema\/logo\/image\/"}}]}},"_links":{"self":[{"href":"https:\/\/lat.nl\/sk\/wp-json\/wp\/v2\/pages\/2370","targetHints":{"allow":["GET"]}}],"collection":[{"href":"https:\/\/lat.nl\/sk\/wp-json\/wp\/v2\/pages"}],"about":[{"href":"https:\/\/lat.nl\/sk\/wp-json\/wp\/v2\/types\/page"}],"author":[{"embeddable":true,"href":"https:\/\/lat.nl\/sk\/wp-json\/wp\/v2\/users\/1"}],"replies":[{"embeddable":true,"href":"https:\/\/lat.nl\/sk\/wp-json\/wp\/v2\/comments?post=2370"}],"version-history":[{"count":0,"href":"https:\/\/lat.nl\/sk\/wp-json\/wp\/v2\/pages\/2370\/revisions"}],"wp:attachment":[{"href":"https:\/\/lat.nl\/sk\/wp-json\/wp\/v2\/media?parent=2370"}],"curies":[{"name":"wp","href":"https:\/\/api.w.org\/{rel}","templated":true}]}}