{"id":2372,"date":"2018-03-28T12:13:11","date_gmt":"2018-03-28T12:13:11","guid":{"rendered":"https:\/\/lat.nl\/savetovanje-prilikom-narucivanja-i-kupovine-opreme-za-kogeneraciju\/"},"modified":"2018-03-28T12:13:11","modified_gmt":"2018-03-28T12:13:11","slug":"savetovanje-prilikom-narucivanja-i-kupovine-opreme-za-kogeneraciju","status":"publish","type":"page","link":"https:\/\/lat.nl\/sk\/savetovanje-prilikom-narucivanja-i-kupovine-opreme-za-kogeneraciju\/","title":{"rendered":"Savetovanje prilikom naru\u010divanja i kupovine opreme za kogeneraciju"},"content":{"rendered":"<p>Sistem snabdevanje staklenika energijom mnogi smatraju za samo srce firme. \u010cim projekat po\u010dne da dobija svoj oblik, energetski stru\u010dnjaci iz Looije Agro Technics B.V. stupaju na pozornicu. Oni detaljno analiziraju sve energetske potrebe va\u0161e kompanije i predstave vam mogu\u0107a re\u0161enja. <BR><BR><\/p>\n<p>Od kada postoji liberalizacija energetskog tr\u017ei\u0161ta, za mnoge kompanije na tr\u017ei\u0161tu staklenih ba\u0161ti  je najbolje re\u0161enje upotreba sopstvene kogeneracione opreme. Iskustva su pokazala da je ovaj izbor u velikoj meri doprineo efikasnosti rada kompanija. Tim energetskih stru\u010dnjaka iz Looije Agro Technics B.V. c\u0301e detaljno analizirati va\u0161 slu\u010daj. Na osnovu detaljnog opisa projekta, koji \u0107emo uraditi specijalno za vas, dobavlja\u010di \u0107e mo\u0107i da vam ponude upravo ono \u0161to vam je potrebno. Sve ponude \u0107emo pa\u017eljivo razmotriti i uporediti, a onda \u0107emo vam dati stru\u010dni savet kako da odaberete najisplativiju i najkvalitetniju ponudu.<BR><BR><\/p>\n<p>Ako \u017eelite, mo\u017eemo da u\u010destvujemo u va\u0161im pregovorima sa dobavlja\u010dima vezanim za kupovinu opreme. Preuze\u0107emo odgovornost vezanu za pravilno i precizno formulisanje svih ugovora sa va\u0161im odabranim poslovnim partnerima. Nezavisnost na\u0161eg rada je garancija da su za nas va\u0161i interesi uvek centar i prioritet tokom celog projekta.<\/p>\n","protected":false},"excerpt":{"rendered":"<p>Sistem snabdevanje staklenika energijom mnogi smatraju za samo srce firme. \u010cim projekat po\u010dne da dobija svoj oblik, energetski stru\u010dnjaci iz Looije Agro Technics B.V. stupaju na pozornicu. Oni detaljno analiziraju sve energetske potrebe va\u0161e kompanije i predstave vam mogu\u0107a re\u0161enja. Od kada postoji liberalizacija energetskog tr\u017ei\u0161ta, za mnoge kompanije na tr\u017ei\u0161tu staklenih ba\u0161ti je najbolje [&hellip;]<\/p>\n","protected":false},"author":1,"featured_media":0,"parent":0,"menu_order":0,"comment_status":"open","ping_status":"closed","template":"","meta":{"_acf_changed":false,"_exactmetrics_skip_tracking":false,"_exactmetrics_sitenote_active":false,"_exactmetrics_sitenote_note":"","_exactmetrics_sitenote_category":0,"footnotes":""},"class_list":["post-2372","page","type-page","status-publish","hentry"],"acf":[],"yoast_head":"<!-- This site is optimized with the Yoast SEO plugin v27.4 - https:\/\/yoast.com\/product\/yoast-seo-wordpress\/ -->\n<title>Savetovanje prilikom naru\u010divanja i kupovine opreme za kogeneraciju - Looije Agro Technics BV<\/title>\n<meta name=\"robots\" content=\"index, follow, max-snippet:-1, max-image-preview:large, max-video-preview:-1\" \/>\n<link rel=\"canonical\" href=\"https:\/\/lat.nl\/sk\/savetovanje-prilikom-narucivanja-i-kupovine-opreme-za-kogeneraciju\/\" \/>\n<meta property=\"og:locale\" content=\"sk_SK\" \/>\n<meta property=\"og:type\" content=\"article\" \/>\n<meta property=\"og:title\" content=\"Savetovanje prilikom naru\u010divanja i kupovine opreme za kogeneraciju - Looije Agro Technics BV\" \/>\n<meta property=\"og:description\" content=\"Sistem snabdevanje staklenika energijom mnogi smatraju za samo srce firme. \u010cim projekat po\u010dne da dobija svoj oblik, energetski stru\u010dnjaci iz Looije Agro Technics B.V. stupaju na pozornicu. Oni detaljno analiziraju sve energetske potrebe va\u0161e kompanije i predstave vam mogu\u0107a re\u0161enja. Od kada postoji liberalizacija energetskog tr\u017ei\u0161ta, za mnoge kompanije na tr\u017ei\u0161tu staklenih ba\u0161ti je najbolje [&hellip;]\" \/>\n<meta property=\"og:url\" content=\"https:\/\/lat.nl\/sk\/savetovanje-prilikom-narucivanja-i-kupovine-opreme-za-kogeneraciju\/\" \/>\n<meta property=\"og:site_name\" content=\"Looije Agro Technics BV\" \/>\n<meta name=\"twitter:card\" content=\"summary_large_image\" \/>\n<meta name=\"twitter:label1\" content=\"Predpokladan\u00fd \u010das \u010d\u00edtania\" \/>\n\t<meta name=\"twitter:data1\" content=\"1 min\u00fata\" \/>\n<script type=\"application\/ld+json\" class=\"yoast-schema-graph\">{\"@context\":\"https:\\\/\\\/schema.org\",\"@graph\":[{\"@type\":\"WebPage\",\"@id\":\"https:\\\/\\\/lat.nl\\\/sk\\\/savetovanje-prilikom-narucivanja-i-kupovine-opreme-za-kogeneraciju\\\/\",\"url\":\"https:\\\/\\\/lat.nl\\\/sk\\\/savetovanje-prilikom-narucivanja-i-kupovine-opreme-za-kogeneraciju\\\/\",\"name\":\"Savetovanje prilikom naru\u010divanja i kupovine opreme za kogeneraciju - Looije Agro Technics BV\",\"isPartOf\":{\"@id\":\"https:\\\/\\\/lat.nl\\\/#website\"},\"datePublished\":\"2018-03-28T12:13:11+00:00\",\"breadcrumb\":{\"@id\":\"https:\\\/\\\/lat.nl\\\/sk\\\/savetovanje-prilikom-narucivanja-i-kupovine-opreme-za-kogeneraciju\\\/#breadcrumb\"},\"inLanguage\":\"sk-SK\",\"potentialAction\":[{\"@type\":\"ReadAction\",\"target\":[\"https:\\\/\\\/lat.nl\\\/sk\\\/savetovanje-prilikom-narucivanja-i-kupovine-opreme-za-kogeneraciju\\\/\"]}]},{\"@type\":\"BreadcrumbList\",\"@id\":\"https:\\\/\\\/lat.nl\\\/sk\\\/savetovanje-prilikom-narucivanja-i-kupovine-opreme-za-kogeneraciju\\\/#breadcrumb\",\"itemListElement\":[{\"@type\":\"ListItem\",\"position\":1,\"name\":\"Home\",\"item\":\"https:\\\/\\\/lat.nl\\\/sk\\\/\"},{\"@type\":\"ListItem\",\"position\":2,\"name\":\"Savetovanje prilikom naru\u010divanja i kupovine opreme za kogeneraciju\"}]},{\"@type\":\"WebSite\",\"@id\":\"https:\\\/\\\/lat.nl\\\/#website\",\"url\":\"https:\\\/\\\/lat.nl\\\/\",\"name\":\"Looije Agro Technics BV\",\"description\":\"H\u00e9t onafhankelijk bouwmanagementbureau in de glastuinbouwsector\",\"publisher\":{\"@id\":\"https:\\\/\\\/lat.nl\\\/#organization\"},\"potentialAction\":[{\"@type\":\"SearchAction\",\"target\":{\"@type\":\"EntryPoint\",\"urlTemplate\":\"https:\\\/\\\/lat.nl\\\/?s={search_term_string}\"},\"query-input\":{\"@type\":\"PropertyValueSpecification\",\"valueRequired\":true,\"valueName\":\"search_term_string\"}}],\"inLanguage\":\"sk-SK\"},{\"@type\":\"Organization\",\"@id\":\"https:\\\/\\\/lat.nl\\\/#organization\",\"name\":\"Looije Agro Technics BV\",\"url\":\"https:\\\/\\\/lat.nl\\\/\",\"logo\":{\"@type\":\"ImageObject\",\"inLanguage\":\"sk-SK\",\"@id\":\"https:\\\/\\\/lat.nl\\\/#\\\/schema\\\/logo\\\/image\\\/\",\"url\":\"https:\\\/\\\/lat.nl\\\/wp-content\\\/uploads\\\/2018\\\/03\\\/logo.jpg\",\"contentUrl\":\"https:\\\/\\\/lat.nl\\\/wp-content\\\/uploads\\\/2018\\\/03\\\/logo.jpg\",\"width\":319,\"height\":122,\"caption\":\"Looije Agro Technics BV\"},\"image\":{\"@id\":\"https:\\\/\\\/lat.nl\\\/#\\\/schema\\\/logo\\\/image\\\/\"}}]}<\/script>\n<!-- \/ Yoast SEO plugin. -->","yoast_head_json":{"title":"Savetovanje prilikom naru\u010divanja i kupovine opreme za kogeneraciju - Looije Agro Technics BV","robots":{"index":"index","follow":"follow","max-snippet":"max-snippet:-1","max-image-preview":"max-image-preview:large","max-video-preview":"max-video-preview:-1"},"canonical":"https:\/\/lat.nl\/sk\/savetovanje-prilikom-narucivanja-i-kupovine-opreme-za-kogeneraciju\/","og_locale":"sk_SK","og_type":"article","og_title":"Savetovanje prilikom naru\u010divanja i kupovine opreme za kogeneraciju - Looije Agro Technics BV","og_description":"Sistem snabdevanje staklenika energijom mnogi smatraju za samo srce firme. \u010cim projekat po\u010dne da dobija svoj oblik, energetski stru\u010dnjaci iz Looije Agro Technics B.V. stupaju na pozornicu. Oni detaljno analiziraju sve energetske potrebe va\u0161e kompanije i predstave vam mogu\u0107a re\u0161enja. Od kada postoji liberalizacija energetskog tr\u017ei\u0161ta, za mnoge kompanije na tr\u017ei\u0161tu staklenih ba\u0161ti je najbolje [&hellip;]","og_url":"https:\/\/lat.nl\/sk\/savetovanje-prilikom-narucivanja-i-kupovine-opreme-za-kogeneraciju\/","og_site_name":"Looije Agro Technics BV","twitter_card":"summary_large_image","twitter_misc":{"Predpokladan\u00fd \u010das \u010d\u00edtania":"1 min\u00fata"},"schema":{"@context":"https:\/\/schema.org","@graph":[{"@type":"WebPage","@id":"https:\/\/lat.nl\/sk\/savetovanje-prilikom-narucivanja-i-kupovine-opreme-za-kogeneraciju\/","url":"https:\/\/lat.nl\/sk\/savetovanje-prilikom-narucivanja-i-kupovine-opreme-za-kogeneraciju\/","name":"Savetovanje prilikom naru\u010divanja i kupovine opreme za kogeneraciju - Looije Agro Technics BV","isPartOf":{"@id":"https:\/\/lat.nl\/#website"},"datePublished":"2018-03-28T12:13:11+00:00","breadcrumb":{"@id":"https:\/\/lat.nl\/sk\/savetovanje-prilikom-narucivanja-i-kupovine-opreme-za-kogeneraciju\/#breadcrumb"},"inLanguage":"sk-SK","potentialAction":[{"@type":"ReadAction","target":["https:\/\/lat.nl\/sk\/savetovanje-prilikom-narucivanja-i-kupovine-opreme-za-kogeneraciju\/"]}]},{"@type":"BreadcrumbList","@id":"https:\/\/lat.nl\/sk\/savetovanje-prilikom-narucivanja-i-kupovine-opreme-za-kogeneraciju\/#breadcrumb","itemListElement":[{"@type":"ListItem","position":1,"name":"Home","item":"https:\/\/lat.nl\/sk\/"},{"@type":"ListItem","position":2,"name":"Savetovanje prilikom naru\u010divanja i kupovine opreme za kogeneraciju"}]},{"@type":"WebSite","@id":"https:\/\/lat.nl\/#website","url":"https:\/\/lat.nl\/","name":"Looije Agro Technics BV","description":"H\u00e9t onafhankelijk bouwmanagementbureau in de glastuinbouwsector","publisher":{"@id":"https:\/\/lat.nl\/#organization"},"potentialAction":[{"@type":"SearchAction","target":{"@type":"EntryPoint","urlTemplate":"https:\/\/lat.nl\/?s={search_term_string}"},"query-input":{"@type":"PropertyValueSpecification","valueRequired":true,"valueName":"search_term_string"}}],"inLanguage":"sk-SK"},{"@type":"Organization","@id":"https:\/\/lat.nl\/#organization","name":"Looije Agro Technics BV","url":"https:\/\/lat.nl\/","logo":{"@type":"ImageObject","inLanguage":"sk-SK","@id":"https:\/\/lat.nl\/#\/schema\/logo\/image\/","url":"https:\/\/lat.nl\/wp-content\/uploads\/2018\/03\/logo.jpg","contentUrl":"https:\/\/lat.nl\/wp-content\/uploads\/2018\/03\/logo.jpg","width":319,"height":122,"caption":"Looije Agro Technics BV"},"image":{"@id":"https:\/\/lat.nl\/#\/schema\/logo\/image\/"}}]}},"_links":{"self":[{"href":"https:\/\/lat.nl\/sk\/wp-json\/wp\/v2\/pages\/2372","targetHints":{"allow":["GET"]}}],"collection":[{"href":"https:\/\/lat.nl\/sk\/wp-json\/wp\/v2\/pages"}],"about":[{"href":"https:\/\/lat.nl\/sk\/wp-json\/wp\/v2\/types\/page"}],"author":[{"embeddable":true,"href":"https:\/\/lat.nl\/sk\/wp-json\/wp\/v2\/users\/1"}],"replies":[{"embeddable":true,"href":"https:\/\/lat.nl\/sk\/wp-json\/wp\/v2\/comments?post=2372"}],"version-history":[{"count":0,"href":"https:\/\/lat.nl\/sk\/wp-json\/wp\/v2\/pages\/2372\/revisions"}],"wp:attachment":[{"href":"https:\/\/lat.nl\/sk\/wp-json\/wp\/v2\/media?parent=2372"}],"curies":[{"name":"wp","href":"https:\/\/api.w.org\/{rel}","templated":true}]}}