{"id":2374,"date":"2018-03-28T12:13:11","date_gmt":"2018-03-28T12:13:11","guid":{"rendered":"https:\/\/lat.nl\/oprema-za-osvetljenje\/"},"modified":"2018-03-28T12:13:11","modified_gmt":"2018-03-28T12:13:11","slug":"oprema-za-osvetljenje","status":"publish","type":"page","link":"https:\/\/lat.nl\/sk\/oprema-za-osvetljenje\/","title":{"rendered":"Oprema za osvetljenje"},"content":{"rendered":"<p>Kreiranje optimalnog sistema osvetljenja va\u0161e staklene ba\u0161te za nas predstavlja specijalisti\u010dki rad u koji se uklju\u010duju i stru\u010dnjaci za proizvodnju i stru\u010dnjaci za energetiku.<br \/>\n<BR><BR><br \/>\nSigurno se pitate da li \u0107e predvi\u0111eni sistem osvetljenja zaista raditi kao \u0161to je planirano? Kada se sistem postavi, mi izvodimo specijalna merenja koja \u0107e precizno pokazati da li va\u0161a oprema radi ba\u0161 ono \u0161to \u017eelimo da radi. Na\u0161i jasni i detaljni izve\u0161taji vam pru\u017eaju informacije vezane za proizvodnju i distribuciju svetlosti, njenu snage i kapacitet, itd.<br \/>\n<BR><BR><br \/>\nLooije Agro Technics B.V. radi potpuno nezavisno od dobavlja\u010da i drugih kompaniji pa tako mo\u017eete biti sigurni da su na\u0161i izve\u0161taji potpuno objektivni i stru\u010dni i da \u201crasvetljavaju\u201d sve va\u0161e nedoumice i odgovaraju na sva va\u0161a pitanja.<\/p>\n","protected":false},"excerpt":{"rendered":"<p>Kreiranje optimalnog sistema osvetljenja va\u0161e staklene ba\u0161te za nas predstavlja specijalisti\u010dki rad u koji se uklju\u010duju i stru\u010dnjaci za proizvodnju i stru\u010dnjaci za energetiku. Sigurno se pitate da li \u0107e predvi\u0111eni sistem osvetljenja zaista raditi kao \u0161to je planirano? Kada se sistem postavi, mi izvodimo specijalna merenja koja \u0107e precizno pokazati da li va\u0161a oprema [&hellip;]<\/p>\n","protected":false},"author":1,"featured_media":0,"parent":0,"menu_order":0,"comment_status":"open","ping_status":"closed","template":"","meta":{"_acf_changed":false,"_exactmetrics_skip_tracking":false,"_exactmetrics_sitenote_active":false,"_exactmetrics_sitenote_note":"","_exactmetrics_sitenote_category":0,"footnotes":""},"class_list":["post-2374","page","type-page","status-publish","hentry"],"acf":[],"yoast_head":"<!-- This site is optimized with the Yoast SEO plugin v27.4 - https:\/\/yoast.com\/product\/yoast-seo-wordpress\/ -->\n<title>Oprema za osvetljenje - Looije Agro Technics BV<\/title>\n<meta name=\"robots\" content=\"index, follow, max-snippet:-1, max-image-preview:large, max-video-preview:-1\" \/>\n<link rel=\"canonical\" href=\"https:\/\/lat.nl\/sk\/oprema-za-osvetljenje\/\" \/>\n<meta property=\"og:locale\" content=\"sk_SK\" \/>\n<meta property=\"og:type\" content=\"article\" \/>\n<meta property=\"og:title\" content=\"Oprema za osvetljenje - Looije Agro Technics BV\" \/>\n<meta property=\"og:description\" content=\"Kreiranje optimalnog sistema osvetljenja va\u0161e staklene ba\u0161te za nas predstavlja specijalisti\u010dki rad u koji se uklju\u010duju i stru\u010dnjaci za proizvodnju i stru\u010dnjaci za energetiku. Sigurno se pitate da li \u0107e predvi\u0111eni sistem osvetljenja zaista raditi kao \u0161to je planirano? Kada se sistem postavi, mi izvodimo specijalna merenja koja \u0107e precizno pokazati da li va\u0161a oprema [&hellip;]\" \/>\n<meta property=\"og:url\" content=\"https:\/\/lat.nl\/sk\/oprema-za-osvetljenje\/\" \/>\n<meta property=\"og:site_name\" content=\"Looije Agro Technics BV\" \/>\n<meta name=\"twitter:card\" content=\"summary_large_image\" \/>\n<meta name=\"twitter:label1\" content=\"Predpokladan\u00fd \u010das \u010d\u00edtania\" \/>\n\t<meta name=\"twitter:data1\" content=\"1 min\u00fata\" \/>\n<script type=\"application\/ld+json\" class=\"yoast-schema-graph\">{\"@context\":\"https:\\\/\\\/schema.org\",\"@graph\":[{\"@type\":\"WebPage\",\"@id\":\"https:\\\/\\\/lat.nl\\\/sk\\\/oprema-za-osvetljenje\\\/\",\"url\":\"https:\\\/\\\/lat.nl\\\/sk\\\/oprema-za-osvetljenje\\\/\",\"name\":\"Oprema za osvetljenje - Looije Agro Technics BV\",\"isPartOf\":{\"@id\":\"https:\\\/\\\/lat.nl\\\/#website\"},\"datePublished\":\"2018-03-28T12:13:11+00:00\",\"breadcrumb\":{\"@id\":\"https:\\\/\\\/lat.nl\\\/sk\\\/oprema-za-osvetljenje\\\/#breadcrumb\"},\"inLanguage\":\"sk-SK\",\"potentialAction\":[{\"@type\":\"ReadAction\",\"target\":[\"https:\\\/\\\/lat.nl\\\/sk\\\/oprema-za-osvetljenje\\\/\"]}]},{\"@type\":\"BreadcrumbList\",\"@id\":\"https:\\\/\\\/lat.nl\\\/sk\\\/oprema-za-osvetljenje\\\/#breadcrumb\",\"itemListElement\":[{\"@type\":\"ListItem\",\"position\":1,\"name\":\"Home\",\"item\":\"https:\\\/\\\/lat.nl\\\/sk\\\/\"},{\"@type\":\"ListItem\",\"position\":2,\"name\":\"Oprema za osvetljenje\"}]},{\"@type\":\"WebSite\",\"@id\":\"https:\\\/\\\/lat.nl\\\/#website\",\"url\":\"https:\\\/\\\/lat.nl\\\/\",\"name\":\"Looije Agro Technics BV\",\"description\":\"H\u00e9t onafhankelijk bouwmanagementbureau in de glastuinbouwsector\",\"publisher\":{\"@id\":\"https:\\\/\\\/lat.nl\\\/#organization\"},\"potentialAction\":[{\"@type\":\"SearchAction\",\"target\":{\"@type\":\"EntryPoint\",\"urlTemplate\":\"https:\\\/\\\/lat.nl\\\/?s={search_term_string}\"},\"query-input\":{\"@type\":\"PropertyValueSpecification\",\"valueRequired\":true,\"valueName\":\"search_term_string\"}}],\"inLanguage\":\"sk-SK\"},{\"@type\":\"Organization\",\"@id\":\"https:\\\/\\\/lat.nl\\\/#organization\",\"name\":\"Looije Agro Technics BV\",\"url\":\"https:\\\/\\\/lat.nl\\\/\",\"logo\":{\"@type\":\"ImageObject\",\"inLanguage\":\"sk-SK\",\"@id\":\"https:\\\/\\\/lat.nl\\\/#\\\/schema\\\/logo\\\/image\\\/\",\"url\":\"https:\\\/\\\/lat.nl\\\/wp-content\\\/uploads\\\/2018\\\/03\\\/logo.jpg\",\"contentUrl\":\"https:\\\/\\\/lat.nl\\\/wp-content\\\/uploads\\\/2018\\\/03\\\/logo.jpg\",\"width\":319,\"height\":122,\"caption\":\"Looije Agro Technics BV\"},\"image\":{\"@id\":\"https:\\\/\\\/lat.nl\\\/#\\\/schema\\\/logo\\\/image\\\/\"}}]}<\/script>\n<!-- \/ Yoast SEO plugin. -->","yoast_head_json":{"title":"Oprema za osvetljenje - Looije Agro Technics BV","robots":{"index":"index","follow":"follow","max-snippet":"max-snippet:-1","max-image-preview":"max-image-preview:large","max-video-preview":"max-video-preview:-1"},"canonical":"https:\/\/lat.nl\/sk\/oprema-za-osvetljenje\/","og_locale":"sk_SK","og_type":"article","og_title":"Oprema za osvetljenje - Looije Agro Technics BV","og_description":"Kreiranje optimalnog sistema osvetljenja va\u0161e staklene ba\u0161te za nas predstavlja specijalisti\u010dki rad u koji se uklju\u010duju i stru\u010dnjaci za proizvodnju i stru\u010dnjaci za energetiku. Sigurno se pitate da li \u0107e predvi\u0111eni sistem osvetljenja zaista raditi kao \u0161to je planirano? Kada se sistem postavi, mi izvodimo specijalna merenja koja \u0107e precizno pokazati da li va\u0161a oprema [&hellip;]","og_url":"https:\/\/lat.nl\/sk\/oprema-za-osvetljenje\/","og_site_name":"Looije Agro Technics BV","twitter_card":"summary_large_image","twitter_misc":{"Predpokladan\u00fd \u010das \u010d\u00edtania":"1 min\u00fata"},"schema":{"@context":"https:\/\/schema.org","@graph":[{"@type":"WebPage","@id":"https:\/\/lat.nl\/sk\/oprema-za-osvetljenje\/","url":"https:\/\/lat.nl\/sk\/oprema-za-osvetljenje\/","name":"Oprema za osvetljenje - Looije Agro Technics BV","isPartOf":{"@id":"https:\/\/lat.nl\/#website"},"datePublished":"2018-03-28T12:13:11+00:00","breadcrumb":{"@id":"https:\/\/lat.nl\/sk\/oprema-za-osvetljenje\/#breadcrumb"},"inLanguage":"sk-SK","potentialAction":[{"@type":"ReadAction","target":["https:\/\/lat.nl\/sk\/oprema-za-osvetljenje\/"]}]},{"@type":"BreadcrumbList","@id":"https:\/\/lat.nl\/sk\/oprema-za-osvetljenje\/#breadcrumb","itemListElement":[{"@type":"ListItem","position":1,"name":"Home","item":"https:\/\/lat.nl\/sk\/"},{"@type":"ListItem","position":2,"name":"Oprema za osvetljenje"}]},{"@type":"WebSite","@id":"https:\/\/lat.nl\/#website","url":"https:\/\/lat.nl\/","name":"Looije Agro Technics BV","description":"H\u00e9t onafhankelijk bouwmanagementbureau in de glastuinbouwsector","publisher":{"@id":"https:\/\/lat.nl\/#organization"},"potentialAction":[{"@type":"SearchAction","target":{"@type":"EntryPoint","urlTemplate":"https:\/\/lat.nl\/?s={search_term_string}"},"query-input":{"@type":"PropertyValueSpecification","valueRequired":true,"valueName":"search_term_string"}}],"inLanguage":"sk-SK"},{"@type":"Organization","@id":"https:\/\/lat.nl\/#organization","name":"Looije Agro Technics BV","url":"https:\/\/lat.nl\/","logo":{"@type":"ImageObject","inLanguage":"sk-SK","@id":"https:\/\/lat.nl\/#\/schema\/logo\/image\/","url":"https:\/\/lat.nl\/wp-content\/uploads\/2018\/03\/logo.jpg","contentUrl":"https:\/\/lat.nl\/wp-content\/uploads\/2018\/03\/logo.jpg","width":319,"height":122,"caption":"Looije Agro Technics BV"},"image":{"@id":"https:\/\/lat.nl\/#\/schema\/logo\/image\/"}}]}},"_links":{"self":[{"href":"https:\/\/lat.nl\/sk\/wp-json\/wp\/v2\/pages\/2374","targetHints":{"allow":["GET"]}}],"collection":[{"href":"https:\/\/lat.nl\/sk\/wp-json\/wp\/v2\/pages"}],"about":[{"href":"https:\/\/lat.nl\/sk\/wp-json\/wp\/v2\/types\/page"}],"author":[{"embeddable":true,"href":"https:\/\/lat.nl\/sk\/wp-json\/wp\/v2\/users\/1"}],"replies":[{"embeddable":true,"href":"https:\/\/lat.nl\/sk\/wp-json\/wp\/v2\/comments?post=2374"}],"version-history":[{"count":0,"href":"https:\/\/lat.nl\/sk\/wp-json\/wp\/v2\/pages\/2374\/revisions"}],"wp:attachment":[{"href":"https:\/\/lat.nl\/sk\/wp-json\/wp\/v2\/media?parent=2374"}],"curies":[{"name":"wp","href":"https:\/\/api.w.org\/{rel}","templated":true}]}}