{"id":2378,"date":"2018-03-28T12:13:11","date_gmt":"2018-03-28T12:13:11","guid":{"rendered":"https:\/\/lat.nl\/gradevinska-administracija\/"},"modified":"2018-03-28T12:13:11","modified_gmt":"2018-03-28T12:13:11","slug":"gradevinska-administracija","status":"publish","type":"page","link":"https:\/\/lat.nl\/sk\/gradevinska-administracija\/","title":{"rendered":"Gra\u0111evinska administracija"},"content":{"rendered":"<p>Osnova dobrog projekta je i precizno vo\u0111enje gra\u0111evinske administracije. Dobavlja\u010di i izvo\u0111a\u010di radova \u0161alju svoje predra\u010dune i ra\u010dune za zavr\u0161en posao. Mi smo tu da proverimo da li je posao zaista bio ura\u0111en korektno i na vreme, a samo ako je to slu\u010daj, ra\u010duni su odobreni i mogu da se reguli\u0161u.<br \/>\n<BR><BR><br \/>\nTako\u0111e, dodatni dogovori i promene (smanjen ili pove\u0107an obim nekog posla) moraju biti adekvatno evidentirani kako ne bi do\u0161lo do nesporazuma.<br \/>\n<BR><BR><br \/>\nNa\u0161 Looije Agro Technics B.V. tim koji nadzire spolja\u0161nje izvo\u0111enje usluga (radova) \u0107e se pobrinuti za svu va\u0161u gra\u0111evisnku administraciju i nadzor realizacije va\u0161eg projekta. Najjednostavnije re\u010deno, kada vi nama po\u0161aljete kopiju primljenog ra\u010duna dobavlja\u010da, mi vama odgovorimo da li je ra\u010dun u redu, da li je posao ura\u0111en po dogovoru i posavetujemo vas u vezi sa pla\u0107anjem. Samo na ovaj na\u010din \u0107ete biti sigurni da su va\u0161i interesi zaista zastupljeni i da su va\u0161a sredstva pravilno iskori\u0161\u0107ena, odnosno da je va\u0161 gra\u0111evinski projekat i finansijski uspe\u0161an.<\/p>\n","protected":false},"excerpt":{"rendered":"<p>Osnova dobrog projekta je i precizno vo\u0111enje gra\u0111evinske administracije. Dobavlja\u010di i izvo\u0111a\u010di radova \u0161alju svoje predra\u010dune i ra\u010dune za zavr\u0161en posao. Mi smo tu da proverimo da li je posao zaista bio ura\u0111en korektno i na vreme, a samo ako je to slu\u010daj, ra\u010duni su odobreni i mogu da se reguli\u0161u. Tako\u0111e, dodatni dogovori i [&hellip;]<\/p>\n","protected":false},"author":1,"featured_media":0,"parent":0,"menu_order":0,"comment_status":"open","ping_status":"closed","template":"","meta":{"_acf_changed":false,"_exactmetrics_skip_tracking":false,"_exactmetrics_sitenote_active":false,"_exactmetrics_sitenote_note":"","_exactmetrics_sitenote_category":0,"footnotes":""},"class_list":["post-2378","page","type-page","status-publish","hentry"],"acf":[],"yoast_head":"<!-- This site is optimized with the Yoast SEO plugin v27.4 - https:\/\/yoast.com\/product\/yoast-seo-wordpress\/ -->\n<title>Gra\u0111evinska administracija - Looije Agro Technics BV<\/title>\n<meta name=\"robots\" content=\"index, follow, max-snippet:-1, max-image-preview:large, max-video-preview:-1\" \/>\n<link rel=\"canonical\" href=\"https:\/\/lat.nl\/sk\/gradevinska-administracija\/\" \/>\n<meta property=\"og:locale\" content=\"sk_SK\" \/>\n<meta property=\"og:type\" content=\"article\" \/>\n<meta property=\"og:title\" content=\"Gra\u0111evinska administracija - Looije Agro Technics BV\" \/>\n<meta property=\"og:description\" content=\"Osnova dobrog projekta je i precizno vo\u0111enje gra\u0111evinske administracije. Dobavlja\u010di i izvo\u0111a\u010di radova \u0161alju svoje predra\u010dune i ra\u010dune za zavr\u0161en posao. Mi smo tu da proverimo da li je posao zaista bio ura\u0111en korektno i na vreme, a samo ako je to slu\u010daj, ra\u010duni su odobreni i mogu da se reguli\u0161u. Tako\u0111e, dodatni dogovori i [&hellip;]\" \/>\n<meta property=\"og:url\" content=\"https:\/\/lat.nl\/sk\/gradevinska-administracija\/\" \/>\n<meta property=\"og:site_name\" content=\"Looije Agro Technics BV\" \/>\n<meta name=\"twitter:card\" content=\"summary_large_image\" \/>\n<meta name=\"twitter:label1\" content=\"Predpokladan\u00fd \u010das \u010d\u00edtania\" \/>\n\t<meta name=\"twitter:data1\" content=\"1 min\u00fata\" \/>\n<script type=\"application\/ld+json\" class=\"yoast-schema-graph\">{\"@context\":\"https:\\\/\\\/schema.org\",\"@graph\":[{\"@type\":\"WebPage\",\"@id\":\"https:\\\/\\\/lat.nl\\\/sk\\\/gradevinska-administracija\\\/\",\"url\":\"https:\\\/\\\/lat.nl\\\/sk\\\/gradevinska-administracija\\\/\",\"name\":\"Gra\u0111evinska administracija - Looije Agro Technics BV\",\"isPartOf\":{\"@id\":\"https:\\\/\\\/lat.nl\\\/#website\"},\"datePublished\":\"2018-03-28T12:13:11+00:00\",\"breadcrumb\":{\"@id\":\"https:\\\/\\\/lat.nl\\\/sk\\\/gradevinska-administracija\\\/#breadcrumb\"},\"inLanguage\":\"sk-SK\",\"potentialAction\":[{\"@type\":\"ReadAction\",\"target\":[\"https:\\\/\\\/lat.nl\\\/sk\\\/gradevinska-administracija\\\/\"]}]},{\"@type\":\"BreadcrumbList\",\"@id\":\"https:\\\/\\\/lat.nl\\\/sk\\\/gradevinska-administracija\\\/#breadcrumb\",\"itemListElement\":[{\"@type\":\"ListItem\",\"position\":1,\"name\":\"Home\",\"item\":\"https:\\\/\\\/lat.nl\\\/sk\\\/\"},{\"@type\":\"ListItem\",\"position\":2,\"name\":\"Gra\u0111evinska administracija\"}]},{\"@type\":\"WebSite\",\"@id\":\"https:\\\/\\\/lat.nl\\\/#website\",\"url\":\"https:\\\/\\\/lat.nl\\\/\",\"name\":\"Looije Agro Technics BV\",\"description\":\"H\u00e9t onafhankelijk bouwmanagementbureau in de glastuinbouwsector\",\"publisher\":{\"@id\":\"https:\\\/\\\/lat.nl\\\/#organization\"},\"potentialAction\":[{\"@type\":\"SearchAction\",\"target\":{\"@type\":\"EntryPoint\",\"urlTemplate\":\"https:\\\/\\\/lat.nl\\\/?s={search_term_string}\"},\"query-input\":{\"@type\":\"PropertyValueSpecification\",\"valueRequired\":true,\"valueName\":\"search_term_string\"}}],\"inLanguage\":\"sk-SK\"},{\"@type\":\"Organization\",\"@id\":\"https:\\\/\\\/lat.nl\\\/#organization\",\"name\":\"Looije Agro Technics BV\",\"url\":\"https:\\\/\\\/lat.nl\\\/\",\"logo\":{\"@type\":\"ImageObject\",\"inLanguage\":\"sk-SK\",\"@id\":\"https:\\\/\\\/lat.nl\\\/#\\\/schema\\\/logo\\\/image\\\/\",\"url\":\"https:\\\/\\\/lat.nl\\\/wp-content\\\/uploads\\\/2018\\\/03\\\/logo.jpg\",\"contentUrl\":\"https:\\\/\\\/lat.nl\\\/wp-content\\\/uploads\\\/2018\\\/03\\\/logo.jpg\",\"width\":319,\"height\":122,\"caption\":\"Looije Agro Technics BV\"},\"image\":{\"@id\":\"https:\\\/\\\/lat.nl\\\/#\\\/schema\\\/logo\\\/image\\\/\"}}]}<\/script>\n<!-- \/ Yoast SEO plugin. -->","yoast_head_json":{"title":"Gra\u0111evinska administracija - Looije Agro Technics BV","robots":{"index":"index","follow":"follow","max-snippet":"max-snippet:-1","max-image-preview":"max-image-preview:large","max-video-preview":"max-video-preview:-1"},"canonical":"https:\/\/lat.nl\/sk\/gradevinska-administracija\/","og_locale":"sk_SK","og_type":"article","og_title":"Gra\u0111evinska administracija - Looije Agro Technics BV","og_description":"Osnova dobrog projekta je i precizno vo\u0111enje gra\u0111evinske administracije. Dobavlja\u010di i izvo\u0111a\u010di radova \u0161alju svoje predra\u010dune i ra\u010dune za zavr\u0161en posao. Mi smo tu da proverimo da li je posao zaista bio ura\u0111en korektno i na vreme, a samo ako je to slu\u010daj, ra\u010duni su odobreni i mogu da se reguli\u0161u. Tako\u0111e, dodatni dogovori i [&hellip;]","og_url":"https:\/\/lat.nl\/sk\/gradevinska-administracija\/","og_site_name":"Looije Agro Technics BV","twitter_card":"summary_large_image","twitter_misc":{"Predpokladan\u00fd \u010das \u010d\u00edtania":"1 min\u00fata"},"schema":{"@context":"https:\/\/schema.org","@graph":[{"@type":"WebPage","@id":"https:\/\/lat.nl\/sk\/gradevinska-administracija\/","url":"https:\/\/lat.nl\/sk\/gradevinska-administracija\/","name":"Gra\u0111evinska administracija - Looije Agro Technics BV","isPartOf":{"@id":"https:\/\/lat.nl\/#website"},"datePublished":"2018-03-28T12:13:11+00:00","breadcrumb":{"@id":"https:\/\/lat.nl\/sk\/gradevinska-administracija\/#breadcrumb"},"inLanguage":"sk-SK","potentialAction":[{"@type":"ReadAction","target":["https:\/\/lat.nl\/sk\/gradevinska-administracija\/"]}]},{"@type":"BreadcrumbList","@id":"https:\/\/lat.nl\/sk\/gradevinska-administracija\/#breadcrumb","itemListElement":[{"@type":"ListItem","position":1,"name":"Home","item":"https:\/\/lat.nl\/sk\/"},{"@type":"ListItem","position":2,"name":"Gra\u0111evinska administracija"}]},{"@type":"WebSite","@id":"https:\/\/lat.nl\/#website","url":"https:\/\/lat.nl\/","name":"Looije Agro Technics BV","description":"H\u00e9t onafhankelijk bouwmanagementbureau in de glastuinbouwsector","publisher":{"@id":"https:\/\/lat.nl\/#organization"},"potentialAction":[{"@type":"SearchAction","target":{"@type":"EntryPoint","urlTemplate":"https:\/\/lat.nl\/?s={search_term_string}"},"query-input":{"@type":"PropertyValueSpecification","valueRequired":true,"valueName":"search_term_string"}}],"inLanguage":"sk-SK"},{"@type":"Organization","@id":"https:\/\/lat.nl\/#organization","name":"Looije Agro Technics BV","url":"https:\/\/lat.nl\/","logo":{"@type":"ImageObject","inLanguage":"sk-SK","@id":"https:\/\/lat.nl\/#\/schema\/logo\/image\/","url":"https:\/\/lat.nl\/wp-content\/uploads\/2018\/03\/logo.jpg","contentUrl":"https:\/\/lat.nl\/wp-content\/uploads\/2018\/03\/logo.jpg","width":319,"height":122,"caption":"Looije Agro Technics BV"},"image":{"@id":"https:\/\/lat.nl\/#\/schema\/logo\/image\/"}}]}},"_links":{"self":[{"href":"https:\/\/lat.nl\/sk\/wp-json\/wp\/v2\/pages\/2378","targetHints":{"allow":["GET"]}}],"collection":[{"href":"https:\/\/lat.nl\/sk\/wp-json\/wp\/v2\/pages"}],"about":[{"href":"https:\/\/lat.nl\/sk\/wp-json\/wp\/v2\/types\/page"}],"author":[{"embeddable":true,"href":"https:\/\/lat.nl\/sk\/wp-json\/wp\/v2\/users\/1"}],"replies":[{"embeddable":true,"href":"https:\/\/lat.nl\/sk\/wp-json\/wp\/v2\/comments?post=2378"}],"version-history":[{"count":0,"href":"https:\/\/lat.nl\/sk\/wp-json\/wp\/v2\/pages\/2378\/revisions"}],"wp:attachment":[{"href":"https:\/\/lat.nl\/sk\/wp-json\/wp\/v2\/media?parent=2378"}],"curies":[{"name":"wp","href":"https:\/\/api.w.org\/{rel}","templated":true}]}}