{"id":2384,"date":"2018-03-28T12:13:11","date_gmt":"2018-03-28T12:13:11","guid":{"rendered":"https:\/\/lat.nl\/priprema-terena-za-izgradnju\/"},"modified":"2018-03-28T12:13:11","modified_gmt":"2018-03-28T12:13:11","slug":"priprema-terena-za-izgradnju","status":"publish","type":"page","link":"https:\/\/lat.nl\/sk\/priprema-terena-za-izgradnju\/","title":{"rendered":"Priprema terena za izgradnju"},"content":{"rendered":"<p>Priprema terena za izgradnju je osnovni korak u pripremi gra\u0111evinskih radova. Temelj se postavlja na osnovu crte\u017ea\/nacrta koji spremaju stru\u010dnjaci iz Looije Agro Technics B.V.. Za to koristimo specijalni visoko-tehnolo\u0161ki softver. Temelj mo\u017ee da se postavi na terenu gde se uklanja ili dodaje zemlja (ponovna upotreba zemlje), a ovaj softver nam omogu\u0107ava da precizno izra\u010dunamo koliko je zemlje potrebno za kopanje basena, jame ili nagiba za staklenik.<\/p>\n<p> \u010cak i kada temelj postavljaju drugi izvo\u0111a\u010di radova, u na\u0161em planu je pa\u017eljivo opisano \u0161ta treba da se uradi. Dakle, izvo\u0111a\u010di radova, koje sami birate prethodno, na osnovu na\u0161eg detaljnog opisa projekta, za vas pripremaju precize ponude, koje su samo zahvaljuju\u0107i na\u0161em dobrom opisu bez gre\u0161ke. Nakon prijema svih ponuda, mi \u0107emo se pobrinuti da su sve ponude u takvom obliku da mogu jednostavno da se uporede. Ako je to potrebno, dobavlja\u010dima \u0107emo postaviti i dodatna pitanja, koja \u0107e vam pomo\u0107i prilikom odabira ponude. Tako\u0111e, nudimo vam i pravne savete, odnosno pomoc\u0301 prilikom sastavljanja i sklapanja ugovora. Na kraju c\u0301emo se pobrinuti i za to da se svi va\u0161i ugovori i dogovori i u praksi po\u0161tuju. <\/p>\n<p> Dakle, rad na terenu \u0107e proveravati na\u0161a, za to specijalizovana slu\u017eba. Redovno \u0107emo proveravati da li je sve kao po dogovoru. Do te mere se detaljno sve proverava, da se izvode i merenje uz pomoc\u0301 najmodernije geodetske opreme. Samo ako su rezultati merenja u skladu sa \u017eeljenim ciljevima, izgradnja va\u0161eg projekta mo\u017ee da po\u010dne. U ovoj fazi je na\u0161 moto: \u201cTri puta meri \u2013 jednom seci!\u201d<\/p>\n","protected":false},"excerpt":{"rendered":"<p>Priprema terena za izgradnju je osnovni korak u pripremi gra\u0111evinskih radova. Temelj se postavlja na osnovu crte\u017ea\/nacrta koji spremaju stru\u010dnjaci iz Looije Agro Technics B.V.. Za to koristimo specijalni visoko-tehnolo\u0161ki softver. Temelj mo\u017ee da se postavi na terenu gde se uklanja ili dodaje zemlja (ponovna upotreba zemlje), a ovaj softver nam omogu\u0107ava da precizno izra\u010dunamo [&hellip;]<\/p>\n","protected":false},"author":1,"featured_media":0,"parent":0,"menu_order":0,"comment_status":"open","ping_status":"closed","template":"","meta":{"_acf_changed":false,"_exactmetrics_skip_tracking":false,"_exactmetrics_sitenote_active":false,"_exactmetrics_sitenote_note":"","_exactmetrics_sitenote_category":0,"footnotes":""},"class_list":["post-2384","page","type-page","status-publish","hentry"],"acf":[],"yoast_head":"<!-- This site is optimized with the Yoast SEO plugin v27.3 - https:\/\/yoast.com\/product\/yoast-seo-wordpress\/ -->\n<title>Priprema terena za izgradnju - Looije Agro Technics BV<\/title>\n<meta name=\"robots\" content=\"index, follow, max-snippet:-1, max-image-preview:large, max-video-preview:-1\" \/>\n<link rel=\"canonical\" href=\"https:\/\/lat.nl\/sk\/priprema-terena-za-izgradnju\/\" \/>\n<meta property=\"og:locale\" content=\"sk_SK\" \/>\n<meta property=\"og:type\" content=\"article\" \/>\n<meta property=\"og:title\" content=\"Priprema terena za izgradnju - Looije Agro Technics BV\" \/>\n<meta property=\"og:description\" content=\"Priprema terena za izgradnju je osnovni korak u pripremi gra\u0111evinskih radova. Temelj se postavlja na osnovu crte\u017ea\/nacrta koji spremaju stru\u010dnjaci iz Looije Agro Technics B.V.. Za to koristimo specijalni visoko-tehnolo\u0161ki softver. Temelj mo\u017ee da se postavi na terenu gde se uklanja ili dodaje zemlja (ponovna upotreba zemlje), a ovaj softver nam omogu\u0107ava da precizno izra\u010dunamo [&hellip;]\" \/>\n<meta property=\"og:url\" content=\"https:\/\/lat.nl\/sk\/priprema-terena-za-izgradnju\/\" \/>\n<meta property=\"og:site_name\" content=\"Looije Agro Technics BV\" \/>\n<meta name=\"twitter:card\" content=\"summary_large_image\" \/>\n<meta name=\"twitter:label1\" content=\"Predpokladan\u00fd \u010das \u010d\u00edtania\" \/>\n\t<meta name=\"twitter:data1\" content=\"1 min\u00fata\" \/>\n<script type=\"application\/ld+json\" class=\"yoast-schema-graph\">{\"@context\":\"https:\\\/\\\/schema.org\",\"@graph\":[{\"@type\":\"WebPage\",\"@id\":\"https:\\\/\\\/lat.nl\\\/sk\\\/priprema-terena-za-izgradnju\\\/\",\"url\":\"https:\\\/\\\/lat.nl\\\/sk\\\/priprema-terena-za-izgradnju\\\/\",\"name\":\"Priprema terena za izgradnju - Looije Agro Technics BV\",\"isPartOf\":{\"@id\":\"https:\\\/\\\/lat.nl\\\/#website\"},\"datePublished\":\"2018-03-28T12:13:11+00:00\",\"breadcrumb\":{\"@id\":\"https:\\\/\\\/lat.nl\\\/sk\\\/priprema-terena-za-izgradnju\\\/#breadcrumb\"},\"inLanguage\":\"sk-SK\",\"potentialAction\":[{\"@type\":\"ReadAction\",\"target\":[\"https:\\\/\\\/lat.nl\\\/sk\\\/priprema-terena-za-izgradnju\\\/\"]}]},{\"@type\":\"BreadcrumbList\",\"@id\":\"https:\\\/\\\/lat.nl\\\/sk\\\/priprema-terena-za-izgradnju\\\/#breadcrumb\",\"itemListElement\":[{\"@type\":\"ListItem\",\"position\":1,\"name\":\"Home\",\"item\":\"https:\\\/\\\/lat.nl\\\/sk\\\/\"},{\"@type\":\"ListItem\",\"position\":2,\"name\":\"Priprema terena za izgradnju\"}]},{\"@type\":\"WebSite\",\"@id\":\"https:\\\/\\\/lat.nl\\\/#website\",\"url\":\"https:\\\/\\\/lat.nl\\\/\",\"name\":\"Looije Agro Technics BV\",\"description\":\"H\u00e9t onafhankelijk bouwmanagementbureau in de glastuinbouwsector\",\"publisher\":{\"@id\":\"https:\\\/\\\/lat.nl\\\/#organization\"},\"potentialAction\":[{\"@type\":\"SearchAction\",\"target\":{\"@type\":\"EntryPoint\",\"urlTemplate\":\"https:\\\/\\\/lat.nl\\\/?s={search_term_string}\"},\"query-input\":{\"@type\":\"PropertyValueSpecification\",\"valueRequired\":true,\"valueName\":\"search_term_string\"}}],\"inLanguage\":\"sk-SK\"},{\"@type\":\"Organization\",\"@id\":\"https:\\\/\\\/lat.nl\\\/#organization\",\"name\":\"Looije Agro Technics BV\",\"url\":\"https:\\\/\\\/lat.nl\\\/\",\"logo\":{\"@type\":\"ImageObject\",\"inLanguage\":\"sk-SK\",\"@id\":\"https:\\\/\\\/lat.nl\\\/#\\\/schema\\\/logo\\\/image\\\/\",\"url\":\"https:\\\/\\\/lat.nl\\\/wp-content\\\/uploads\\\/2018\\\/03\\\/logo.jpg\",\"contentUrl\":\"https:\\\/\\\/lat.nl\\\/wp-content\\\/uploads\\\/2018\\\/03\\\/logo.jpg\",\"width\":319,\"height\":122,\"caption\":\"Looije Agro Technics BV\"},\"image\":{\"@id\":\"https:\\\/\\\/lat.nl\\\/#\\\/schema\\\/logo\\\/image\\\/\"}}]}<\/script>\n<!-- \/ Yoast SEO plugin. -->","yoast_head_json":{"title":"Priprema terena za izgradnju - Looije Agro Technics BV","robots":{"index":"index","follow":"follow","max-snippet":"max-snippet:-1","max-image-preview":"max-image-preview:large","max-video-preview":"max-video-preview:-1"},"canonical":"https:\/\/lat.nl\/sk\/priprema-terena-za-izgradnju\/","og_locale":"sk_SK","og_type":"article","og_title":"Priprema terena za izgradnju - Looije Agro Technics BV","og_description":"Priprema terena za izgradnju je osnovni korak u pripremi gra\u0111evinskih radova. Temelj se postavlja na osnovu crte\u017ea\/nacrta koji spremaju stru\u010dnjaci iz Looije Agro Technics B.V.. Za to koristimo specijalni visoko-tehnolo\u0161ki softver. Temelj mo\u017ee da se postavi na terenu gde se uklanja ili dodaje zemlja (ponovna upotreba zemlje), a ovaj softver nam omogu\u0107ava da precizno izra\u010dunamo [&hellip;]","og_url":"https:\/\/lat.nl\/sk\/priprema-terena-za-izgradnju\/","og_site_name":"Looije Agro Technics BV","twitter_card":"summary_large_image","twitter_misc":{"Predpokladan\u00fd \u010das \u010d\u00edtania":"1 min\u00fata"},"schema":{"@context":"https:\/\/schema.org","@graph":[{"@type":"WebPage","@id":"https:\/\/lat.nl\/sk\/priprema-terena-za-izgradnju\/","url":"https:\/\/lat.nl\/sk\/priprema-terena-za-izgradnju\/","name":"Priprema terena za izgradnju - Looije Agro Technics BV","isPartOf":{"@id":"https:\/\/lat.nl\/#website"},"datePublished":"2018-03-28T12:13:11+00:00","breadcrumb":{"@id":"https:\/\/lat.nl\/sk\/priprema-terena-za-izgradnju\/#breadcrumb"},"inLanguage":"sk-SK","potentialAction":[{"@type":"ReadAction","target":["https:\/\/lat.nl\/sk\/priprema-terena-za-izgradnju\/"]}]},{"@type":"BreadcrumbList","@id":"https:\/\/lat.nl\/sk\/priprema-terena-za-izgradnju\/#breadcrumb","itemListElement":[{"@type":"ListItem","position":1,"name":"Home","item":"https:\/\/lat.nl\/sk\/"},{"@type":"ListItem","position":2,"name":"Priprema terena za izgradnju"}]},{"@type":"WebSite","@id":"https:\/\/lat.nl\/#website","url":"https:\/\/lat.nl\/","name":"Looije Agro Technics BV","description":"H\u00e9t onafhankelijk bouwmanagementbureau in de glastuinbouwsector","publisher":{"@id":"https:\/\/lat.nl\/#organization"},"potentialAction":[{"@type":"SearchAction","target":{"@type":"EntryPoint","urlTemplate":"https:\/\/lat.nl\/?s={search_term_string}"},"query-input":{"@type":"PropertyValueSpecification","valueRequired":true,"valueName":"search_term_string"}}],"inLanguage":"sk-SK"},{"@type":"Organization","@id":"https:\/\/lat.nl\/#organization","name":"Looije Agro Technics BV","url":"https:\/\/lat.nl\/","logo":{"@type":"ImageObject","inLanguage":"sk-SK","@id":"https:\/\/lat.nl\/#\/schema\/logo\/image\/","url":"https:\/\/lat.nl\/wp-content\/uploads\/2018\/03\/logo.jpg","contentUrl":"https:\/\/lat.nl\/wp-content\/uploads\/2018\/03\/logo.jpg","width":319,"height":122,"caption":"Looije Agro Technics BV"},"image":{"@id":"https:\/\/lat.nl\/#\/schema\/logo\/image\/"}}]}},"_links":{"self":[{"href":"https:\/\/lat.nl\/sk\/wp-json\/wp\/v2\/pages\/2384","targetHints":{"allow":["GET"]}}],"collection":[{"href":"https:\/\/lat.nl\/sk\/wp-json\/wp\/v2\/pages"}],"about":[{"href":"https:\/\/lat.nl\/sk\/wp-json\/wp\/v2\/types\/page"}],"author":[{"embeddable":true,"href":"https:\/\/lat.nl\/sk\/wp-json\/wp\/v2\/users\/1"}],"replies":[{"embeddable":true,"href":"https:\/\/lat.nl\/sk\/wp-json\/wp\/v2\/comments?post=2384"}],"version-history":[{"count":0,"href":"https:\/\/lat.nl\/sk\/wp-json\/wp\/v2\/pages\/2384\/revisions"}],"wp:attachment":[{"href":"https:\/\/lat.nl\/sk\/wp-json\/wp\/v2\/media?parent=2384"}],"curies":[{"name":"wp","href":"https:\/\/api.w.org\/{rel}","templated":true}]}}