{"id":2386,"date":"2018-03-28T12:13:11","date_gmt":"2018-03-28T12:13:11","guid":{"rendered":"https:\/\/lat.nl\/gradevinski-sastanci\/"},"modified":"2018-03-28T12:13:11","modified_gmt":"2018-03-28T12:13:11","slug":"gradevinski-sastanci","status":"publish","type":"page","link":"https:\/\/lat.nl\/sk\/gradevinski-sastanci\/","title":{"rendered":"Gra\u0111evinski sastanci"},"content":{"rendered":"<p>Uvek postoji nekoliko dobavlja\u010da ili izvo\u0111a\u010da radova koji su uklju\u010deni u samu izgradnju. Jako je bitno da se sa svim izvo\u0111a\u010dima sklope jasni i precizni dogovori (ugovori). Looije Agro Technics B.V. preduzima posebne mere i brine za celokupnu organizaciju svih sastanaka i dogovaranja sa dobavlja\u010dima i izvo\u0111a\u010dima radova, u smislu organizacije i nadzora same izgradnje. Na ovim gra\u0111evinskim sastancima se dogovaraju i uskla\u0111uju sve gra\u0111evinske aktivnosti.<br \/>\n<BR><BR><br \/>\nPored na\u0161ih stru\u010dnjaka za pregovaranja i planiranje, na\u0161 tim za \u201cZdravlje i bezbednost\u201d se tako\u0111e uklju\u010duje u rad. Vi kao naru\u010dilac posla ste odgovorni za to da se va\u0161 projekat izvodi bezbedno, a mi \u0107emo se pobinuti da je to zaista tako.<br \/>\n<BR><BR><br \/>\nNa gra\u0111evinskim sastancima se ugovaraju i mogu\u0107e promene u smislu smanjenja ili pove\u0107anja obima posla. Looije Agro Technics B.V. \u0107e se pobrinuti za to da su sve promene prethodnih dogovora zabele\u017ee u okviru unificiranih i jasnih izve\u0161taja u kojima su zabele\u017eeni i tro\u0161kovni detalji u vezi sa promenama. Na ovaj na\u010din \u0107ete izbe\u0107i mnoge mogu\u0107e probleme i nesporazume.<\/p>\n","protected":false},"excerpt":{"rendered":"<p>Uvek postoji nekoliko dobavlja\u010da ili izvo\u0111a\u010da radova koji su uklju\u010deni u samu izgradnju. Jako je bitno da se sa svim izvo\u0111a\u010dima sklope jasni i precizni dogovori (ugovori). Looije Agro Technics B.V. preduzima posebne mere i brine za celokupnu organizaciju svih sastanaka i dogovaranja sa dobavlja\u010dima i izvo\u0111a\u010dima radova, u smislu organizacije i nadzora same izgradnje. [&hellip;]<\/p>\n","protected":false},"author":1,"featured_media":0,"parent":0,"menu_order":0,"comment_status":"open","ping_status":"closed","template":"","meta":{"_acf_changed":false,"_exactmetrics_skip_tracking":false,"_exactmetrics_sitenote_active":false,"_exactmetrics_sitenote_note":"","_exactmetrics_sitenote_category":0,"footnotes":""},"class_list":["post-2386","page","type-page","status-publish","hentry"],"acf":[],"yoast_head":"<!-- This site is optimized with the Yoast SEO plugin v27.3 - https:\/\/yoast.com\/product\/yoast-seo-wordpress\/ -->\n<title>Gra\u0111evinski sastanci - Looije Agro Technics BV<\/title>\n<meta name=\"robots\" content=\"index, follow, max-snippet:-1, max-image-preview:large, max-video-preview:-1\" \/>\n<link rel=\"canonical\" href=\"https:\/\/lat.nl\/sk\/gradevinski-sastanci\/\" \/>\n<meta property=\"og:locale\" content=\"sk_SK\" \/>\n<meta property=\"og:type\" content=\"article\" \/>\n<meta property=\"og:title\" content=\"Gra\u0111evinski sastanci - Looije Agro Technics BV\" \/>\n<meta property=\"og:description\" content=\"Uvek postoji nekoliko dobavlja\u010da ili izvo\u0111a\u010da radova koji su uklju\u010deni u samu izgradnju. Jako je bitno da se sa svim izvo\u0111a\u010dima sklope jasni i precizni dogovori (ugovori). Looije Agro Technics B.V. preduzima posebne mere i brine za celokupnu organizaciju svih sastanaka i dogovaranja sa dobavlja\u010dima i izvo\u0111a\u010dima radova, u smislu organizacije i nadzora same izgradnje. [&hellip;]\" \/>\n<meta property=\"og:url\" content=\"https:\/\/lat.nl\/sk\/gradevinski-sastanci\/\" \/>\n<meta property=\"og:site_name\" content=\"Looije Agro Technics BV\" \/>\n<meta name=\"twitter:card\" content=\"summary_large_image\" \/>\n<meta name=\"twitter:label1\" content=\"Predpokladan\u00fd \u010das \u010d\u00edtania\" \/>\n\t<meta name=\"twitter:data1\" content=\"1 min\u00fata\" \/>\n<script type=\"application\/ld+json\" class=\"yoast-schema-graph\">{\"@context\":\"https:\\\/\\\/schema.org\",\"@graph\":[{\"@type\":\"WebPage\",\"@id\":\"https:\\\/\\\/lat.nl\\\/sk\\\/gradevinski-sastanci\\\/\",\"url\":\"https:\\\/\\\/lat.nl\\\/sk\\\/gradevinski-sastanci\\\/\",\"name\":\"Gra\u0111evinski sastanci - Looije Agro Technics BV\",\"isPartOf\":{\"@id\":\"https:\\\/\\\/lat.nl\\\/#website\"},\"datePublished\":\"2018-03-28T12:13:11+00:00\",\"breadcrumb\":{\"@id\":\"https:\\\/\\\/lat.nl\\\/sk\\\/gradevinski-sastanci\\\/#breadcrumb\"},\"inLanguage\":\"sk-SK\",\"potentialAction\":[{\"@type\":\"ReadAction\",\"target\":[\"https:\\\/\\\/lat.nl\\\/sk\\\/gradevinski-sastanci\\\/\"]}]},{\"@type\":\"BreadcrumbList\",\"@id\":\"https:\\\/\\\/lat.nl\\\/sk\\\/gradevinski-sastanci\\\/#breadcrumb\",\"itemListElement\":[{\"@type\":\"ListItem\",\"position\":1,\"name\":\"Home\",\"item\":\"https:\\\/\\\/lat.nl\\\/sk\\\/\"},{\"@type\":\"ListItem\",\"position\":2,\"name\":\"Gra\u0111evinski sastanci\"}]},{\"@type\":\"WebSite\",\"@id\":\"https:\\\/\\\/lat.nl\\\/#website\",\"url\":\"https:\\\/\\\/lat.nl\\\/\",\"name\":\"Looije Agro Technics BV\",\"description\":\"H\u00e9t onafhankelijk bouwmanagementbureau in de glastuinbouwsector\",\"publisher\":{\"@id\":\"https:\\\/\\\/lat.nl\\\/#organization\"},\"potentialAction\":[{\"@type\":\"SearchAction\",\"target\":{\"@type\":\"EntryPoint\",\"urlTemplate\":\"https:\\\/\\\/lat.nl\\\/?s={search_term_string}\"},\"query-input\":{\"@type\":\"PropertyValueSpecification\",\"valueRequired\":true,\"valueName\":\"search_term_string\"}}],\"inLanguage\":\"sk-SK\"},{\"@type\":\"Organization\",\"@id\":\"https:\\\/\\\/lat.nl\\\/#organization\",\"name\":\"Looije Agro Technics BV\",\"url\":\"https:\\\/\\\/lat.nl\\\/\",\"logo\":{\"@type\":\"ImageObject\",\"inLanguage\":\"sk-SK\",\"@id\":\"https:\\\/\\\/lat.nl\\\/#\\\/schema\\\/logo\\\/image\\\/\",\"url\":\"https:\\\/\\\/lat.nl\\\/wp-content\\\/uploads\\\/2018\\\/03\\\/logo.jpg\",\"contentUrl\":\"https:\\\/\\\/lat.nl\\\/wp-content\\\/uploads\\\/2018\\\/03\\\/logo.jpg\",\"width\":319,\"height\":122,\"caption\":\"Looije Agro Technics BV\"},\"image\":{\"@id\":\"https:\\\/\\\/lat.nl\\\/#\\\/schema\\\/logo\\\/image\\\/\"}}]}<\/script>\n<!-- \/ Yoast SEO plugin. -->","yoast_head_json":{"title":"Gra\u0111evinski sastanci - Looije Agro Technics BV","robots":{"index":"index","follow":"follow","max-snippet":"max-snippet:-1","max-image-preview":"max-image-preview:large","max-video-preview":"max-video-preview:-1"},"canonical":"https:\/\/lat.nl\/sk\/gradevinski-sastanci\/","og_locale":"sk_SK","og_type":"article","og_title":"Gra\u0111evinski sastanci - Looije Agro Technics BV","og_description":"Uvek postoji nekoliko dobavlja\u010da ili izvo\u0111a\u010da radova koji su uklju\u010deni u samu izgradnju. Jako je bitno da se sa svim izvo\u0111a\u010dima sklope jasni i precizni dogovori (ugovori). Looije Agro Technics B.V. preduzima posebne mere i brine za celokupnu organizaciju svih sastanaka i dogovaranja sa dobavlja\u010dima i izvo\u0111a\u010dima radova, u smislu organizacije i nadzora same izgradnje. [&hellip;]","og_url":"https:\/\/lat.nl\/sk\/gradevinski-sastanci\/","og_site_name":"Looije Agro Technics BV","twitter_card":"summary_large_image","twitter_misc":{"Predpokladan\u00fd \u010das \u010d\u00edtania":"1 min\u00fata"},"schema":{"@context":"https:\/\/schema.org","@graph":[{"@type":"WebPage","@id":"https:\/\/lat.nl\/sk\/gradevinski-sastanci\/","url":"https:\/\/lat.nl\/sk\/gradevinski-sastanci\/","name":"Gra\u0111evinski sastanci - Looije Agro Technics BV","isPartOf":{"@id":"https:\/\/lat.nl\/#website"},"datePublished":"2018-03-28T12:13:11+00:00","breadcrumb":{"@id":"https:\/\/lat.nl\/sk\/gradevinski-sastanci\/#breadcrumb"},"inLanguage":"sk-SK","potentialAction":[{"@type":"ReadAction","target":["https:\/\/lat.nl\/sk\/gradevinski-sastanci\/"]}]},{"@type":"BreadcrumbList","@id":"https:\/\/lat.nl\/sk\/gradevinski-sastanci\/#breadcrumb","itemListElement":[{"@type":"ListItem","position":1,"name":"Home","item":"https:\/\/lat.nl\/sk\/"},{"@type":"ListItem","position":2,"name":"Gra\u0111evinski sastanci"}]},{"@type":"WebSite","@id":"https:\/\/lat.nl\/#website","url":"https:\/\/lat.nl\/","name":"Looije Agro Technics BV","description":"H\u00e9t onafhankelijk bouwmanagementbureau in de glastuinbouwsector","publisher":{"@id":"https:\/\/lat.nl\/#organization"},"potentialAction":[{"@type":"SearchAction","target":{"@type":"EntryPoint","urlTemplate":"https:\/\/lat.nl\/?s={search_term_string}"},"query-input":{"@type":"PropertyValueSpecification","valueRequired":true,"valueName":"search_term_string"}}],"inLanguage":"sk-SK"},{"@type":"Organization","@id":"https:\/\/lat.nl\/#organization","name":"Looije Agro Technics BV","url":"https:\/\/lat.nl\/","logo":{"@type":"ImageObject","inLanguage":"sk-SK","@id":"https:\/\/lat.nl\/#\/schema\/logo\/image\/","url":"https:\/\/lat.nl\/wp-content\/uploads\/2018\/03\/logo.jpg","contentUrl":"https:\/\/lat.nl\/wp-content\/uploads\/2018\/03\/logo.jpg","width":319,"height":122,"caption":"Looije Agro Technics BV"},"image":{"@id":"https:\/\/lat.nl\/#\/schema\/logo\/image\/"}}]}},"_links":{"self":[{"href":"https:\/\/lat.nl\/sk\/wp-json\/wp\/v2\/pages\/2386","targetHints":{"allow":["GET"]}}],"collection":[{"href":"https:\/\/lat.nl\/sk\/wp-json\/wp\/v2\/pages"}],"about":[{"href":"https:\/\/lat.nl\/sk\/wp-json\/wp\/v2\/types\/page"}],"author":[{"embeddable":true,"href":"https:\/\/lat.nl\/sk\/wp-json\/wp\/v2\/users\/1"}],"replies":[{"embeddable":true,"href":"https:\/\/lat.nl\/sk\/wp-json\/wp\/v2\/comments?post=2386"}],"version-history":[{"count":0,"href":"https:\/\/lat.nl\/sk\/wp-json\/wp\/v2\/pages\/2386\/revisions"}],"wp:attachment":[{"href":"https:\/\/lat.nl\/sk\/wp-json\/wp\/v2\/media?parent=2386"}],"curies":[{"name":"wp","href":"https:\/\/api.w.org\/{rel}","templated":true}]}}