{"id":2388,"date":"2018-03-28T12:13:11","date_gmt":"2018-03-28T12:13:11","guid":{"rendered":"https:\/\/lat.nl\/gradevinske-dozvole\/"},"modified":"2018-03-28T12:13:11","modified_gmt":"2018-03-28T12:13:11","slug":"gradevinske-dozvole","status":"publish","type":"page","link":"https:\/\/lat.nl\/sk\/gradevinske-dozvole\/","title":{"rendered":"Gra\u0111evinske dozvole"},"content":{"rendered":"<p>Gra\u0111evinske dozvole su naj\u010de\u0161\u0107e obavezne ako \u017eelite da izgradite staklenu ba\u0161tu, poslovni objekat, bafer rezervoar, kogeneracioni modul ili neki drugi gra\u0111evinski objekat. Procedura vezana za ove gra\u0111evinske dozvole se propisuje u razli\u010ditim zakonskim propisima i odredbama koje variraju od zemlje do zemlje i od dr\u017eave do dr\u017eave.<\/p>\n<p> Va\u0161 projekat c\u0301e biti \u201cpreveden\u201d u jasan nacrt i precizan plan izgradnje, uklju\u010dujuc\u0301i sve neophodne elemente, kao \u0161to su: tlocrte, konstrukcijski prora\u010duni, fizi\u010dki prora\u010duni konstrukcije, vatrogasni prora\u010duni opterec\u0301enja i svi drugi relevantni izvje\u0161taji. Looije Agro Technics B.V. zapo\u0161ljava svoje projektante i arhitekte, a sve aktivnosti c\u0301e biti izvedene na \u0161to je moguc\u0301e jednostavniji na\u010din i mi c\u0301emo u\u010diniti sve ono \u0161to je potrebno da va\u0161 projekat dobije adekvatne dozvole. Uradi\u0107emo upravo ono \u0161to je potrebno i ni\u0161ta vi\u0161e, niti i\u0161ta manje.<\/p>\n<p> U ranoj fazi, ako je to potrebno, sara\u0111iva\u0107emo i sa lokalnim stru\u010dnjacima \u2013 recimo sa arhitektama, projektantima, dizajnerima ili tehni\u010dkim ekspertima za planiranje. Mo\u0107, uticaj i ugled lokalnih eksperata potkrepljeni sa na\u0161im ekspertizama iz oblasti staklenih ba\u0161ti predstavljaju dobitnu kombinaciju.<\/p>\n","protected":false},"excerpt":{"rendered":"<p>Gra\u0111evinske dozvole su naj\u010de\u0161\u0107e obavezne ako \u017eelite da izgradite staklenu ba\u0161tu, poslovni objekat, bafer rezervoar, kogeneracioni modul ili neki drugi gra\u0111evinski objekat. Procedura vezana za ove gra\u0111evinske dozvole se propisuje u razli\u010ditim zakonskim propisima i odredbama koje variraju od zemlje do zemlje i od dr\u017eave do dr\u017eave. Va\u0161 projekat c\u0301e biti \u201cpreveden\u201d u jasan nacrt [&hellip;]<\/p>\n","protected":false},"author":1,"featured_media":0,"parent":0,"menu_order":0,"comment_status":"open","ping_status":"closed","template":"","meta":{"_acf_changed":false,"_exactmetrics_skip_tracking":false,"_exactmetrics_sitenote_active":false,"_exactmetrics_sitenote_note":"","_exactmetrics_sitenote_category":0,"footnotes":""},"class_list":["post-2388","page","type-page","status-publish","hentry"],"acf":[],"yoast_head":"<!-- This site is optimized with the Yoast SEO plugin v27.3 - https:\/\/yoast.com\/product\/yoast-seo-wordpress\/ -->\n<title>Gra\u0111evinske dozvole - Looije Agro Technics BV<\/title>\n<meta name=\"robots\" content=\"index, follow, max-snippet:-1, max-image-preview:large, max-video-preview:-1\" \/>\n<link rel=\"canonical\" href=\"https:\/\/lat.nl\/sk\/gradevinske-dozvole\/\" \/>\n<meta property=\"og:locale\" content=\"sk_SK\" \/>\n<meta property=\"og:type\" content=\"article\" \/>\n<meta property=\"og:title\" content=\"Gra\u0111evinske dozvole - Looije Agro Technics BV\" \/>\n<meta property=\"og:description\" content=\"Gra\u0111evinske dozvole su naj\u010de\u0161\u0107e obavezne ako \u017eelite da izgradite staklenu ba\u0161tu, poslovni objekat, bafer rezervoar, kogeneracioni modul ili neki drugi gra\u0111evinski objekat. Procedura vezana za ove gra\u0111evinske dozvole se propisuje u razli\u010ditim zakonskim propisima i odredbama koje variraju od zemlje do zemlje i od dr\u017eave do dr\u017eave. Va\u0161 projekat c\u0301e biti \u201cpreveden\u201d u jasan nacrt [&hellip;]\" \/>\n<meta property=\"og:url\" content=\"https:\/\/lat.nl\/sk\/gradevinske-dozvole\/\" \/>\n<meta property=\"og:site_name\" content=\"Looije Agro Technics BV\" \/>\n<meta name=\"twitter:card\" content=\"summary_large_image\" \/>\n<meta name=\"twitter:label1\" content=\"Predpokladan\u00fd \u010das \u010d\u00edtania\" \/>\n\t<meta name=\"twitter:data1\" content=\"1 min\u00fata\" \/>\n<script type=\"application\/ld+json\" class=\"yoast-schema-graph\">{\"@context\":\"https:\\\/\\\/schema.org\",\"@graph\":[{\"@type\":\"WebPage\",\"@id\":\"https:\\\/\\\/lat.nl\\\/sk\\\/gradevinske-dozvole\\\/\",\"url\":\"https:\\\/\\\/lat.nl\\\/sk\\\/gradevinske-dozvole\\\/\",\"name\":\"Gra\u0111evinske dozvole - Looije Agro Technics BV\",\"isPartOf\":{\"@id\":\"https:\\\/\\\/lat.nl\\\/#website\"},\"datePublished\":\"2018-03-28T12:13:11+00:00\",\"breadcrumb\":{\"@id\":\"https:\\\/\\\/lat.nl\\\/sk\\\/gradevinske-dozvole\\\/#breadcrumb\"},\"inLanguage\":\"sk-SK\",\"potentialAction\":[{\"@type\":\"ReadAction\",\"target\":[\"https:\\\/\\\/lat.nl\\\/sk\\\/gradevinske-dozvole\\\/\"]}]},{\"@type\":\"BreadcrumbList\",\"@id\":\"https:\\\/\\\/lat.nl\\\/sk\\\/gradevinske-dozvole\\\/#breadcrumb\",\"itemListElement\":[{\"@type\":\"ListItem\",\"position\":1,\"name\":\"Home\",\"item\":\"https:\\\/\\\/lat.nl\\\/sk\\\/\"},{\"@type\":\"ListItem\",\"position\":2,\"name\":\"Gra\u0111evinske dozvole\"}]},{\"@type\":\"WebSite\",\"@id\":\"https:\\\/\\\/lat.nl\\\/#website\",\"url\":\"https:\\\/\\\/lat.nl\\\/\",\"name\":\"Looije Agro Technics BV\",\"description\":\"H\u00e9t onafhankelijk bouwmanagementbureau in de glastuinbouwsector\",\"publisher\":{\"@id\":\"https:\\\/\\\/lat.nl\\\/#organization\"},\"potentialAction\":[{\"@type\":\"SearchAction\",\"target\":{\"@type\":\"EntryPoint\",\"urlTemplate\":\"https:\\\/\\\/lat.nl\\\/?s={search_term_string}\"},\"query-input\":{\"@type\":\"PropertyValueSpecification\",\"valueRequired\":true,\"valueName\":\"search_term_string\"}}],\"inLanguage\":\"sk-SK\"},{\"@type\":\"Organization\",\"@id\":\"https:\\\/\\\/lat.nl\\\/#organization\",\"name\":\"Looije Agro Technics BV\",\"url\":\"https:\\\/\\\/lat.nl\\\/\",\"logo\":{\"@type\":\"ImageObject\",\"inLanguage\":\"sk-SK\",\"@id\":\"https:\\\/\\\/lat.nl\\\/#\\\/schema\\\/logo\\\/image\\\/\",\"url\":\"https:\\\/\\\/lat.nl\\\/wp-content\\\/uploads\\\/2018\\\/03\\\/logo.jpg\",\"contentUrl\":\"https:\\\/\\\/lat.nl\\\/wp-content\\\/uploads\\\/2018\\\/03\\\/logo.jpg\",\"width\":319,\"height\":122,\"caption\":\"Looije Agro Technics BV\"},\"image\":{\"@id\":\"https:\\\/\\\/lat.nl\\\/#\\\/schema\\\/logo\\\/image\\\/\"}}]}<\/script>\n<!-- \/ Yoast SEO plugin. -->","yoast_head_json":{"title":"Gra\u0111evinske dozvole - Looije Agro Technics BV","robots":{"index":"index","follow":"follow","max-snippet":"max-snippet:-1","max-image-preview":"max-image-preview:large","max-video-preview":"max-video-preview:-1"},"canonical":"https:\/\/lat.nl\/sk\/gradevinske-dozvole\/","og_locale":"sk_SK","og_type":"article","og_title":"Gra\u0111evinske dozvole - Looije Agro Technics BV","og_description":"Gra\u0111evinske dozvole su naj\u010de\u0161\u0107e obavezne ako \u017eelite da izgradite staklenu ba\u0161tu, poslovni objekat, bafer rezervoar, kogeneracioni modul ili neki drugi gra\u0111evinski objekat. Procedura vezana za ove gra\u0111evinske dozvole se propisuje u razli\u010ditim zakonskim propisima i odredbama koje variraju od zemlje do zemlje i od dr\u017eave do dr\u017eave. Va\u0161 projekat c\u0301e biti \u201cpreveden\u201d u jasan nacrt [&hellip;]","og_url":"https:\/\/lat.nl\/sk\/gradevinske-dozvole\/","og_site_name":"Looije Agro Technics BV","twitter_card":"summary_large_image","twitter_misc":{"Predpokladan\u00fd \u010das \u010d\u00edtania":"1 min\u00fata"},"schema":{"@context":"https:\/\/schema.org","@graph":[{"@type":"WebPage","@id":"https:\/\/lat.nl\/sk\/gradevinske-dozvole\/","url":"https:\/\/lat.nl\/sk\/gradevinske-dozvole\/","name":"Gra\u0111evinske dozvole - Looije Agro Technics BV","isPartOf":{"@id":"https:\/\/lat.nl\/#website"},"datePublished":"2018-03-28T12:13:11+00:00","breadcrumb":{"@id":"https:\/\/lat.nl\/sk\/gradevinske-dozvole\/#breadcrumb"},"inLanguage":"sk-SK","potentialAction":[{"@type":"ReadAction","target":["https:\/\/lat.nl\/sk\/gradevinske-dozvole\/"]}]},{"@type":"BreadcrumbList","@id":"https:\/\/lat.nl\/sk\/gradevinske-dozvole\/#breadcrumb","itemListElement":[{"@type":"ListItem","position":1,"name":"Home","item":"https:\/\/lat.nl\/sk\/"},{"@type":"ListItem","position":2,"name":"Gra\u0111evinske dozvole"}]},{"@type":"WebSite","@id":"https:\/\/lat.nl\/#website","url":"https:\/\/lat.nl\/","name":"Looije Agro Technics BV","description":"H\u00e9t onafhankelijk bouwmanagementbureau in de glastuinbouwsector","publisher":{"@id":"https:\/\/lat.nl\/#organization"},"potentialAction":[{"@type":"SearchAction","target":{"@type":"EntryPoint","urlTemplate":"https:\/\/lat.nl\/?s={search_term_string}"},"query-input":{"@type":"PropertyValueSpecification","valueRequired":true,"valueName":"search_term_string"}}],"inLanguage":"sk-SK"},{"@type":"Organization","@id":"https:\/\/lat.nl\/#organization","name":"Looije Agro Technics BV","url":"https:\/\/lat.nl\/","logo":{"@type":"ImageObject","inLanguage":"sk-SK","@id":"https:\/\/lat.nl\/#\/schema\/logo\/image\/","url":"https:\/\/lat.nl\/wp-content\/uploads\/2018\/03\/logo.jpg","contentUrl":"https:\/\/lat.nl\/wp-content\/uploads\/2018\/03\/logo.jpg","width":319,"height":122,"caption":"Looije Agro Technics BV"},"image":{"@id":"https:\/\/lat.nl\/#\/schema\/logo\/image\/"}}]}},"_links":{"self":[{"href":"https:\/\/lat.nl\/sk\/wp-json\/wp\/v2\/pages\/2388","targetHints":{"allow":["GET"]}}],"collection":[{"href":"https:\/\/lat.nl\/sk\/wp-json\/wp\/v2\/pages"}],"about":[{"href":"https:\/\/lat.nl\/sk\/wp-json\/wp\/v2\/types\/page"}],"author":[{"embeddable":true,"href":"https:\/\/lat.nl\/sk\/wp-json\/wp\/v2\/users\/1"}],"replies":[{"embeddable":true,"href":"https:\/\/lat.nl\/sk\/wp-json\/wp\/v2\/comments?post=2388"}],"version-history":[{"count":0,"href":"https:\/\/lat.nl\/sk\/wp-json\/wp\/v2\/pages\/2388\/revisions"}],"wp:attachment":[{"href":"https:\/\/lat.nl\/sk\/wp-json\/wp\/v2\/media?parent=2388"}],"curies":[{"name":"wp","href":"https:\/\/api.w.org\/{rel}","templated":true}]}}