{"id":2402,"date":"2018-03-28T12:13:44","date_gmt":"2018-03-28T12:13:44","guid":{"rendered":"https:\/\/lat.nl\/obracun-vezan-za-koriscenje-kogeneracionog-modula\/"},"modified":"2018-03-28T12:13:44","modified_gmt":"2018-03-28T12:13:44","slug":"obracun-vezan-za-koriscenje-kogeneracionog-modula","status":"publish","type":"page","link":"https:\/\/lat.nl\/sk\/obracun-vezan-za-koriscenje-kogeneracionog-modula\/","title":{"rendered":"Obra\u010dun vezan za kori\u0161c\u0301enje kogeneracionog modula"},"content":{"rendered":"<p>Od kad je energetsko tr\u017ei\u0161te liberalizovano, mogu\u0107a je upotreba sopstvenog kogeneracionog modula, \u0161to se pokazalo za jako dobar izbor mnogih kompanija koje se bave staklenim ba\u0161tama. Ovaj sistem zadovoljava njihove enrgetske potrebe i doprinosti efikasnoti zbog recikliranja energije. Looije Agro Technics B.V. tim energetskih stru\u010dnjaka \u0107e vrlo rado i za vas pripremiti analizu va\u0161e specifi\u010dne situacije.<br \/>\n<BR><BR><br \/>\nPrilikom kupovine kogeneracionog modula nije bitna samo investicija, ve\u0107 i ekonomi\u010dnost. Mi smo razvili specijalan model simulacije koji ra\u010duna isplativost kogeneracionog modula. U na\u0161 izve\u0161taj su uklju\u010deni tro\u0161kovi ulaganja u kogeneracioni modul, mre\u017ene konekcije i svi ostali tro\u0161kovi. U analzu su uklju\u010dene i moguc\u0301e subvencije, cene energije i sve druge kalkulacije koje uti\u010du na analizu efektivnosti tro\u0161kova.<br \/>\n<BR><BR><br \/>\nNa osnovu va\u0161e prethodne potro\u0161nje, planirane proizvodnje i drugih podataka, mi \u0107emo utvrditi kakav kogeneracion modul je za vas idealan. Na\u0161i energetski stru\u010dnjaci iz Looije Agro Technics B.V. mogu za va\u0161u banku ili za va\u0161eg investitora da pripreme i finansijske kalkulacije i prora\u010dune.<\/p>\n","protected":false},"excerpt":{"rendered":"<p>Od kad je energetsko tr\u017ei\u0161te liberalizovano, mogu\u0107a je upotreba sopstvenog kogeneracionog modula, \u0161to se pokazalo za jako dobar izbor mnogih kompanija koje se bave staklenim ba\u0161tama. Ovaj sistem zadovoljava njihove enrgetske potrebe i doprinosti efikasnoti zbog recikliranja energije. Looije Agro Technics B.V. tim energetskih stru\u010dnjaka \u0107e vrlo rado i za vas pripremiti analizu va\u0161e specifi\u010dne [&hellip;]<\/p>\n","protected":false},"author":1,"featured_media":0,"parent":0,"menu_order":0,"comment_status":"open","ping_status":"closed","template":"","meta":{"_acf_changed":false,"_exactmetrics_skip_tracking":false,"_exactmetrics_sitenote_active":false,"_exactmetrics_sitenote_note":"","_exactmetrics_sitenote_category":0,"footnotes":""},"class_list":["post-2402","page","type-page","status-publish","hentry"],"acf":[],"yoast_head":"<!-- This site is optimized with the Yoast SEO plugin v27.3 - https:\/\/yoast.com\/product\/yoast-seo-wordpress\/ -->\n<title>Obra\u010dun vezan za kori\u0161c\u0301enje kogeneracionog modula - Looije Agro Technics BV<\/title>\n<meta name=\"robots\" content=\"index, follow, max-snippet:-1, max-image-preview:large, max-video-preview:-1\" \/>\n<link rel=\"canonical\" href=\"https:\/\/lat.nl\/sk\/obracun-vezan-za-koriscenje-kogeneracionog-modula\/\" \/>\n<meta property=\"og:locale\" content=\"sk_SK\" \/>\n<meta property=\"og:type\" content=\"article\" \/>\n<meta property=\"og:title\" content=\"Obra\u010dun vezan za kori\u0161c\u0301enje kogeneracionog modula - Looije Agro Technics BV\" \/>\n<meta property=\"og:description\" content=\"Od kad je energetsko tr\u017ei\u0161te liberalizovano, mogu\u0107a je upotreba sopstvenog kogeneracionog modula, \u0161to se pokazalo za jako dobar izbor mnogih kompanija koje se bave staklenim ba\u0161tama. Ovaj sistem zadovoljava njihove enrgetske potrebe i doprinosti efikasnoti zbog recikliranja energije. Looije Agro Technics B.V. tim energetskih stru\u010dnjaka \u0107e vrlo rado i za vas pripremiti analizu va\u0161e specifi\u010dne [&hellip;]\" \/>\n<meta property=\"og:url\" content=\"https:\/\/lat.nl\/sk\/obracun-vezan-za-koriscenje-kogeneracionog-modula\/\" \/>\n<meta property=\"og:site_name\" content=\"Looije Agro Technics BV\" \/>\n<meta name=\"twitter:card\" content=\"summary_large_image\" \/>\n<meta name=\"twitter:label1\" content=\"Predpokladan\u00fd \u010das \u010d\u00edtania\" \/>\n\t<meta name=\"twitter:data1\" content=\"1 min\u00fata\" \/>\n<script type=\"application\/ld+json\" class=\"yoast-schema-graph\">{\"@context\":\"https:\\\/\\\/schema.org\",\"@graph\":[{\"@type\":\"WebPage\",\"@id\":\"https:\\\/\\\/lat.nl\\\/sk\\\/obracun-vezan-za-koriscenje-kogeneracionog-modula\\\/\",\"url\":\"https:\\\/\\\/lat.nl\\\/sk\\\/obracun-vezan-za-koriscenje-kogeneracionog-modula\\\/\",\"name\":\"Obra\u010dun vezan za kori\u0161c\u0301enje kogeneracionog modula - Looije Agro Technics BV\",\"isPartOf\":{\"@id\":\"https:\\\/\\\/lat.nl\\\/#website\"},\"datePublished\":\"2018-03-28T12:13:44+00:00\",\"breadcrumb\":{\"@id\":\"https:\\\/\\\/lat.nl\\\/sk\\\/obracun-vezan-za-koriscenje-kogeneracionog-modula\\\/#breadcrumb\"},\"inLanguage\":\"sk-SK\",\"potentialAction\":[{\"@type\":\"ReadAction\",\"target\":[\"https:\\\/\\\/lat.nl\\\/sk\\\/obracun-vezan-za-koriscenje-kogeneracionog-modula\\\/\"]}]},{\"@type\":\"BreadcrumbList\",\"@id\":\"https:\\\/\\\/lat.nl\\\/sk\\\/obracun-vezan-za-koriscenje-kogeneracionog-modula\\\/#breadcrumb\",\"itemListElement\":[{\"@type\":\"ListItem\",\"position\":1,\"name\":\"Home\",\"item\":\"https:\\\/\\\/lat.nl\\\/sk\\\/\"},{\"@type\":\"ListItem\",\"position\":2,\"name\":\"Obra\u010dun vezan za kori\u0161c\u0301enje kogeneracionog modula\"}]},{\"@type\":\"WebSite\",\"@id\":\"https:\\\/\\\/lat.nl\\\/#website\",\"url\":\"https:\\\/\\\/lat.nl\\\/\",\"name\":\"Looije Agro Technics BV\",\"description\":\"H\u00e9t onafhankelijk bouwmanagementbureau in de glastuinbouwsector\",\"publisher\":{\"@id\":\"https:\\\/\\\/lat.nl\\\/#organization\"},\"potentialAction\":[{\"@type\":\"SearchAction\",\"target\":{\"@type\":\"EntryPoint\",\"urlTemplate\":\"https:\\\/\\\/lat.nl\\\/?s={search_term_string}\"},\"query-input\":{\"@type\":\"PropertyValueSpecification\",\"valueRequired\":true,\"valueName\":\"search_term_string\"}}],\"inLanguage\":\"sk-SK\"},{\"@type\":\"Organization\",\"@id\":\"https:\\\/\\\/lat.nl\\\/#organization\",\"name\":\"Looije Agro Technics BV\",\"url\":\"https:\\\/\\\/lat.nl\\\/\",\"logo\":{\"@type\":\"ImageObject\",\"inLanguage\":\"sk-SK\",\"@id\":\"https:\\\/\\\/lat.nl\\\/#\\\/schema\\\/logo\\\/image\\\/\",\"url\":\"https:\\\/\\\/lat.nl\\\/wp-content\\\/uploads\\\/2018\\\/03\\\/logo.jpg\",\"contentUrl\":\"https:\\\/\\\/lat.nl\\\/wp-content\\\/uploads\\\/2018\\\/03\\\/logo.jpg\",\"width\":319,\"height\":122,\"caption\":\"Looije Agro Technics BV\"},\"image\":{\"@id\":\"https:\\\/\\\/lat.nl\\\/#\\\/schema\\\/logo\\\/image\\\/\"}}]}<\/script>\n<!-- \/ Yoast SEO plugin. -->","yoast_head_json":{"title":"Obra\u010dun vezan za kori\u0161c\u0301enje kogeneracionog modula - Looije Agro Technics BV","robots":{"index":"index","follow":"follow","max-snippet":"max-snippet:-1","max-image-preview":"max-image-preview:large","max-video-preview":"max-video-preview:-1"},"canonical":"https:\/\/lat.nl\/sk\/obracun-vezan-za-koriscenje-kogeneracionog-modula\/","og_locale":"sk_SK","og_type":"article","og_title":"Obra\u010dun vezan za kori\u0161c\u0301enje kogeneracionog modula - Looije Agro Technics BV","og_description":"Od kad je energetsko tr\u017ei\u0161te liberalizovano, mogu\u0107a je upotreba sopstvenog kogeneracionog modula, \u0161to se pokazalo za jako dobar izbor mnogih kompanija koje se bave staklenim ba\u0161tama. Ovaj sistem zadovoljava njihove enrgetske potrebe i doprinosti efikasnoti zbog recikliranja energije. Looije Agro Technics B.V. tim energetskih stru\u010dnjaka \u0107e vrlo rado i za vas pripremiti analizu va\u0161e specifi\u010dne [&hellip;]","og_url":"https:\/\/lat.nl\/sk\/obracun-vezan-za-koriscenje-kogeneracionog-modula\/","og_site_name":"Looije Agro Technics BV","twitter_card":"summary_large_image","twitter_misc":{"Predpokladan\u00fd \u010das \u010d\u00edtania":"1 min\u00fata"},"schema":{"@context":"https:\/\/schema.org","@graph":[{"@type":"WebPage","@id":"https:\/\/lat.nl\/sk\/obracun-vezan-za-koriscenje-kogeneracionog-modula\/","url":"https:\/\/lat.nl\/sk\/obracun-vezan-za-koriscenje-kogeneracionog-modula\/","name":"Obra\u010dun vezan za kori\u0161c\u0301enje kogeneracionog modula - Looije Agro Technics BV","isPartOf":{"@id":"https:\/\/lat.nl\/#website"},"datePublished":"2018-03-28T12:13:44+00:00","breadcrumb":{"@id":"https:\/\/lat.nl\/sk\/obracun-vezan-za-koriscenje-kogeneracionog-modula\/#breadcrumb"},"inLanguage":"sk-SK","potentialAction":[{"@type":"ReadAction","target":["https:\/\/lat.nl\/sk\/obracun-vezan-za-koriscenje-kogeneracionog-modula\/"]}]},{"@type":"BreadcrumbList","@id":"https:\/\/lat.nl\/sk\/obracun-vezan-za-koriscenje-kogeneracionog-modula\/#breadcrumb","itemListElement":[{"@type":"ListItem","position":1,"name":"Home","item":"https:\/\/lat.nl\/sk\/"},{"@type":"ListItem","position":2,"name":"Obra\u010dun vezan za kori\u0161c\u0301enje kogeneracionog modula"}]},{"@type":"WebSite","@id":"https:\/\/lat.nl\/#website","url":"https:\/\/lat.nl\/","name":"Looije Agro Technics BV","description":"H\u00e9t onafhankelijk bouwmanagementbureau in de glastuinbouwsector","publisher":{"@id":"https:\/\/lat.nl\/#organization"},"potentialAction":[{"@type":"SearchAction","target":{"@type":"EntryPoint","urlTemplate":"https:\/\/lat.nl\/?s={search_term_string}"},"query-input":{"@type":"PropertyValueSpecification","valueRequired":true,"valueName":"search_term_string"}}],"inLanguage":"sk-SK"},{"@type":"Organization","@id":"https:\/\/lat.nl\/#organization","name":"Looije Agro Technics BV","url":"https:\/\/lat.nl\/","logo":{"@type":"ImageObject","inLanguage":"sk-SK","@id":"https:\/\/lat.nl\/#\/schema\/logo\/image\/","url":"https:\/\/lat.nl\/wp-content\/uploads\/2018\/03\/logo.jpg","contentUrl":"https:\/\/lat.nl\/wp-content\/uploads\/2018\/03\/logo.jpg","width":319,"height":122,"caption":"Looije Agro Technics BV"},"image":{"@id":"https:\/\/lat.nl\/#\/schema\/logo\/image\/"}}]}},"_links":{"self":[{"href":"https:\/\/lat.nl\/sk\/wp-json\/wp\/v2\/pages\/2402","targetHints":{"allow":["GET"]}}],"collection":[{"href":"https:\/\/lat.nl\/sk\/wp-json\/wp\/v2\/pages"}],"about":[{"href":"https:\/\/lat.nl\/sk\/wp-json\/wp\/v2\/types\/page"}],"author":[{"embeddable":true,"href":"https:\/\/lat.nl\/sk\/wp-json\/wp\/v2\/users\/1"}],"replies":[{"embeddable":true,"href":"https:\/\/lat.nl\/sk\/wp-json\/wp\/v2\/comments?post=2402"}],"version-history":[{"count":0,"href":"https:\/\/lat.nl\/sk\/wp-json\/wp\/v2\/pages\/2402\/revisions"}],"wp:attachment":[{"href":"https:\/\/lat.nl\/sk\/wp-json\/wp\/v2\/media?parent=2402"}],"curies":[{"name":"wp","href":"https:\/\/api.w.org\/{rel}","templated":true}]}}