{"id":2404,"date":"2018-03-28T12:13:44","date_gmt":"2018-03-28T12:13:44","guid":{"rendered":"https:\/\/lat.nl\/studija-izvodljivosti\/"},"modified":"2018-03-28T12:13:44","modified_gmt":"2018-03-28T12:13:44","slug":"studija-izvodljivosti","status":"publish","type":"page","link":"https:\/\/lat.nl\/sk\/studija-izvodljivosti\/","title":{"rendered":"Studija izvodljivosti"},"content":{"rendered":"<p>Mi se dr\u017eimo stare mudrosti da je potrebno prvo dobro razmisliti pre svake odluke i akcije. Rukovodioci se \u010desto odlu\u010duju na osnovu svoje intuicije. Odlu\u010divanje na osnovu \u201cose\u0107aja\u201d nije dovoljno kada se radi o ve\u0107im investicijama koje nose za sobom ozbiljnije posledice. Kada se radi o ve\u0107im projektima ili razvoju, Looije Agro Technics B.V. \u010desto na zahtev klijenta pripremi i studiju izvodljivosti.<br \/>\n<BR><BR><br \/>\nU ovoj fazi va\u0161 projekat jo\u0161 nije zapo\u010det niti detaljno pripremljen, ali su zato va\u0161e \u017eelje i zahtevi, mogu\u0107nosti i prepreke odnosno mogu\u0107e pote\u0161ko\u0107e pa\u017eljivo predo\u010dene. Svi projekti i sve kupovine koje je Looije Agro Technics B.V. nadzirao su obra\u0111eni i analizirani u na\u0161oj velikoj bazi podataka (u obliku anonimnih indikatora). Zahvaljujuc\u0301i dugogodi\u0161njem iskustvu sada posedujemo vrlo obimne i precizne podatke iz oblasti staklenih ba\u0161ti. Zbog toga mo\u017eemo da vam ponudimo jako pouzdane procene, pore\u0111enja i druge predikcije koje se odnose na profit i uspeh va\u0161eg projekta.<br \/>\n<BR><BR><br \/>\nStudija izvodljivosti je svakako vi\u0161e od navedenog. Tako\u0111e, za vas analiziramo i ocenjujemo funkcionalnu izvodljivost i prakti\u010dnost (da li \u0107e ne\u0161to uspeti), kao i pravne zahteve (uklju\u010dujuc\u0301i i prostorni plan, zakone i propise koji se odnose na vode, prirodu i sl.). Na osnovu studije izvodljivosti c\u0301ete ta\u010dno znati odakle da po\u010dnete.<\/p>\n","protected":false},"excerpt":{"rendered":"<p>Mi se dr\u017eimo stare mudrosti da je potrebno prvo dobro razmisliti pre svake odluke i akcije. Rukovodioci se \u010desto odlu\u010duju na osnovu svoje intuicije. Odlu\u010divanje na osnovu \u201cose\u0107aja\u201d nije dovoljno kada se radi o ve\u0107im investicijama koje nose za sobom ozbiljnije posledice. Kada se radi o ve\u0107im projektima ili razvoju, Looije Agro Technics B.V. \u010desto [&hellip;]<\/p>\n","protected":false},"author":1,"featured_media":0,"parent":0,"menu_order":0,"comment_status":"open","ping_status":"closed","template":"","meta":{"_acf_changed":false,"_exactmetrics_skip_tracking":false,"_exactmetrics_sitenote_active":false,"_exactmetrics_sitenote_note":"","_exactmetrics_sitenote_category":0,"footnotes":""},"class_list":["post-2404","page","type-page","status-publish","hentry"],"acf":[],"yoast_head":"<!-- This site is optimized with the Yoast SEO plugin v27.4 - https:\/\/yoast.com\/product\/yoast-seo-wordpress\/ -->\n<title>Studija izvodljivosti - Looije Agro Technics BV<\/title>\n<meta name=\"robots\" content=\"index, follow, max-snippet:-1, max-image-preview:large, max-video-preview:-1\" \/>\n<link rel=\"canonical\" href=\"https:\/\/lat.nl\/sk\/studija-izvodljivosti\/\" \/>\n<meta property=\"og:locale\" content=\"sk_SK\" \/>\n<meta property=\"og:type\" content=\"article\" \/>\n<meta property=\"og:title\" content=\"Studija izvodljivosti - Looije Agro Technics BV\" \/>\n<meta property=\"og:description\" content=\"Mi se dr\u017eimo stare mudrosti da je potrebno prvo dobro razmisliti pre svake odluke i akcije. Rukovodioci se \u010desto odlu\u010duju na osnovu svoje intuicije. Odlu\u010divanje na osnovu \u201cose\u0107aja\u201d nije dovoljno kada se radi o ve\u0107im investicijama koje nose za sobom ozbiljnije posledice. Kada se radi o ve\u0107im projektima ili razvoju, Looije Agro Technics B.V. \u010desto [&hellip;]\" \/>\n<meta property=\"og:url\" content=\"https:\/\/lat.nl\/sk\/studija-izvodljivosti\/\" \/>\n<meta property=\"og:site_name\" content=\"Looije Agro Technics BV\" \/>\n<meta name=\"twitter:card\" content=\"summary_large_image\" \/>\n<meta name=\"twitter:label1\" content=\"Predpokladan\u00fd \u010das \u010d\u00edtania\" \/>\n\t<meta name=\"twitter:data1\" content=\"1 min\u00fata\" \/>\n<script type=\"application\/ld+json\" class=\"yoast-schema-graph\">{\"@context\":\"https:\\\/\\\/schema.org\",\"@graph\":[{\"@type\":\"WebPage\",\"@id\":\"https:\\\/\\\/lat.nl\\\/sk\\\/studija-izvodljivosti\\\/\",\"url\":\"https:\\\/\\\/lat.nl\\\/sk\\\/studija-izvodljivosti\\\/\",\"name\":\"Studija izvodljivosti - Looije Agro Technics BV\",\"isPartOf\":{\"@id\":\"https:\\\/\\\/lat.nl\\\/#website\"},\"datePublished\":\"2018-03-28T12:13:44+00:00\",\"breadcrumb\":{\"@id\":\"https:\\\/\\\/lat.nl\\\/sk\\\/studija-izvodljivosti\\\/#breadcrumb\"},\"inLanguage\":\"sk-SK\",\"potentialAction\":[{\"@type\":\"ReadAction\",\"target\":[\"https:\\\/\\\/lat.nl\\\/sk\\\/studija-izvodljivosti\\\/\"]}]},{\"@type\":\"BreadcrumbList\",\"@id\":\"https:\\\/\\\/lat.nl\\\/sk\\\/studija-izvodljivosti\\\/#breadcrumb\",\"itemListElement\":[{\"@type\":\"ListItem\",\"position\":1,\"name\":\"Home\",\"item\":\"https:\\\/\\\/lat.nl\\\/sk\\\/\"},{\"@type\":\"ListItem\",\"position\":2,\"name\":\"Studija izvodljivosti\"}]},{\"@type\":\"WebSite\",\"@id\":\"https:\\\/\\\/lat.nl\\\/#website\",\"url\":\"https:\\\/\\\/lat.nl\\\/\",\"name\":\"Looije Agro Technics BV\",\"description\":\"H\u00e9t onafhankelijk bouwmanagementbureau in de glastuinbouwsector\",\"publisher\":{\"@id\":\"https:\\\/\\\/lat.nl\\\/#organization\"},\"potentialAction\":[{\"@type\":\"SearchAction\",\"target\":{\"@type\":\"EntryPoint\",\"urlTemplate\":\"https:\\\/\\\/lat.nl\\\/?s={search_term_string}\"},\"query-input\":{\"@type\":\"PropertyValueSpecification\",\"valueRequired\":true,\"valueName\":\"search_term_string\"}}],\"inLanguage\":\"sk-SK\"},{\"@type\":\"Organization\",\"@id\":\"https:\\\/\\\/lat.nl\\\/#organization\",\"name\":\"Looije Agro Technics BV\",\"url\":\"https:\\\/\\\/lat.nl\\\/\",\"logo\":{\"@type\":\"ImageObject\",\"inLanguage\":\"sk-SK\",\"@id\":\"https:\\\/\\\/lat.nl\\\/#\\\/schema\\\/logo\\\/image\\\/\",\"url\":\"https:\\\/\\\/lat.nl\\\/wp-content\\\/uploads\\\/2018\\\/03\\\/logo.jpg\",\"contentUrl\":\"https:\\\/\\\/lat.nl\\\/wp-content\\\/uploads\\\/2018\\\/03\\\/logo.jpg\",\"width\":319,\"height\":122,\"caption\":\"Looije Agro Technics BV\"},\"image\":{\"@id\":\"https:\\\/\\\/lat.nl\\\/#\\\/schema\\\/logo\\\/image\\\/\"}}]}<\/script>\n<!-- \/ Yoast SEO plugin. -->","yoast_head_json":{"title":"Studija izvodljivosti - Looije Agro Technics BV","robots":{"index":"index","follow":"follow","max-snippet":"max-snippet:-1","max-image-preview":"max-image-preview:large","max-video-preview":"max-video-preview:-1"},"canonical":"https:\/\/lat.nl\/sk\/studija-izvodljivosti\/","og_locale":"sk_SK","og_type":"article","og_title":"Studija izvodljivosti - Looije Agro Technics BV","og_description":"Mi se dr\u017eimo stare mudrosti da je potrebno prvo dobro razmisliti pre svake odluke i akcije. Rukovodioci se \u010desto odlu\u010duju na osnovu svoje intuicije. Odlu\u010divanje na osnovu \u201cose\u0107aja\u201d nije dovoljno kada se radi o ve\u0107im investicijama koje nose za sobom ozbiljnije posledice. Kada se radi o ve\u0107im projektima ili razvoju, Looije Agro Technics B.V. \u010desto [&hellip;]","og_url":"https:\/\/lat.nl\/sk\/studija-izvodljivosti\/","og_site_name":"Looije Agro Technics BV","twitter_card":"summary_large_image","twitter_misc":{"Predpokladan\u00fd \u010das \u010d\u00edtania":"1 min\u00fata"},"schema":{"@context":"https:\/\/schema.org","@graph":[{"@type":"WebPage","@id":"https:\/\/lat.nl\/sk\/studija-izvodljivosti\/","url":"https:\/\/lat.nl\/sk\/studija-izvodljivosti\/","name":"Studija izvodljivosti - Looije Agro Technics BV","isPartOf":{"@id":"https:\/\/lat.nl\/#website"},"datePublished":"2018-03-28T12:13:44+00:00","breadcrumb":{"@id":"https:\/\/lat.nl\/sk\/studija-izvodljivosti\/#breadcrumb"},"inLanguage":"sk-SK","potentialAction":[{"@type":"ReadAction","target":["https:\/\/lat.nl\/sk\/studija-izvodljivosti\/"]}]},{"@type":"BreadcrumbList","@id":"https:\/\/lat.nl\/sk\/studija-izvodljivosti\/#breadcrumb","itemListElement":[{"@type":"ListItem","position":1,"name":"Home","item":"https:\/\/lat.nl\/sk\/"},{"@type":"ListItem","position":2,"name":"Studija izvodljivosti"}]},{"@type":"WebSite","@id":"https:\/\/lat.nl\/#website","url":"https:\/\/lat.nl\/","name":"Looije Agro Technics BV","description":"H\u00e9t onafhankelijk bouwmanagementbureau in de glastuinbouwsector","publisher":{"@id":"https:\/\/lat.nl\/#organization"},"potentialAction":[{"@type":"SearchAction","target":{"@type":"EntryPoint","urlTemplate":"https:\/\/lat.nl\/?s={search_term_string}"},"query-input":{"@type":"PropertyValueSpecification","valueRequired":true,"valueName":"search_term_string"}}],"inLanguage":"sk-SK"},{"@type":"Organization","@id":"https:\/\/lat.nl\/#organization","name":"Looije Agro Technics BV","url":"https:\/\/lat.nl\/","logo":{"@type":"ImageObject","inLanguage":"sk-SK","@id":"https:\/\/lat.nl\/#\/schema\/logo\/image\/","url":"https:\/\/lat.nl\/wp-content\/uploads\/2018\/03\/logo.jpg","contentUrl":"https:\/\/lat.nl\/wp-content\/uploads\/2018\/03\/logo.jpg","width":319,"height":122,"caption":"Looije Agro Technics BV"},"image":{"@id":"https:\/\/lat.nl\/#\/schema\/logo\/image\/"}}]}},"_links":{"self":[{"href":"https:\/\/lat.nl\/sk\/wp-json\/wp\/v2\/pages\/2404","targetHints":{"allow":["GET"]}}],"collection":[{"href":"https:\/\/lat.nl\/sk\/wp-json\/wp\/v2\/pages"}],"about":[{"href":"https:\/\/lat.nl\/sk\/wp-json\/wp\/v2\/types\/page"}],"author":[{"embeddable":true,"href":"https:\/\/lat.nl\/sk\/wp-json\/wp\/v2\/users\/1"}],"replies":[{"embeddable":true,"href":"https:\/\/lat.nl\/sk\/wp-json\/wp\/v2\/comments?post=2404"}],"version-history":[{"count":0,"href":"https:\/\/lat.nl\/sk\/wp-json\/wp\/v2\/pages\/2404\/revisions"}],"wp:attachment":[{"href":"https:\/\/lat.nl\/sk\/wp-json\/wp\/v2\/media?parent=2404"}],"curies":[{"name":"wp","href":"https:\/\/api.w.org\/{rel}","templated":true}]}}