{"id":2408,"date":"2018-03-28T12:13:44","date_gmt":"2018-03-28T12:13:44","guid":{"rendered":"https:\/\/lat.nl\/kotao-na-drva\/"},"modified":"2018-03-28T12:13:44","modified_gmt":"2018-03-28T12:13:44","slug":"kotao-na-drva","status":"publish","type":"page","link":"https:\/\/lat.nl\/sk\/kotao-na-drva\/","title":{"rendered":"Kotao na drva"},"content":{"rendered":"<p>Kotao koji radi tako \u0161to sagoreva proizvode od drveta mo\u017ee da slu\u017ei kao osnova za parne turbine. Da li je ovakva proizvodnja energije najbolje re\u0161enje i za vas? Mi to svakako mo\u017eemo da utvrdimo nakon detaljnog ispitivanja va\u0161eg primera.<br \/>\n<BR><BR><br \/>\nEnergetski stru\u010dnjaci iz Looije Agro Technics B.V. imaju odli\u010dna znanja i iz oblasti energetike i iz oblasti staklenih ba\u0161ti. Oni \u0107e vam uvek dati nezavisne, objektivne i najbolje savete o tome koja energetska re\u0161enja su idealna za vas.<\/p>\n","protected":false},"excerpt":{"rendered":"<p>Kotao koji radi tako \u0161to sagoreva proizvode od drveta mo\u017ee da slu\u017ei kao osnova za parne turbine. Da li je ovakva proizvodnja energije najbolje re\u0161enje i za vas? Mi to svakako mo\u017eemo da utvrdimo nakon detaljnog ispitivanja va\u0161eg primera. Energetski stru\u010dnjaci iz Looije Agro Technics B.V. imaju odli\u010dna znanja i iz oblasti energetike i iz [&hellip;]<\/p>\n","protected":false},"author":1,"featured_media":0,"parent":0,"menu_order":0,"comment_status":"open","ping_status":"closed","template":"","meta":{"_acf_changed":false,"_exactmetrics_skip_tracking":false,"_exactmetrics_sitenote_active":false,"_exactmetrics_sitenote_note":"","_exactmetrics_sitenote_category":0,"footnotes":""},"class_list":["post-2408","page","type-page","status-publish","hentry"],"acf":[],"yoast_head":"<!-- This site is optimized with the Yoast SEO plugin v27.3 - https:\/\/yoast.com\/product\/yoast-seo-wordpress\/ -->\n<title>Kotao na drva - Looije Agro Technics BV<\/title>\n<meta name=\"robots\" content=\"index, follow, max-snippet:-1, max-image-preview:large, max-video-preview:-1\" \/>\n<link rel=\"canonical\" href=\"https:\/\/lat.nl\/sk\/kotao-na-drva\/\" \/>\n<meta property=\"og:locale\" content=\"sk_SK\" \/>\n<meta property=\"og:type\" content=\"article\" \/>\n<meta property=\"og:title\" content=\"Kotao na drva - Looije Agro Technics BV\" \/>\n<meta property=\"og:description\" content=\"Kotao koji radi tako \u0161to sagoreva proizvode od drveta mo\u017ee da slu\u017ei kao osnova za parne turbine. Da li je ovakva proizvodnja energije najbolje re\u0161enje i za vas? Mi to svakako mo\u017eemo da utvrdimo nakon detaljnog ispitivanja va\u0161eg primera. Energetski stru\u010dnjaci iz Looije Agro Technics B.V. imaju odli\u010dna znanja i iz oblasti energetike i iz [&hellip;]\" \/>\n<meta property=\"og:url\" content=\"https:\/\/lat.nl\/sk\/kotao-na-drva\/\" \/>\n<meta property=\"og:site_name\" content=\"Looije Agro Technics BV\" \/>\n<meta name=\"twitter:card\" content=\"summary_large_image\" \/>\n<script type=\"application\/ld+json\" class=\"yoast-schema-graph\">{\"@context\":\"https:\\\/\\\/schema.org\",\"@graph\":[{\"@type\":\"WebPage\",\"@id\":\"https:\\\/\\\/lat.nl\\\/sk\\\/kotao-na-drva\\\/\",\"url\":\"https:\\\/\\\/lat.nl\\\/sk\\\/kotao-na-drva\\\/\",\"name\":\"Kotao na drva - Looije Agro Technics BV\",\"isPartOf\":{\"@id\":\"https:\\\/\\\/lat.nl\\\/#website\"},\"datePublished\":\"2018-03-28T12:13:44+00:00\",\"breadcrumb\":{\"@id\":\"https:\\\/\\\/lat.nl\\\/sk\\\/kotao-na-drva\\\/#breadcrumb\"},\"inLanguage\":\"sk-SK\",\"potentialAction\":[{\"@type\":\"ReadAction\",\"target\":[\"https:\\\/\\\/lat.nl\\\/sk\\\/kotao-na-drva\\\/\"]}]},{\"@type\":\"BreadcrumbList\",\"@id\":\"https:\\\/\\\/lat.nl\\\/sk\\\/kotao-na-drva\\\/#breadcrumb\",\"itemListElement\":[{\"@type\":\"ListItem\",\"position\":1,\"name\":\"Home\",\"item\":\"https:\\\/\\\/lat.nl\\\/sk\\\/\"},{\"@type\":\"ListItem\",\"position\":2,\"name\":\"Kotao na drva\"}]},{\"@type\":\"WebSite\",\"@id\":\"https:\\\/\\\/lat.nl\\\/#website\",\"url\":\"https:\\\/\\\/lat.nl\\\/\",\"name\":\"Looije Agro Technics BV\",\"description\":\"H\u00e9t onafhankelijk bouwmanagementbureau in de glastuinbouwsector\",\"publisher\":{\"@id\":\"https:\\\/\\\/lat.nl\\\/#organization\"},\"potentialAction\":[{\"@type\":\"SearchAction\",\"target\":{\"@type\":\"EntryPoint\",\"urlTemplate\":\"https:\\\/\\\/lat.nl\\\/?s={search_term_string}\"},\"query-input\":{\"@type\":\"PropertyValueSpecification\",\"valueRequired\":true,\"valueName\":\"search_term_string\"}}],\"inLanguage\":\"sk-SK\"},{\"@type\":\"Organization\",\"@id\":\"https:\\\/\\\/lat.nl\\\/#organization\",\"name\":\"Looije Agro Technics BV\",\"url\":\"https:\\\/\\\/lat.nl\\\/\",\"logo\":{\"@type\":\"ImageObject\",\"inLanguage\":\"sk-SK\",\"@id\":\"https:\\\/\\\/lat.nl\\\/#\\\/schema\\\/logo\\\/image\\\/\",\"url\":\"https:\\\/\\\/lat.nl\\\/wp-content\\\/uploads\\\/2018\\\/03\\\/logo.jpg\",\"contentUrl\":\"https:\\\/\\\/lat.nl\\\/wp-content\\\/uploads\\\/2018\\\/03\\\/logo.jpg\",\"width\":319,\"height\":122,\"caption\":\"Looije Agro Technics BV\"},\"image\":{\"@id\":\"https:\\\/\\\/lat.nl\\\/#\\\/schema\\\/logo\\\/image\\\/\"}}]}<\/script>\n<!-- \/ Yoast SEO plugin. -->","yoast_head_json":{"title":"Kotao na drva - Looije Agro Technics BV","robots":{"index":"index","follow":"follow","max-snippet":"max-snippet:-1","max-image-preview":"max-image-preview:large","max-video-preview":"max-video-preview:-1"},"canonical":"https:\/\/lat.nl\/sk\/kotao-na-drva\/","og_locale":"sk_SK","og_type":"article","og_title":"Kotao na drva - Looije Agro Technics BV","og_description":"Kotao koji radi tako \u0161to sagoreva proizvode od drveta mo\u017ee da slu\u017ei kao osnova za parne turbine. Da li je ovakva proizvodnja energije najbolje re\u0161enje i za vas? Mi to svakako mo\u017eemo da utvrdimo nakon detaljnog ispitivanja va\u0161eg primera. Energetski stru\u010dnjaci iz Looije Agro Technics B.V. imaju odli\u010dna znanja i iz oblasti energetike i iz [&hellip;]","og_url":"https:\/\/lat.nl\/sk\/kotao-na-drva\/","og_site_name":"Looije Agro Technics BV","twitter_card":"summary_large_image","schema":{"@context":"https:\/\/schema.org","@graph":[{"@type":"WebPage","@id":"https:\/\/lat.nl\/sk\/kotao-na-drva\/","url":"https:\/\/lat.nl\/sk\/kotao-na-drva\/","name":"Kotao na drva - Looije Agro Technics BV","isPartOf":{"@id":"https:\/\/lat.nl\/#website"},"datePublished":"2018-03-28T12:13:44+00:00","breadcrumb":{"@id":"https:\/\/lat.nl\/sk\/kotao-na-drva\/#breadcrumb"},"inLanguage":"sk-SK","potentialAction":[{"@type":"ReadAction","target":["https:\/\/lat.nl\/sk\/kotao-na-drva\/"]}]},{"@type":"BreadcrumbList","@id":"https:\/\/lat.nl\/sk\/kotao-na-drva\/#breadcrumb","itemListElement":[{"@type":"ListItem","position":1,"name":"Home","item":"https:\/\/lat.nl\/sk\/"},{"@type":"ListItem","position":2,"name":"Kotao na drva"}]},{"@type":"WebSite","@id":"https:\/\/lat.nl\/#website","url":"https:\/\/lat.nl\/","name":"Looije Agro Technics BV","description":"H\u00e9t onafhankelijk bouwmanagementbureau in de glastuinbouwsector","publisher":{"@id":"https:\/\/lat.nl\/#organization"},"potentialAction":[{"@type":"SearchAction","target":{"@type":"EntryPoint","urlTemplate":"https:\/\/lat.nl\/?s={search_term_string}"},"query-input":{"@type":"PropertyValueSpecification","valueRequired":true,"valueName":"search_term_string"}}],"inLanguage":"sk-SK"},{"@type":"Organization","@id":"https:\/\/lat.nl\/#organization","name":"Looije Agro Technics BV","url":"https:\/\/lat.nl\/","logo":{"@type":"ImageObject","inLanguage":"sk-SK","@id":"https:\/\/lat.nl\/#\/schema\/logo\/image\/","url":"https:\/\/lat.nl\/wp-content\/uploads\/2018\/03\/logo.jpg","contentUrl":"https:\/\/lat.nl\/wp-content\/uploads\/2018\/03\/logo.jpg","width":319,"height":122,"caption":"Looije Agro Technics BV"},"image":{"@id":"https:\/\/lat.nl\/#\/schema\/logo\/image\/"}}]}},"_links":{"self":[{"href":"https:\/\/lat.nl\/sk\/wp-json\/wp\/v2\/pages\/2408","targetHints":{"allow":["GET"]}}],"collection":[{"href":"https:\/\/lat.nl\/sk\/wp-json\/wp\/v2\/pages"}],"about":[{"href":"https:\/\/lat.nl\/sk\/wp-json\/wp\/v2\/types\/page"}],"author":[{"embeddable":true,"href":"https:\/\/lat.nl\/sk\/wp-json\/wp\/v2\/users\/1"}],"replies":[{"embeddable":true,"href":"https:\/\/lat.nl\/sk\/wp-json\/wp\/v2\/comments?post=2408"}],"version-history":[{"count":0,"href":"https:\/\/lat.nl\/sk\/wp-json\/wp\/v2\/pages\/2408\/revisions"}],"wp:attachment":[{"href":"https:\/\/lat.nl\/sk\/wp-json\/wp\/v2\/media?parent=2408"}],"curies":[{"name":"wp","href":"https:\/\/api.w.org\/{rel}","templated":true}]}}