{"id":2410,"date":"2018-03-28T12:13:44","date_gmt":"2018-03-28T12:13:44","guid":{"rendered":"https:\/\/lat.nl\/industrijska-otpadna-toplota\/"},"modified":"2018-03-28T12:13:44","modified_gmt":"2018-03-28T12:13:44","slug":"industrijska-otpadna-toplota","status":"publish","type":"page","link":"https:\/\/lat.nl\/sk\/industrijska-otpadna-toplota\/","title":{"rendered":"Industrijska otpadna toplota"},"content":{"rendered":"<p>Inovativnost zna\u010di biti u potrazi za novim moguc\u0301nostma i stvarati ih, a da pritom ne zanemarite aspekte izvodljivosti i eksploatacije.<br \/>\n<BR><BR><br \/>\nLooije Agro Technics usmerava i savetuje svoje klijente u vezi sa upotrebom otpadne toplote koja se koriste za zagrevanje staklenika.<br \/>\n<BR><BR><br \/>\nUzmimo, na primer, rafineriju Shell u Heming\u0161tadu (Hemmingstedt), u Nema\u010dkoj \u2013 vi\u0161ak toplote se transportuje u objekat staklene ba\u0161te koji je udaljen preko 100 metara. Ovaj projekat je razvijen pod na\u0161im vodstvom, vodstvom Looije Agro Technics-a. Mi vam garantujemo optimalnu podr\u0161ku i za vrlo zahtevne, inovativne i multi-disciplinarne projekte, zato \u0161to posedujemo razli\u010dita znanja iz vi\u0161e oblasti i znamo da ih kombinujemo.<\/p>\n","protected":false},"excerpt":{"rendered":"<p>Inovativnost zna\u010di biti u potrazi za novim moguc\u0301nostma i stvarati ih, a da pritom ne zanemarite aspekte izvodljivosti i eksploatacije. Looije Agro Technics usmerava i savetuje svoje klijente u vezi sa upotrebom otpadne toplote koja se koriste za zagrevanje staklenika. Uzmimo, na primer, rafineriju Shell u Heming\u0161tadu (Hemmingstedt), u Nema\u010dkoj \u2013 vi\u0161ak toplote se transportuje [&hellip;]<\/p>\n","protected":false},"author":1,"featured_media":0,"parent":0,"menu_order":0,"comment_status":"open","ping_status":"closed","template":"","meta":{"_acf_changed":false,"_exactmetrics_skip_tracking":false,"_exactmetrics_sitenote_active":false,"_exactmetrics_sitenote_note":"","_exactmetrics_sitenote_category":0,"footnotes":""},"class_list":["post-2410","page","type-page","status-publish","hentry"],"acf":[],"yoast_head":"<!-- This site is optimized with the Yoast SEO plugin v27.4 - https:\/\/yoast.com\/product\/yoast-seo-wordpress\/ -->\n<title>Industrijska otpadna toplota - Looije Agro Technics BV<\/title>\n<meta name=\"robots\" content=\"index, follow, max-snippet:-1, max-image-preview:large, max-video-preview:-1\" \/>\n<link rel=\"canonical\" href=\"https:\/\/lat.nl\/sk\/industrijska-otpadna-toplota\/\" \/>\n<meta property=\"og:locale\" content=\"sk_SK\" \/>\n<meta property=\"og:type\" content=\"article\" \/>\n<meta property=\"og:title\" content=\"Industrijska otpadna toplota - Looije Agro Technics BV\" \/>\n<meta property=\"og:description\" content=\"Inovativnost zna\u010di biti u potrazi za novim moguc\u0301nostma i stvarati ih, a da pritom ne zanemarite aspekte izvodljivosti i eksploatacije. Looije Agro Technics usmerava i savetuje svoje klijente u vezi sa upotrebom otpadne toplote koja se koriste za zagrevanje staklenika. Uzmimo, na primer, rafineriju Shell u Heming\u0161tadu (Hemmingstedt), u Nema\u010dkoj \u2013 vi\u0161ak toplote se transportuje [&hellip;]\" \/>\n<meta property=\"og:url\" content=\"https:\/\/lat.nl\/sk\/industrijska-otpadna-toplota\/\" \/>\n<meta property=\"og:site_name\" content=\"Looije Agro Technics BV\" \/>\n<meta name=\"twitter:card\" content=\"summary_large_image\" \/>\n<meta name=\"twitter:label1\" content=\"Predpokladan\u00fd \u010das \u010d\u00edtania\" \/>\n\t<meta name=\"twitter:data1\" content=\"1 min\u00fata\" \/>\n<script type=\"application\/ld+json\" class=\"yoast-schema-graph\">{\"@context\":\"https:\\\/\\\/schema.org\",\"@graph\":[{\"@type\":\"WebPage\",\"@id\":\"https:\\\/\\\/lat.nl\\\/sk\\\/industrijska-otpadna-toplota\\\/\",\"url\":\"https:\\\/\\\/lat.nl\\\/sk\\\/industrijska-otpadna-toplota\\\/\",\"name\":\"Industrijska otpadna toplota - Looije Agro Technics BV\",\"isPartOf\":{\"@id\":\"https:\\\/\\\/lat.nl\\\/#website\"},\"datePublished\":\"2018-03-28T12:13:44+00:00\",\"breadcrumb\":{\"@id\":\"https:\\\/\\\/lat.nl\\\/sk\\\/industrijska-otpadna-toplota\\\/#breadcrumb\"},\"inLanguage\":\"sk-SK\",\"potentialAction\":[{\"@type\":\"ReadAction\",\"target\":[\"https:\\\/\\\/lat.nl\\\/sk\\\/industrijska-otpadna-toplota\\\/\"]}]},{\"@type\":\"BreadcrumbList\",\"@id\":\"https:\\\/\\\/lat.nl\\\/sk\\\/industrijska-otpadna-toplota\\\/#breadcrumb\",\"itemListElement\":[{\"@type\":\"ListItem\",\"position\":1,\"name\":\"Home\",\"item\":\"https:\\\/\\\/lat.nl\\\/sk\\\/\"},{\"@type\":\"ListItem\",\"position\":2,\"name\":\"Industrijska otpadna toplota\"}]},{\"@type\":\"WebSite\",\"@id\":\"https:\\\/\\\/lat.nl\\\/#website\",\"url\":\"https:\\\/\\\/lat.nl\\\/\",\"name\":\"Looije Agro Technics BV\",\"description\":\"H\u00e9t onafhankelijk bouwmanagementbureau in de glastuinbouwsector\",\"publisher\":{\"@id\":\"https:\\\/\\\/lat.nl\\\/#organization\"},\"potentialAction\":[{\"@type\":\"SearchAction\",\"target\":{\"@type\":\"EntryPoint\",\"urlTemplate\":\"https:\\\/\\\/lat.nl\\\/?s={search_term_string}\"},\"query-input\":{\"@type\":\"PropertyValueSpecification\",\"valueRequired\":true,\"valueName\":\"search_term_string\"}}],\"inLanguage\":\"sk-SK\"},{\"@type\":\"Organization\",\"@id\":\"https:\\\/\\\/lat.nl\\\/#organization\",\"name\":\"Looije Agro Technics BV\",\"url\":\"https:\\\/\\\/lat.nl\\\/\",\"logo\":{\"@type\":\"ImageObject\",\"inLanguage\":\"sk-SK\",\"@id\":\"https:\\\/\\\/lat.nl\\\/#\\\/schema\\\/logo\\\/image\\\/\",\"url\":\"https:\\\/\\\/lat.nl\\\/wp-content\\\/uploads\\\/2018\\\/03\\\/logo.jpg\",\"contentUrl\":\"https:\\\/\\\/lat.nl\\\/wp-content\\\/uploads\\\/2018\\\/03\\\/logo.jpg\",\"width\":319,\"height\":122,\"caption\":\"Looije Agro Technics BV\"},\"image\":{\"@id\":\"https:\\\/\\\/lat.nl\\\/#\\\/schema\\\/logo\\\/image\\\/\"}}]}<\/script>\n<!-- \/ Yoast SEO plugin. -->","yoast_head_json":{"title":"Industrijska otpadna toplota - Looije Agro Technics BV","robots":{"index":"index","follow":"follow","max-snippet":"max-snippet:-1","max-image-preview":"max-image-preview:large","max-video-preview":"max-video-preview:-1"},"canonical":"https:\/\/lat.nl\/sk\/industrijska-otpadna-toplota\/","og_locale":"sk_SK","og_type":"article","og_title":"Industrijska otpadna toplota - Looije Agro Technics BV","og_description":"Inovativnost zna\u010di biti u potrazi za novim moguc\u0301nostma i stvarati ih, a da pritom ne zanemarite aspekte izvodljivosti i eksploatacije. Looije Agro Technics usmerava i savetuje svoje klijente u vezi sa upotrebom otpadne toplote koja se koriste za zagrevanje staklenika. Uzmimo, na primer, rafineriju Shell u Heming\u0161tadu (Hemmingstedt), u Nema\u010dkoj \u2013 vi\u0161ak toplote se transportuje [&hellip;]","og_url":"https:\/\/lat.nl\/sk\/industrijska-otpadna-toplota\/","og_site_name":"Looije Agro Technics BV","twitter_card":"summary_large_image","twitter_misc":{"Predpokladan\u00fd \u010das \u010d\u00edtania":"1 min\u00fata"},"schema":{"@context":"https:\/\/schema.org","@graph":[{"@type":"WebPage","@id":"https:\/\/lat.nl\/sk\/industrijska-otpadna-toplota\/","url":"https:\/\/lat.nl\/sk\/industrijska-otpadna-toplota\/","name":"Industrijska otpadna toplota - Looije Agro Technics BV","isPartOf":{"@id":"https:\/\/lat.nl\/#website"},"datePublished":"2018-03-28T12:13:44+00:00","breadcrumb":{"@id":"https:\/\/lat.nl\/sk\/industrijska-otpadna-toplota\/#breadcrumb"},"inLanguage":"sk-SK","potentialAction":[{"@type":"ReadAction","target":["https:\/\/lat.nl\/sk\/industrijska-otpadna-toplota\/"]}]},{"@type":"BreadcrumbList","@id":"https:\/\/lat.nl\/sk\/industrijska-otpadna-toplota\/#breadcrumb","itemListElement":[{"@type":"ListItem","position":1,"name":"Home","item":"https:\/\/lat.nl\/sk\/"},{"@type":"ListItem","position":2,"name":"Industrijska otpadna toplota"}]},{"@type":"WebSite","@id":"https:\/\/lat.nl\/#website","url":"https:\/\/lat.nl\/","name":"Looije Agro Technics BV","description":"H\u00e9t onafhankelijk bouwmanagementbureau in de glastuinbouwsector","publisher":{"@id":"https:\/\/lat.nl\/#organization"},"potentialAction":[{"@type":"SearchAction","target":{"@type":"EntryPoint","urlTemplate":"https:\/\/lat.nl\/?s={search_term_string}"},"query-input":{"@type":"PropertyValueSpecification","valueRequired":true,"valueName":"search_term_string"}}],"inLanguage":"sk-SK"},{"@type":"Organization","@id":"https:\/\/lat.nl\/#organization","name":"Looije Agro Technics BV","url":"https:\/\/lat.nl\/","logo":{"@type":"ImageObject","inLanguage":"sk-SK","@id":"https:\/\/lat.nl\/#\/schema\/logo\/image\/","url":"https:\/\/lat.nl\/wp-content\/uploads\/2018\/03\/logo.jpg","contentUrl":"https:\/\/lat.nl\/wp-content\/uploads\/2018\/03\/logo.jpg","width":319,"height":122,"caption":"Looije Agro Technics BV"},"image":{"@id":"https:\/\/lat.nl\/#\/schema\/logo\/image\/"}}]}},"_links":{"self":[{"href":"https:\/\/lat.nl\/sk\/wp-json\/wp\/v2\/pages\/2410","targetHints":{"allow":["GET"]}}],"collection":[{"href":"https:\/\/lat.nl\/sk\/wp-json\/wp\/v2\/pages"}],"about":[{"href":"https:\/\/lat.nl\/sk\/wp-json\/wp\/v2\/types\/page"}],"author":[{"embeddable":true,"href":"https:\/\/lat.nl\/sk\/wp-json\/wp\/v2\/users\/1"}],"replies":[{"embeddable":true,"href":"https:\/\/lat.nl\/sk\/wp-json\/wp\/v2\/comments?post=2410"}],"version-history":[{"count":0,"href":"https:\/\/lat.nl\/sk\/wp-json\/wp\/v2\/pages\/2410\/revisions"}],"wp:attachment":[{"href":"https:\/\/lat.nl\/sk\/wp-json\/wp\/v2\/media?parent=2410"}],"curies":[{"name":"wp","href":"https:\/\/api.w.org\/{rel}","templated":true}]}}