{"id":2412,"date":"2018-03-28T12:13:44","date_gmt":"2018-03-28T12:13:44","guid":{"rendered":"https:\/\/lat.nl\/geodetska-istrazivanja\/"},"modified":"2018-03-28T12:13:44","modified_gmt":"2018-03-28T12:13:44","slug":"geodetska-istrazivanja","status":"publish","type":"page","link":"https:\/\/lat.nl\/sk\/geodetska-istrazivanja\/","title":{"rendered":"Geodetska istra\u017eivanja"},"content":{"rendered":"<p>Looije Agro Technics B.V. ima svoje stru\u010dnjake i svoju sofisticiranu opremu za obavljanje geodetskih istra\u017eivanja \u2013 od povr\u0161inskog merenja do vrlo zahtevnih merenja profila zemlje, odre\u0111ivanja nivoa vode, merenja triangulacije i sli\u010dno. U Holandiji, Looije Agro Technics ima direktan pristup svim digitalnim bazama i sistemima kao \u0161to je katastar, tako da se merenja vr\u0161e i upore\u0111uju i na osnovu trenutnih katastarskih podataka. Na\u0161i stru\u010dnjaci iz Looije Agro Technics B.V. su upoznati sa svim holandskim sistemima i koordinatnim sistemima, ali i specifi\u010dnim sporazumima i mernim sistemima u drugim evropskim zemljama.<br \/>\n<BR><BR><br \/>\nDa li nameravate da kupite zemlju ili \u017eelite da znate da li je va\u0161a zemlja pogodna za \u017eeljeni projekat koji ima specifi\u010dne zahteve? Na\u0161a merenja \u0107e vam odgovoriti na sva va\u0161a pitanja jer se izvode potpuno neodvisno i objektivno.<br \/>\n<BR><BR><br \/>\nNa\u0161i crte\u017ei, nacrti, skice i prora\u010duni \u010dine odli\u010dnu polaznu ta\u010dku za dizajnere va\u0161eg projekta. Pored toga, na\u0161i stru\u010dnjaci za geodetska istra\u017eivanja \u0107e pratiti sve temelje aktivnosti i radove na va\u0161em terenu. Njihov moto je: \u201cPoverenje je dobro, ali merenje i provere su bolje!\u201d<\/p>\n","protected":false},"excerpt":{"rendered":"<p>Looije Agro Technics B.V. ima svoje stru\u010dnjake i svoju sofisticiranu opremu za obavljanje geodetskih istra\u017eivanja \u2013 od povr\u0161inskog merenja do vrlo zahtevnih merenja profila zemlje, odre\u0111ivanja nivoa vode, merenja triangulacije i sli\u010dno. U Holandiji, Looije Agro Technics ima direktan pristup svim digitalnim bazama i sistemima kao \u0161to je katastar, tako da se merenja vr\u0161e i [&hellip;]<\/p>\n","protected":false},"author":1,"featured_media":0,"parent":0,"menu_order":0,"comment_status":"open","ping_status":"closed","template":"","meta":{"_acf_changed":false,"_exactmetrics_skip_tracking":false,"_exactmetrics_sitenote_active":false,"_exactmetrics_sitenote_note":"","_exactmetrics_sitenote_category":0,"footnotes":""},"class_list":["post-2412","page","type-page","status-publish","hentry"],"acf":[],"yoast_head":"<!-- This site is optimized with the Yoast SEO plugin v27.4 - https:\/\/yoast.com\/product\/yoast-seo-wordpress\/ -->\n<title>Geodetska istra\u017eivanja - Looije Agro Technics BV<\/title>\n<meta name=\"robots\" content=\"index, follow, max-snippet:-1, max-image-preview:large, max-video-preview:-1\" \/>\n<link rel=\"canonical\" href=\"https:\/\/lat.nl\/sk\/geodetska-istrazivanja\/\" \/>\n<meta property=\"og:locale\" content=\"sk_SK\" \/>\n<meta property=\"og:type\" content=\"article\" \/>\n<meta property=\"og:title\" content=\"Geodetska istra\u017eivanja - Looije Agro Technics BV\" \/>\n<meta property=\"og:description\" content=\"Looije Agro Technics B.V. ima svoje stru\u010dnjake i svoju sofisticiranu opremu za obavljanje geodetskih istra\u017eivanja \u2013 od povr\u0161inskog merenja do vrlo zahtevnih merenja profila zemlje, odre\u0111ivanja nivoa vode, merenja triangulacije i sli\u010dno. U Holandiji, Looije Agro Technics ima direktan pristup svim digitalnim bazama i sistemima kao \u0161to je katastar, tako da se merenja vr\u0161e i [&hellip;]\" \/>\n<meta property=\"og:url\" content=\"https:\/\/lat.nl\/sk\/geodetska-istrazivanja\/\" \/>\n<meta property=\"og:site_name\" content=\"Looije Agro Technics BV\" \/>\n<meta name=\"twitter:card\" content=\"summary_large_image\" \/>\n<meta name=\"twitter:label1\" content=\"Predpokladan\u00fd \u010das \u010d\u00edtania\" \/>\n\t<meta name=\"twitter:data1\" content=\"1 min\u00fata\" \/>\n<script type=\"application\/ld+json\" class=\"yoast-schema-graph\">{\"@context\":\"https:\\\/\\\/schema.org\",\"@graph\":[{\"@type\":\"WebPage\",\"@id\":\"https:\\\/\\\/lat.nl\\\/sk\\\/geodetska-istrazivanja\\\/\",\"url\":\"https:\\\/\\\/lat.nl\\\/sk\\\/geodetska-istrazivanja\\\/\",\"name\":\"Geodetska istra\u017eivanja - Looije Agro Technics BV\",\"isPartOf\":{\"@id\":\"https:\\\/\\\/lat.nl\\\/#website\"},\"datePublished\":\"2018-03-28T12:13:44+00:00\",\"breadcrumb\":{\"@id\":\"https:\\\/\\\/lat.nl\\\/sk\\\/geodetska-istrazivanja\\\/#breadcrumb\"},\"inLanguage\":\"sk-SK\",\"potentialAction\":[{\"@type\":\"ReadAction\",\"target\":[\"https:\\\/\\\/lat.nl\\\/sk\\\/geodetska-istrazivanja\\\/\"]}]},{\"@type\":\"BreadcrumbList\",\"@id\":\"https:\\\/\\\/lat.nl\\\/sk\\\/geodetska-istrazivanja\\\/#breadcrumb\",\"itemListElement\":[{\"@type\":\"ListItem\",\"position\":1,\"name\":\"Home\",\"item\":\"https:\\\/\\\/lat.nl\\\/sk\\\/\"},{\"@type\":\"ListItem\",\"position\":2,\"name\":\"Geodetska istra\u017eivanja\"}]},{\"@type\":\"WebSite\",\"@id\":\"https:\\\/\\\/lat.nl\\\/#website\",\"url\":\"https:\\\/\\\/lat.nl\\\/\",\"name\":\"Looije Agro Technics BV\",\"description\":\"H\u00e9t onafhankelijk bouwmanagementbureau in de glastuinbouwsector\",\"publisher\":{\"@id\":\"https:\\\/\\\/lat.nl\\\/#organization\"},\"potentialAction\":[{\"@type\":\"SearchAction\",\"target\":{\"@type\":\"EntryPoint\",\"urlTemplate\":\"https:\\\/\\\/lat.nl\\\/?s={search_term_string}\"},\"query-input\":{\"@type\":\"PropertyValueSpecification\",\"valueRequired\":true,\"valueName\":\"search_term_string\"}}],\"inLanguage\":\"sk-SK\"},{\"@type\":\"Organization\",\"@id\":\"https:\\\/\\\/lat.nl\\\/#organization\",\"name\":\"Looije Agro Technics BV\",\"url\":\"https:\\\/\\\/lat.nl\\\/\",\"logo\":{\"@type\":\"ImageObject\",\"inLanguage\":\"sk-SK\",\"@id\":\"https:\\\/\\\/lat.nl\\\/#\\\/schema\\\/logo\\\/image\\\/\",\"url\":\"https:\\\/\\\/lat.nl\\\/wp-content\\\/uploads\\\/2018\\\/03\\\/logo.jpg\",\"contentUrl\":\"https:\\\/\\\/lat.nl\\\/wp-content\\\/uploads\\\/2018\\\/03\\\/logo.jpg\",\"width\":319,\"height\":122,\"caption\":\"Looije Agro Technics BV\"},\"image\":{\"@id\":\"https:\\\/\\\/lat.nl\\\/#\\\/schema\\\/logo\\\/image\\\/\"}}]}<\/script>\n<!-- \/ Yoast SEO plugin. -->","yoast_head_json":{"title":"Geodetska istra\u017eivanja - Looije Agro Technics BV","robots":{"index":"index","follow":"follow","max-snippet":"max-snippet:-1","max-image-preview":"max-image-preview:large","max-video-preview":"max-video-preview:-1"},"canonical":"https:\/\/lat.nl\/sk\/geodetska-istrazivanja\/","og_locale":"sk_SK","og_type":"article","og_title":"Geodetska istra\u017eivanja - Looije Agro Technics BV","og_description":"Looije Agro Technics B.V. ima svoje stru\u010dnjake i svoju sofisticiranu opremu za obavljanje geodetskih istra\u017eivanja \u2013 od povr\u0161inskog merenja do vrlo zahtevnih merenja profila zemlje, odre\u0111ivanja nivoa vode, merenja triangulacije i sli\u010dno. U Holandiji, Looije Agro Technics ima direktan pristup svim digitalnim bazama i sistemima kao \u0161to je katastar, tako da se merenja vr\u0161e i [&hellip;]","og_url":"https:\/\/lat.nl\/sk\/geodetska-istrazivanja\/","og_site_name":"Looije Agro Technics BV","twitter_card":"summary_large_image","twitter_misc":{"Predpokladan\u00fd \u010das \u010d\u00edtania":"1 min\u00fata"},"schema":{"@context":"https:\/\/schema.org","@graph":[{"@type":"WebPage","@id":"https:\/\/lat.nl\/sk\/geodetska-istrazivanja\/","url":"https:\/\/lat.nl\/sk\/geodetska-istrazivanja\/","name":"Geodetska istra\u017eivanja - Looije Agro Technics BV","isPartOf":{"@id":"https:\/\/lat.nl\/#website"},"datePublished":"2018-03-28T12:13:44+00:00","breadcrumb":{"@id":"https:\/\/lat.nl\/sk\/geodetska-istrazivanja\/#breadcrumb"},"inLanguage":"sk-SK","potentialAction":[{"@type":"ReadAction","target":["https:\/\/lat.nl\/sk\/geodetska-istrazivanja\/"]}]},{"@type":"BreadcrumbList","@id":"https:\/\/lat.nl\/sk\/geodetska-istrazivanja\/#breadcrumb","itemListElement":[{"@type":"ListItem","position":1,"name":"Home","item":"https:\/\/lat.nl\/sk\/"},{"@type":"ListItem","position":2,"name":"Geodetska istra\u017eivanja"}]},{"@type":"WebSite","@id":"https:\/\/lat.nl\/#website","url":"https:\/\/lat.nl\/","name":"Looije Agro Technics BV","description":"H\u00e9t onafhankelijk bouwmanagementbureau in de glastuinbouwsector","publisher":{"@id":"https:\/\/lat.nl\/#organization"},"potentialAction":[{"@type":"SearchAction","target":{"@type":"EntryPoint","urlTemplate":"https:\/\/lat.nl\/?s={search_term_string}"},"query-input":{"@type":"PropertyValueSpecification","valueRequired":true,"valueName":"search_term_string"}}],"inLanguage":"sk-SK"},{"@type":"Organization","@id":"https:\/\/lat.nl\/#organization","name":"Looije Agro Technics BV","url":"https:\/\/lat.nl\/","logo":{"@type":"ImageObject","inLanguage":"sk-SK","@id":"https:\/\/lat.nl\/#\/schema\/logo\/image\/","url":"https:\/\/lat.nl\/wp-content\/uploads\/2018\/03\/logo.jpg","contentUrl":"https:\/\/lat.nl\/wp-content\/uploads\/2018\/03\/logo.jpg","width":319,"height":122,"caption":"Looije Agro Technics BV"},"image":{"@id":"https:\/\/lat.nl\/#\/schema\/logo\/image\/"}}]}},"_links":{"self":[{"href":"https:\/\/lat.nl\/sk\/wp-json\/wp\/v2\/pages\/2412","targetHints":{"allow":["GET"]}}],"collection":[{"href":"https:\/\/lat.nl\/sk\/wp-json\/wp\/v2\/pages"}],"about":[{"href":"https:\/\/lat.nl\/sk\/wp-json\/wp\/v2\/types\/page"}],"author":[{"embeddable":true,"href":"https:\/\/lat.nl\/sk\/wp-json\/wp\/v2\/users\/1"}],"replies":[{"embeddable":true,"href":"https:\/\/lat.nl\/sk\/wp-json\/wp\/v2\/comments?post=2412"}],"version-history":[{"count":0,"href":"https:\/\/lat.nl\/sk\/wp-json\/wp\/v2\/pages\/2412\/revisions"}],"wp:attachment":[{"href":"https:\/\/lat.nl\/sk\/wp-json\/wp\/v2\/media?parent=2412"}],"curies":[{"name":"wp","href":"https:\/\/api.w.org\/{rel}","templated":true}]}}