{"id":2414,"date":"2018-03-28T12:13:44","date_gmt":"2018-03-28T12:13:44","guid":{"rendered":"https:\/\/lat.nl\/logisticki-sistemi-u-stakleniku-i-dvorana-firme\/"},"modified":"2018-03-28T12:13:44","modified_gmt":"2018-03-28T12:13:44","slug":"logisticki-sistemi-u-stakleniku-i-dvorana-firme","status":"publish","type":"page","link":"https:\/\/lat.nl\/sk\/logisticki-sistemi-u-stakleniku-i-dvorana-firme\/","title":{"rendered":"Logisti\u010dki sistemi u stakleniku i dvorana firme"},"content":{"rendered":"<p>Looije Agro Technics B.V. je aktivan i u okviru sektora komercijalne proizvodnje hrane i namirnica, ali i u drugim sektorima tr\u017ei\u0161ta  staklenih ba\u0161ti. Svaki sektor ima svoja logisti\u010dka re\u0161enja u vezi sa zalivanjem, transportom, obradom, sortiranjem i spremanjem za isporuku. Neki od ovih sistema su: sistem kontejnera, automatska kolica za skupljanje, vise\u0107i ili podzemni transporteri, sistem za potpuno automatsko sortiranje i sl.<br \/>\n<BR><BR><br \/>\nMi imamo potrebna znanja o svim raspolo\u017eivim tehnologijma i moguc\u0301nostima iz ove oblasti, tako da \u0107emo za vas odabrati upravo onakvu logisti\u010dku \u0161emu koja se savr\u0161eno uklapa sa va\u0161im \u017eeljama, potrebama i moguc\u0301nostima. Autenti\u010dan logisti\u010dki plan kreiramo specijalno za va\u0161u kompaniju i ne postoje dva ista plana.<br \/>\n<BR><BR><br \/>\nU razvoju logisti\u010dke \u0161eme va\u0161i su ineteresi i \u017eelje u prvom planu. U nekim slu\u010dajevima kombinujemo takve komponente, koje su vec\u0301 standardno dostupne na tr\u017ei\u0161tu odnosno standardne su za va\u0161u liniju poslovanja, dok je u drugim primerima potrebno da se prona\u0111u specijalna re\u0161enja, koja se posebno kreiraju i razvijaju samo za vas.<br \/>\n<BR><BR><br \/>\nU po\u010detku c\u0301emo razviti op\u0161ti koncept i pripremiti sveobuhvatne funkcionalne opise i crte\u017ee\/nacrte, tako da \u0107ete to imati spremno pre tra\u017eenja ponuda od dobavlja\u010da. Ovakav sistem rada spre\u010dava da komercijalni interesi dobavlja\u010da nadja\u010daju in\u017eenjering sistema. Zbog toga je Looije Agro Technics tvorac mnogih novih sistema na tr\u017ei\u0161tu staklenih ba\u0161ti, uklju\u010dujuc\u0301i i revolucionarni sistem vezan za uzgajanje saksijskog bilja na uskim, pokretnim \u017elebovima. U okviru tr\u017ei\u0161ta staklenika, \u010dak i uzgajanje paradajza, paprike ili drugih biljaka ume da bude vrlo zahtevno i odgovorno.<br \/>\n<BR><BR><br \/>\nNa\u0161i stru\u010dnjaci iz slu\u017ebe \u201cLogisti\u010dkih sistema\u201d blisko sara\u0111uju sa na\u0161im timom za pripremu projekta, kao i sa drugim stru\u010dnjacima, zbog toga \u0161to postoji mnogo preklapanja izme\u0111u oblikovanja i implementacije logisti\u010dkih sistema i izgradnje staklenika, poslovnih prostora, kao i druge opreme na tr\u017ei\u0161tu staklenih ba\u0161ti.<\/p>\n","protected":false},"excerpt":{"rendered":"<p>Looije Agro Technics B.V. je aktivan i u okviru sektora komercijalne proizvodnje hrane i namirnica, ali i u drugim sektorima tr\u017ei\u0161ta staklenih ba\u0161ti. Svaki sektor ima svoja logisti\u010dka re\u0161enja u vezi sa zalivanjem, transportom, obradom, sortiranjem i spremanjem za isporuku. Neki od ovih sistema su: sistem kontejnera, automatska kolica za skupljanje, vise\u0107i ili podzemni transporteri, [&hellip;]<\/p>\n","protected":false},"author":1,"featured_media":0,"parent":0,"menu_order":0,"comment_status":"open","ping_status":"closed","template":"","meta":{"_acf_changed":false,"_exactmetrics_skip_tracking":false,"_exactmetrics_sitenote_active":false,"_exactmetrics_sitenote_note":"","_exactmetrics_sitenote_category":0,"footnotes":""},"class_list":["post-2414","page","type-page","status-publish","hentry"],"acf":[],"yoast_head":"<!-- This site is optimized with the Yoast SEO plugin v27.2 - https:\/\/yoast.com\/product\/yoast-seo-wordpress\/ -->\n<title>Logisti\u010dki sistemi u stakleniku i dvorana firme - Looije Agro Technics BV<\/title>\n<meta name=\"robots\" content=\"index, follow, max-snippet:-1, max-image-preview:large, max-video-preview:-1\" \/>\n<link rel=\"canonical\" href=\"https:\/\/lat.nl\/sk\/logisticki-sistemi-u-stakleniku-i-dvorana-firme\/\" \/>\n<meta property=\"og:locale\" content=\"sk_SK\" \/>\n<meta property=\"og:type\" content=\"article\" \/>\n<meta property=\"og:title\" content=\"Logisti\u010dki sistemi u stakleniku i dvorana firme - Looije Agro Technics BV\" \/>\n<meta property=\"og:description\" content=\"Looije Agro Technics B.V. je aktivan i u okviru sektora komercijalne proizvodnje hrane i namirnica, ali i u drugim sektorima tr\u017ei\u0161ta staklenih ba\u0161ti. Svaki sektor ima svoja logisti\u010dka re\u0161enja u vezi sa zalivanjem, transportom, obradom, sortiranjem i spremanjem za isporuku. Neki od ovih sistema su: sistem kontejnera, automatska kolica za skupljanje, vise\u0107i ili podzemni transporteri, [&hellip;]\" \/>\n<meta property=\"og:url\" content=\"https:\/\/lat.nl\/sk\/logisticki-sistemi-u-stakleniku-i-dvorana-firme\/\" \/>\n<meta property=\"og:site_name\" content=\"Looije Agro Technics BV\" \/>\n<meta name=\"twitter:card\" content=\"summary_large_image\" \/>\n<meta name=\"twitter:label1\" content=\"Predpokladan\u00fd \u010das \u010d\u00edtania\" \/>\n\t<meta name=\"twitter:data1\" content=\"2 min\u00faty\" \/>\n<script type=\"application\/ld+json\" class=\"yoast-schema-graph\">{\"@context\":\"https:\/\/schema.org\",\"@graph\":[{\"@type\":\"WebPage\",\"@id\":\"https:\/\/lat.nl\/sk\/logisticki-sistemi-u-stakleniku-i-dvorana-firme\/\",\"url\":\"https:\/\/lat.nl\/sk\/logisticki-sistemi-u-stakleniku-i-dvorana-firme\/\",\"name\":\"Logisti\u010dki sistemi u stakleniku i dvorana firme - Looije Agro Technics BV\",\"isPartOf\":{\"@id\":\"https:\/\/lat.nl\/#website\"},\"datePublished\":\"2018-03-28T12:13:44+00:00\",\"breadcrumb\":{\"@id\":\"https:\/\/lat.nl\/sk\/logisticki-sistemi-u-stakleniku-i-dvorana-firme\/#breadcrumb\"},\"inLanguage\":\"sk-SK\",\"potentialAction\":[{\"@type\":\"ReadAction\",\"target\":[\"https:\/\/lat.nl\/sk\/logisticki-sistemi-u-stakleniku-i-dvorana-firme\/\"]}]},{\"@type\":\"BreadcrumbList\",\"@id\":\"https:\/\/lat.nl\/sk\/logisticki-sistemi-u-stakleniku-i-dvorana-firme\/#breadcrumb\",\"itemListElement\":[{\"@type\":\"ListItem\",\"position\":1,\"name\":\"Home\",\"item\":\"https:\/\/lat.nl\/sk\/\"},{\"@type\":\"ListItem\",\"position\":2,\"name\":\"Logisti\u010dki sistemi u stakleniku i dvorana firme\"}]},{\"@type\":\"WebSite\",\"@id\":\"https:\/\/lat.nl\/#website\",\"url\":\"https:\/\/lat.nl\/\",\"name\":\"Looije Agro Technics BV\",\"description\":\"H\u00e9t onafhankelijk bouwmanagementbureau in de glastuinbouwsector\",\"publisher\":{\"@id\":\"https:\/\/lat.nl\/#organization\"},\"potentialAction\":[{\"@type\":\"SearchAction\",\"target\":{\"@type\":\"EntryPoint\",\"urlTemplate\":\"https:\/\/lat.nl\/?s={search_term_string}\"},\"query-input\":{\"@type\":\"PropertyValueSpecification\",\"valueRequired\":true,\"valueName\":\"search_term_string\"}}],\"inLanguage\":\"sk-SK\"},{\"@type\":\"Organization\",\"@id\":\"https:\/\/lat.nl\/#organization\",\"name\":\"Looije Agro Technics BV\",\"url\":\"https:\/\/lat.nl\/\",\"logo\":{\"@type\":\"ImageObject\",\"inLanguage\":\"sk-SK\",\"@id\":\"https:\/\/lat.nl\/#\/schema\/logo\/image\/\",\"url\":\"https:\/\/lat.nl\/wp-content\/uploads\/2018\/03\/logo.jpg\",\"contentUrl\":\"https:\/\/lat.nl\/wp-content\/uploads\/2018\/03\/logo.jpg\",\"width\":319,\"height\":122,\"caption\":\"Looije Agro Technics BV\"},\"image\":{\"@id\":\"https:\/\/lat.nl\/#\/schema\/logo\/image\/\"}}]}<\/script>\n<!-- \/ Yoast SEO plugin. -->","yoast_head_json":{"title":"Logisti\u010dki sistemi u stakleniku i dvorana firme - Looije Agro Technics BV","robots":{"index":"index","follow":"follow","max-snippet":"max-snippet:-1","max-image-preview":"max-image-preview:large","max-video-preview":"max-video-preview:-1"},"canonical":"https:\/\/lat.nl\/sk\/logisticki-sistemi-u-stakleniku-i-dvorana-firme\/","og_locale":"sk_SK","og_type":"article","og_title":"Logisti\u010dki sistemi u stakleniku i dvorana firme - Looije Agro Technics BV","og_description":"Looije Agro Technics B.V. je aktivan i u okviru sektora komercijalne proizvodnje hrane i namirnica, ali i u drugim sektorima tr\u017ei\u0161ta staklenih ba\u0161ti. Svaki sektor ima svoja logisti\u010dka re\u0161enja u vezi sa zalivanjem, transportom, obradom, sortiranjem i spremanjem za isporuku. Neki od ovih sistema su: sistem kontejnera, automatska kolica za skupljanje, vise\u0107i ili podzemni transporteri, [&hellip;]","og_url":"https:\/\/lat.nl\/sk\/logisticki-sistemi-u-stakleniku-i-dvorana-firme\/","og_site_name":"Looije Agro Technics BV","twitter_card":"summary_large_image","twitter_misc":{"Predpokladan\u00fd \u010das \u010d\u00edtania":"2 min\u00faty"},"schema":{"@context":"https:\/\/schema.org","@graph":[{"@type":"WebPage","@id":"https:\/\/lat.nl\/sk\/logisticki-sistemi-u-stakleniku-i-dvorana-firme\/","url":"https:\/\/lat.nl\/sk\/logisticki-sistemi-u-stakleniku-i-dvorana-firme\/","name":"Logisti\u010dki sistemi u stakleniku i dvorana firme - Looije Agro Technics BV","isPartOf":{"@id":"https:\/\/lat.nl\/#website"},"datePublished":"2018-03-28T12:13:44+00:00","breadcrumb":{"@id":"https:\/\/lat.nl\/sk\/logisticki-sistemi-u-stakleniku-i-dvorana-firme\/#breadcrumb"},"inLanguage":"sk-SK","potentialAction":[{"@type":"ReadAction","target":["https:\/\/lat.nl\/sk\/logisticki-sistemi-u-stakleniku-i-dvorana-firme\/"]}]},{"@type":"BreadcrumbList","@id":"https:\/\/lat.nl\/sk\/logisticki-sistemi-u-stakleniku-i-dvorana-firme\/#breadcrumb","itemListElement":[{"@type":"ListItem","position":1,"name":"Home","item":"https:\/\/lat.nl\/sk\/"},{"@type":"ListItem","position":2,"name":"Logisti\u010dki sistemi u stakleniku i dvorana firme"}]},{"@type":"WebSite","@id":"https:\/\/lat.nl\/#website","url":"https:\/\/lat.nl\/","name":"Looije Agro Technics BV","description":"H\u00e9t onafhankelijk bouwmanagementbureau in de glastuinbouwsector","publisher":{"@id":"https:\/\/lat.nl\/#organization"},"potentialAction":[{"@type":"SearchAction","target":{"@type":"EntryPoint","urlTemplate":"https:\/\/lat.nl\/?s={search_term_string}"},"query-input":{"@type":"PropertyValueSpecification","valueRequired":true,"valueName":"search_term_string"}}],"inLanguage":"sk-SK"},{"@type":"Organization","@id":"https:\/\/lat.nl\/#organization","name":"Looije Agro Technics BV","url":"https:\/\/lat.nl\/","logo":{"@type":"ImageObject","inLanguage":"sk-SK","@id":"https:\/\/lat.nl\/#\/schema\/logo\/image\/","url":"https:\/\/lat.nl\/wp-content\/uploads\/2018\/03\/logo.jpg","contentUrl":"https:\/\/lat.nl\/wp-content\/uploads\/2018\/03\/logo.jpg","width":319,"height":122,"caption":"Looije Agro Technics BV"},"image":{"@id":"https:\/\/lat.nl\/#\/schema\/logo\/image\/"}}]}},"_links":{"self":[{"href":"https:\/\/lat.nl\/sk\/wp-json\/wp\/v2\/pages\/2414","targetHints":{"allow":["GET"]}}],"collection":[{"href":"https:\/\/lat.nl\/sk\/wp-json\/wp\/v2\/pages"}],"about":[{"href":"https:\/\/lat.nl\/sk\/wp-json\/wp\/v2\/types\/page"}],"author":[{"embeddable":true,"href":"https:\/\/lat.nl\/sk\/wp-json\/wp\/v2\/users\/1"}],"replies":[{"embeddable":true,"href":"https:\/\/lat.nl\/sk\/wp-json\/wp\/v2\/comments?post=2414"}],"version-history":[{"count":0,"href":"https:\/\/lat.nl\/sk\/wp-json\/wp\/v2\/pages\/2414\/revisions"}],"wp:attachment":[{"href":"https:\/\/lat.nl\/sk\/wp-json\/wp\/v2\/media?parent=2414"}],"curies":[{"name":"wp","href":"https:\/\/api.w.org\/{rel}","templated":true}]}}