{"id":2420,"date":"2018-03-28T12:13:44","date_gmt":"2018-03-28T12:13:44","guid":{"rendered":"https:\/\/lat.nl\/osnivanje-i-kreiranje\/"},"modified":"2018-03-28T12:13:44","modified_gmt":"2018-03-28T12:13:44","slug":"osnivanje-i-kreiranje","status":"publish","type":"page","link":"https:\/\/lat.nl\/sk\/osnivanje-i-kreiranje\/","title":{"rendered":"Osnivanje i kreiranje"},"content":{"rendered":"<p>Postoji jedna stara izreka: \u201cVe\u0107ina ljudi ne planira da bude neuspe\u0161na, oni samo ne naprave uspe\u0161an plan\u201d.<\/p>\n<p> Za uspe\u0161an plan je potrebno znanje. Naravno, bitno je kakvo znanj je vama potrebno i kakve \u017eelje, zahteve, potebe i ideje vi imate. Tako\u0111e, bitna su i va\u0161a o\u010dekivanja i mogu\u0107nosti.<\/p>\n<p> Na\u0161e osoblje iz slu\u017ebe \u201cPriprema projekta\u201d c\u0301e vas snabdeti sa svim potrebnim informacijama i postavi\u0107e vam prava pitanja na osnovu kojih \u0107ete mo\u0107i jasno da nam opi\u0161ete svoju ideju. Mi \u0107emo biti va\u0161e ogledalo i usmerava\u0107emo vas uz pomo\u0107 pravih pitanja: Da li je to ba\u0161 ono \u0161to \u017eelite? Gde vidite va\u0161u kompaniju kroz 5 godina? Kako vi vidite va\u0161u kompaniju, na primer, za 15 godina?<\/p>\n<p> Za nas je izazov da budemo najbolji u oblasti staklenih ba\u0161ti. Tako\u0111e, uvek smo u toku \u0161to se ti\u010de novosti na ovom podru\u010dju iako mi radimo potpuno nezavisno od dobavlja\u010da ili drugih igra\u010da na tr\u017ei\u0161tu staklenih ba\u0161ti. Kombinacija svih na\u0161ih kvaliteta nam omogu\u0107ava da smo najbolji u davanju jasnih i jednostavnih, ali pre svega stru\u010dnih i nezavisnih saveta.<\/p>\n<p> Ukoliko je to potrebno, pre izrade plana, prvo c\u0301emo sprovesti posebno istra\u017eivanje <a href=\"index.php?option=com_content&amp;view=article&amp;id=561:feasibility-study&amp;catid=53:algemeen-en-2&amp;Itemid=411\">izvodljivosti<\/a>. Svi razgovori sa vama c\u0301e na kraju rezultirati u dobro osmi\u0161ljen i kompletan plan. Nakon toga, va\u0161 projekat c\u0301emo podeliti na logi\u010dke jedinice i za svaku jedinicu c\u0301emo mo\u0107i da pripremimo ta\u010dan opis. Na osnovu ovakvog opisa projekta mo\u0107i\u0107emo precizno da tra\u017eimo ponude od dobavlja\u010da ili da raspi\u0161emo tendere.<\/p>\n","protected":false},"excerpt":{"rendered":"<p>Postoji jedna stara izreka: \u201cVe\u0107ina ljudi ne planira da bude neuspe\u0161na, oni samo ne naprave uspe\u0161an plan\u201d. Za uspe\u0161an plan je potrebno znanje. Naravno, bitno je kakvo znanj je vama potrebno i kakve \u017eelje, zahteve, potebe i ideje vi imate. Tako\u0111e, bitna su i va\u0161a o\u010dekivanja i mogu\u0107nosti. Na\u0161e osoblje iz slu\u017ebe \u201cPriprema projekta\u201d c\u0301e [&hellip;]<\/p>\n","protected":false},"author":1,"featured_media":0,"parent":0,"menu_order":0,"comment_status":"open","ping_status":"closed","template":"","meta":{"_acf_changed":false,"_exactmetrics_skip_tracking":false,"_exactmetrics_sitenote_active":false,"_exactmetrics_sitenote_note":"","_exactmetrics_sitenote_category":0,"footnotes":""},"class_list":["post-2420","page","type-page","status-publish","hentry"],"acf":[],"yoast_head":"<!-- This site is optimized with the Yoast SEO plugin v27.4 - https:\/\/yoast.com\/product\/yoast-seo-wordpress\/ -->\n<title>Osnivanje i kreiranje - Looije Agro Technics BV<\/title>\n<meta name=\"robots\" content=\"index, follow, max-snippet:-1, max-image-preview:large, max-video-preview:-1\" \/>\n<link rel=\"canonical\" href=\"https:\/\/lat.nl\/sk\/osnivanje-i-kreiranje\/\" \/>\n<meta property=\"og:locale\" content=\"sk_SK\" \/>\n<meta property=\"og:type\" content=\"article\" \/>\n<meta property=\"og:title\" content=\"Osnivanje i kreiranje - Looije Agro Technics BV\" \/>\n<meta property=\"og:description\" content=\"Postoji jedna stara izreka: \u201cVe\u0107ina ljudi ne planira da bude neuspe\u0161na, oni samo ne naprave uspe\u0161an plan\u201d. Za uspe\u0161an plan je potrebno znanje. Naravno, bitno je kakvo znanj je vama potrebno i kakve \u017eelje, zahteve, potebe i ideje vi imate. Tako\u0111e, bitna su i va\u0161a o\u010dekivanja i mogu\u0107nosti. Na\u0161e osoblje iz slu\u017ebe \u201cPriprema projekta\u201d c\u0301e [&hellip;]\" \/>\n<meta property=\"og:url\" content=\"https:\/\/lat.nl\/sk\/osnivanje-i-kreiranje\/\" \/>\n<meta property=\"og:site_name\" content=\"Looije Agro Technics BV\" \/>\n<meta name=\"twitter:card\" content=\"summary_large_image\" \/>\n<meta name=\"twitter:label1\" content=\"Predpokladan\u00fd \u010das \u010d\u00edtania\" \/>\n\t<meta name=\"twitter:data1\" content=\"1 min\u00fata\" \/>\n<script type=\"application\/ld+json\" class=\"yoast-schema-graph\">{\"@context\":\"https:\\\/\\\/schema.org\",\"@graph\":[{\"@type\":\"WebPage\",\"@id\":\"https:\\\/\\\/lat.nl\\\/sk\\\/osnivanje-i-kreiranje\\\/\",\"url\":\"https:\\\/\\\/lat.nl\\\/sk\\\/osnivanje-i-kreiranje\\\/\",\"name\":\"Osnivanje i kreiranje - Looije Agro Technics BV\",\"isPartOf\":{\"@id\":\"https:\\\/\\\/lat.nl\\\/#website\"},\"datePublished\":\"2018-03-28T12:13:44+00:00\",\"breadcrumb\":{\"@id\":\"https:\\\/\\\/lat.nl\\\/sk\\\/osnivanje-i-kreiranje\\\/#breadcrumb\"},\"inLanguage\":\"sk-SK\",\"potentialAction\":[{\"@type\":\"ReadAction\",\"target\":[\"https:\\\/\\\/lat.nl\\\/sk\\\/osnivanje-i-kreiranje\\\/\"]}]},{\"@type\":\"BreadcrumbList\",\"@id\":\"https:\\\/\\\/lat.nl\\\/sk\\\/osnivanje-i-kreiranje\\\/#breadcrumb\",\"itemListElement\":[{\"@type\":\"ListItem\",\"position\":1,\"name\":\"Home\",\"item\":\"https:\\\/\\\/lat.nl\\\/sk\\\/\"},{\"@type\":\"ListItem\",\"position\":2,\"name\":\"Osnivanje i kreiranje\"}]},{\"@type\":\"WebSite\",\"@id\":\"https:\\\/\\\/lat.nl\\\/#website\",\"url\":\"https:\\\/\\\/lat.nl\\\/\",\"name\":\"Looije Agro Technics BV\",\"description\":\"H\u00e9t onafhankelijk bouwmanagementbureau in de glastuinbouwsector\",\"publisher\":{\"@id\":\"https:\\\/\\\/lat.nl\\\/#organization\"},\"potentialAction\":[{\"@type\":\"SearchAction\",\"target\":{\"@type\":\"EntryPoint\",\"urlTemplate\":\"https:\\\/\\\/lat.nl\\\/?s={search_term_string}\"},\"query-input\":{\"@type\":\"PropertyValueSpecification\",\"valueRequired\":true,\"valueName\":\"search_term_string\"}}],\"inLanguage\":\"sk-SK\"},{\"@type\":\"Organization\",\"@id\":\"https:\\\/\\\/lat.nl\\\/#organization\",\"name\":\"Looije Agro Technics BV\",\"url\":\"https:\\\/\\\/lat.nl\\\/\",\"logo\":{\"@type\":\"ImageObject\",\"inLanguage\":\"sk-SK\",\"@id\":\"https:\\\/\\\/lat.nl\\\/#\\\/schema\\\/logo\\\/image\\\/\",\"url\":\"https:\\\/\\\/lat.nl\\\/wp-content\\\/uploads\\\/2018\\\/03\\\/logo.jpg\",\"contentUrl\":\"https:\\\/\\\/lat.nl\\\/wp-content\\\/uploads\\\/2018\\\/03\\\/logo.jpg\",\"width\":319,\"height\":122,\"caption\":\"Looije Agro Technics BV\"},\"image\":{\"@id\":\"https:\\\/\\\/lat.nl\\\/#\\\/schema\\\/logo\\\/image\\\/\"}}]}<\/script>\n<!-- \/ Yoast SEO plugin. -->","yoast_head_json":{"title":"Osnivanje i kreiranje - Looije Agro Technics BV","robots":{"index":"index","follow":"follow","max-snippet":"max-snippet:-1","max-image-preview":"max-image-preview:large","max-video-preview":"max-video-preview:-1"},"canonical":"https:\/\/lat.nl\/sk\/osnivanje-i-kreiranje\/","og_locale":"sk_SK","og_type":"article","og_title":"Osnivanje i kreiranje - Looije Agro Technics BV","og_description":"Postoji jedna stara izreka: \u201cVe\u0107ina ljudi ne planira da bude neuspe\u0161na, oni samo ne naprave uspe\u0161an plan\u201d. Za uspe\u0161an plan je potrebno znanje. Naravno, bitno je kakvo znanj je vama potrebno i kakve \u017eelje, zahteve, potebe i ideje vi imate. Tako\u0111e, bitna su i va\u0161a o\u010dekivanja i mogu\u0107nosti. Na\u0161e osoblje iz slu\u017ebe \u201cPriprema projekta\u201d c\u0301e [&hellip;]","og_url":"https:\/\/lat.nl\/sk\/osnivanje-i-kreiranje\/","og_site_name":"Looije Agro Technics BV","twitter_card":"summary_large_image","twitter_misc":{"Predpokladan\u00fd \u010das \u010d\u00edtania":"1 min\u00fata"},"schema":{"@context":"https:\/\/schema.org","@graph":[{"@type":"WebPage","@id":"https:\/\/lat.nl\/sk\/osnivanje-i-kreiranje\/","url":"https:\/\/lat.nl\/sk\/osnivanje-i-kreiranje\/","name":"Osnivanje i kreiranje - Looije Agro Technics BV","isPartOf":{"@id":"https:\/\/lat.nl\/#website"},"datePublished":"2018-03-28T12:13:44+00:00","breadcrumb":{"@id":"https:\/\/lat.nl\/sk\/osnivanje-i-kreiranje\/#breadcrumb"},"inLanguage":"sk-SK","potentialAction":[{"@type":"ReadAction","target":["https:\/\/lat.nl\/sk\/osnivanje-i-kreiranje\/"]}]},{"@type":"BreadcrumbList","@id":"https:\/\/lat.nl\/sk\/osnivanje-i-kreiranje\/#breadcrumb","itemListElement":[{"@type":"ListItem","position":1,"name":"Home","item":"https:\/\/lat.nl\/sk\/"},{"@type":"ListItem","position":2,"name":"Osnivanje i kreiranje"}]},{"@type":"WebSite","@id":"https:\/\/lat.nl\/#website","url":"https:\/\/lat.nl\/","name":"Looije Agro Technics BV","description":"H\u00e9t onafhankelijk bouwmanagementbureau in de glastuinbouwsector","publisher":{"@id":"https:\/\/lat.nl\/#organization"},"potentialAction":[{"@type":"SearchAction","target":{"@type":"EntryPoint","urlTemplate":"https:\/\/lat.nl\/?s={search_term_string}"},"query-input":{"@type":"PropertyValueSpecification","valueRequired":true,"valueName":"search_term_string"}}],"inLanguage":"sk-SK"},{"@type":"Organization","@id":"https:\/\/lat.nl\/#organization","name":"Looije Agro Technics BV","url":"https:\/\/lat.nl\/","logo":{"@type":"ImageObject","inLanguage":"sk-SK","@id":"https:\/\/lat.nl\/#\/schema\/logo\/image\/","url":"https:\/\/lat.nl\/wp-content\/uploads\/2018\/03\/logo.jpg","contentUrl":"https:\/\/lat.nl\/wp-content\/uploads\/2018\/03\/logo.jpg","width":319,"height":122,"caption":"Looije Agro Technics BV"},"image":{"@id":"https:\/\/lat.nl\/#\/schema\/logo\/image\/"}}]}},"_links":{"self":[{"href":"https:\/\/lat.nl\/sk\/wp-json\/wp\/v2\/pages\/2420","targetHints":{"allow":["GET"]}}],"collection":[{"href":"https:\/\/lat.nl\/sk\/wp-json\/wp\/v2\/pages"}],"about":[{"href":"https:\/\/lat.nl\/sk\/wp-json\/wp\/v2\/types\/page"}],"author":[{"embeddable":true,"href":"https:\/\/lat.nl\/sk\/wp-json\/wp\/v2\/users\/1"}],"replies":[{"embeddable":true,"href":"https:\/\/lat.nl\/sk\/wp-json\/wp\/v2\/comments?post=2420"}],"version-history":[{"count":0,"href":"https:\/\/lat.nl\/sk\/wp-json\/wp\/v2\/pages\/2420\/revisions"}],"wp:attachment":[{"href":"https:\/\/lat.nl\/sk\/wp-json\/wp\/v2\/media?parent=2420"}],"curies":[{"name":"wp","href":"https:\/\/api.w.org\/{rel}","templated":true}]}}