{"id":2422,"date":"2018-03-28T12:13:44","date_gmt":"2018-03-28T12:13:44","guid":{"rendered":"https:\/\/lat.nl\/osnivanje-nove-kompanije\/"},"modified":"2018-03-28T12:13:44","modified_gmt":"2018-03-28T12:13:44","slug":"osnivanje-nove-kompanije","status":"publish","type":"page","link":"https:\/\/lat.nl\/sk\/osnivanje-nove-kompanije\/","title":{"rendered":"Osnivanje nove kompanije"},"content":{"rendered":"<p>Osnivanje nove kompanije na tr\u017ei\u0161tu staklenih ba\u0161ti je specijalisti\u010dki rad. Raspolo\u017eivi prostor mora biti popunjen na najbolji mogu\u0107i na\u010din, optimalno i u okviru jednog dizajna svi aspekti poslovanja i delovanja moraju biti uskla\u0111eni. Va\u0161e \u017eelje ili zahtevi i va\u0161a vizija \u010dine osnovu. Prostorni plan, pravni zahtevi i drugi propisi, tako\u0111e, zahtevi vezani za osiguranja \u2013 sve mora se uklju\u010di i uskladi, a rezultat je dobro osmi\u0161ljen dizajna. <\/p>\n<p> <em>Va\u017eno: Looije Agro Technics B.V. je nezavisna kompanija. Mi radimo potpuno nezavisno od dobavlja\u010da, montera ili drugih igra\u010da na tr\u017ei\u0161tu. Ovo vam garantuje da su va\u0161i interesi za nas zvezda vodilja i epi centar razvoja projekta.<\/em> <\/p>\n<p> Prilikom oblikovanja kompanije koristimo sva na\u0161a znanja iz ove oblasti. Poma\u017eemo vam u svemu \u2013 od samog objekta staklene ba\u0161te, preko grejanja, vode, konkretnog rada, gradili\u0161ta do planiranja, projektovanja i dizajna va\u0161e kompanije i njenih prostorija. Tu smo za vas \u010dak i dok razmatrate i odlu\u010dujete o eventualnoj kompletnoj logisti\u010dkoj automatizaciji procesa rada va\u0161e kompanije (roboti, ma\u0161ine). I taj aspekat je naravno neophodan kako bi se do\u0161lo do odli\u010dnog plana. Na\u0161i stru\u010dnjaci iz Looije Agro Technics B.V. znaju svoj posao i potpuno su u toku sa svim novostima i specifi\u010dnostima ovog tr\u017ei\u0161ta, tako da \u0107e to pretopiti u optimalni dizajn va\u0161e kompanije. Kombinacija svih na\u0161ih znanja pozitivno doprinosi va\u0161em celokupnom planu i garantuje da va\u0161 projekat zaista za\u017eivi. <\/p>\n<p> Kada u konsultaciji sa vama odobrimo celokupan plan, mi c\u0301emo razviti detaljniji, precizan plan sa svim (pod)opisima, tako da se plan mo\u017ee koristiti za tendere vezane za dobavlja\u010de ili druge partnere sa kojima \u017eelite da radite. Pogledajte tako\u0111e na\u0161e \u201ckupovne smernice\u201d&nbsp;<\/p>\n<p> Uvek slu\u0161amo sve va\u0161e \u017eelje i integri\u0161emo ih u sam plan.Tek u kasnijoj fazi, ako tako vi \u017eelite, kontaktiramo i uklju\u010dujemo i druge dobavlja\u010de i poslovne partnere, koje sami birate odnosno birate ih u sklopu tendera. <\/p>\n<p> Naravno, uvek u dalji projekat mo\u017eete da uklju\u010dite stru\u010dnjake iz Looije Agro Technics B.V., recimo za novogradnju, jer \u010dim radimo na va\u0161em projektu u celosti kao integrisana ekipa, onda nastupaju sinergije i plod na\u0161eg rada je zaista najbolji. Zbog toga je slogan Looije Agro Technics B.V.-ja: \u201cNajstru\u010dnije i kompletno\u201d.<\/p>\n","protected":false},"excerpt":{"rendered":"<p>Osnivanje nove kompanije na tr\u017ei\u0161tu staklenih ba\u0161ti je specijalisti\u010dki rad. Raspolo\u017eivi prostor mora biti popunjen na najbolji mogu\u0107i na\u010din, optimalno i u okviru jednog dizajna svi aspekti poslovanja i delovanja moraju biti uskla\u0111eni. Va\u0161e \u017eelje ili zahtevi i va\u0161a vizija \u010dine osnovu. Prostorni plan, pravni zahtevi i drugi propisi, tako\u0111e, zahtevi vezani za osiguranja \u2013 [&hellip;]<\/p>\n","protected":false},"author":1,"featured_media":0,"parent":0,"menu_order":0,"comment_status":"open","ping_status":"closed","template":"","meta":{"_acf_changed":false,"_exactmetrics_skip_tracking":false,"_exactmetrics_sitenote_active":false,"_exactmetrics_sitenote_note":"","_exactmetrics_sitenote_category":0,"footnotes":""},"class_list":["post-2422","page","type-page","status-publish","hentry"],"acf":[],"yoast_head":"<!-- This site is optimized with the Yoast SEO plugin v27.3 - https:\/\/yoast.com\/product\/yoast-seo-wordpress\/ -->\n<title>Osnivanje nove kompanije - Looije Agro Technics BV<\/title>\n<meta name=\"robots\" content=\"index, follow, max-snippet:-1, max-image-preview:large, max-video-preview:-1\" \/>\n<link rel=\"canonical\" href=\"https:\/\/lat.nl\/sk\/osnivanje-nove-kompanije\/\" \/>\n<meta property=\"og:locale\" content=\"sk_SK\" \/>\n<meta property=\"og:type\" content=\"article\" \/>\n<meta property=\"og:title\" content=\"Osnivanje nove kompanije - Looije Agro Technics BV\" \/>\n<meta property=\"og:description\" content=\"Osnivanje nove kompanije na tr\u017ei\u0161tu staklenih ba\u0161ti je specijalisti\u010dki rad. Raspolo\u017eivi prostor mora biti popunjen na najbolji mogu\u0107i na\u010din, optimalno i u okviru jednog dizajna svi aspekti poslovanja i delovanja moraju biti uskla\u0111eni. Va\u0161e \u017eelje ili zahtevi i va\u0161a vizija \u010dine osnovu. Prostorni plan, pravni zahtevi i drugi propisi, tako\u0111e, zahtevi vezani za osiguranja \u2013 [&hellip;]\" \/>\n<meta property=\"og:url\" content=\"https:\/\/lat.nl\/sk\/osnivanje-nove-kompanije\/\" \/>\n<meta property=\"og:site_name\" content=\"Looije Agro Technics BV\" \/>\n<meta name=\"twitter:card\" content=\"summary_large_image\" \/>\n<meta name=\"twitter:label1\" content=\"Predpokladan\u00fd \u010das \u010d\u00edtania\" \/>\n\t<meta name=\"twitter:data1\" content=\"2 min\u00faty\" \/>\n<script type=\"application\/ld+json\" class=\"yoast-schema-graph\">{\"@context\":\"https:\\\/\\\/schema.org\",\"@graph\":[{\"@type\":\"WebPage\",\"@id\":\"https:\\\/\\\/lat.nl\\\/sk\\\/osnivanje-nove-kompanije\\\/\",\"url\":\"https:\\\/\\\/lat.nl\\\/sk\\\/osnivanje-nove-kompanije\\\/\",\"name\":\"Osnivanje nove kompanije - Looije Agro Technics BV\",\"isPartOf\":{\"@id\":\"https:\\\/\\\/lat.nl\\\/#website\"},\"datePublished\":\"2018-03-28T12:13:44+00:00\",\"breadcrumb\":{\"@id\":\"https:\\\/\\\/lat.nl\\\/sk\\\/osnivanje-nove-kompanije\\\/#breadcrumb\"},\"inLanguage\":\"sk-SK\",\"potentialAction\":[{\"@type\":\"ReadAction\",\"target\":[\"https:\\\/\\\/lat.nl\\\/sk\\\/osnivanje-nove-kompanije\\\/\"]}]},{\"@type\":\"BreadcrumbList\",\"@id\":\"https:\\\/\\\/lat.nl\\\/sk\\\/osnivanje-nove-kompanije\\\/#breadcrumb\",\"itemListElement\":[{\"@type\":\"ListItem\",\"position\":1,\"name\":\"Home\",\"item\":\"https:\\\/\\\/lat.nl\\\/sk\\\/\"},{\"@type\":\"ListItem\",\"position\":2,\"name\":\"Osnivanje nove kompanije\"}]},{\"@type\":\"WebSite\",\"@id\":\"https:\\\/\\\/lat.nl\\\/#website\",\"url\":\"https:\\\/\\\/lat.nl\\\/\",\"name\":\"Looije Agro Technics BV\",\"description\":\"H\u00e9t onafhankelijk bouwmanagementbureau in de glastuinbouwsector\",\"publisher\":{\"@id\":\"https:\\\/\\\/lat.nl\\\/#organization\"},\"potentialAction\":[{\"@type\":\"SearchAction\",\"target\":{\"@type\":\"EntryPoint\",\"urlTemplate\":\"https:\\\/\\\/lat.nl\\\/?s={search_term_string}\"},\"query-input\":{\"@type\":\"PropertyValueSpecification\",\"valueRequired\":true,\"valueName\":\"search_term_string\"}}],\"inLanguage\":\"sk-SK\"},{\"@type\":\"Organization\",\"@id\":\"https:\\\/\\\/lat.nl\\\/#organization\",\"name\":\"Looije Agro Technics BV\",\"url\":\"https:\\\/\\\/lat.nl\\\/\",\"logo\":{\"@type\":\"ImageObject\",\"inLanguage\":\"sk-SK\",\"@id\":\"https:\\\/\\\/lat.nl\\\/#\\\/schema\\\/logo\\\/image\\\/\",\"url\":\"https:\\\/\\\/lat.nl\\\/wp-content\\\/uploads\\\/2018\\\/03\\\/logo.jpg\",\"contentUrl\":\"https:\\\/\\\/lat.nl\\\/wp-content\\\/uploads\\\/2018\\\/03\\\/logo.jpg\",\"width\":319,\"height\":122,\"caption\":\"Looije Agro Technics BV\"},\"image\":{\"@id\":\"https:\\\/\\\/lat.nl\\\/#\\\/schema\\\/logo\\\/image\\\/\"}}]}<\/script>\n<!-- \/ Yoast SEO plugin. -->","yoast_head_json":{"title":"Osnivanje nove kompanije - Looije Agro Technics BV","robots":{"index":"index","follow":"follow","max-snippet":"max-snippet:-1","max-image-preview":"max-image-preview:large","max-video-preview":"max-video-preview:-1"},"canonical":"https:\/\/lat.nl\/sk\/osnivanje-nove-kompanije\/","og_locale":"sk_SK","og_type":"article","og_title":"Osnivanje nove kompanije - Looije Agro Technics BV","og_description":"Osnivanje nove kompanije na tr\u017ei\u0161tu staklenih ba\u0161ti je specijalisti\u010dki rad. Raspolo\u017eivi prostor mora biti popunjen na najbolji mogu\u0107i na\u010din, optimalno i u okviru jednog dizajna svi aspekti poslovanja i delovanja moraju biti uskla\u0111eni. Va\u0161e \u017eelje ili zahtevi i va\u0161a vizija \u010dine osnovu. Prostorni plan, pravni zahtevi i drugi propisi, tako\u0111e, zahtevi vezani za osiguranja \u2013 [&hellip;]","og_url":"https:\/\/lat.nl\/sk\/osnivanje-nove-kompanije\/","og_site_name":"Looije Agro Technics BV","twitter_card":"summary_large_image","twitter_misc":{"Predpokladan\u00fd \u010das \u010d\u00edtania":"2 min\u00faty"},"schema":{"@context":"https:\/\/schema.org","@graph":[{"@type":"WebPage","@id":"https:\/\/lat.nl\/sk\/osnivanje-nove-kompanije\/","url":"https:\/\/lat.nl\/sk\/osnivanje-nove-kompanije\/","name":"Osnivanje nove kompanije - Looije Agro Technics BV","isPartOf":{"@id":"https:\/\/lat.nl\/#website"},"datePublished":"2018-03-28T12:13:44+00:00","breadcrumb":{"@id":"https:\/\/lat.nl\/sk\/osnivanje-nove-kompanije\/#breadcrumb"},"inLanguage":"sk-SK","potentialAction":[{"@type":"ReadAction","target":["https:\/\/lat.nl\/sk\/osnivanje-nove-kompanije\/"]}]},{"@type":"BreadcrumbList","@id":"https:\/\/lat.nl\/sk\/osnivanje-nove-kompanije\/#breadcrumb","itemListElement":[{"@type":"ListItem","position":1,"name":"Home","item":"https:\/\/lat.nl\/sk\/"},{"@type":"ListItem","position":2,"name":"Osnivanje nove kompanije"}]},{"@type":"WebSite","@id":"https:\/\/lat.nl\/#website","url":"https:\/\/lat.nl\/","name":"Looije Agro Technics BV","description":"H\u00e9t onafhankelijk bouwmanagementbureau in de glastuinbouwsector","publisher":{"@id":"https:\/\/lat.nl\/#organization"},"potentialAction":[{"@type":"SearchAction","target":{"@type":"EntryPoint","urlTemplate":"https:\/\/lat.nl\/?s={search_term_string}"},"query-input":{"@type":"PropertyValueSpecification","valueRequired":true,"valueName":"search_term_string"}}],"inLanguage":"sk-SK"},{"@type":"Organization","@id":"https:\/\/lat.nl\/#organization","name":"Looije Agro Technics BV","url":"https:\/\/lat.nl\/","logo":{"@type":"ImageObject","inLanguage":"sk-SK","@id":"https:\/\/lat.nl\/#\/schema\/logo\/image\/","url":"https:\/\/lat.nl\/wp-content\/uploads\/2018\/03\/logo.jpg","contentUrl":"https:\/\/lat.nl\/wp-content\/uploads\/2018\/03\/logo.jpg","width":319,"height":122,"caption":"Looije Agro Technics BV"},"image":{"@id":"https:\/\/lat.nl\/#\/schema\/logo\/image\/"}}]}},"_links":{"self":[{"href":"https:\/\/lat.nl\/sk\/wp-json\/wp\/v2\/pages\/2422","targetHints":{"allow":["GET"]}}],"collection":[{"href":"https:\/\/lat.nl\/sk\/wp-json\/wp\/v2\/pages"}],"about":[{"href":"https:\/\/lat.nl\/sk\/wp-json\/wp\/v2\/types\/page"}],"author":[{"embeddable":true,"href":"https:\/\/lat.nl\/sk\/wp-json\/wp\/v2\/users\/1"}],"replies":[{"embeddable":true,"href":"https:\/\/lat.nl\/sk\/wp-json\/wp\/v2\/comments?post=2422"}],"version-history":[{"count":0,"href":"https:\/\/lat.nl\/sk\/wp-json\/wp\/v2\/pages\/2422\/revisions"}],"wp:attachment":[{"href":"https:\/\/lat.nl\/sk\/wp-json\/wp\/v2\/media?parent=2422"}],"curies":[{"name":"wp","href":"https:\/\/api.w.org\/{rel}","templated":true}]}}