{"id":2424,"date":"2018-03-28T12:13:44","date_gmt":"2018-03-28T12:13:44","guid":{"rendered":"https:\/\/lat.nl\/kreiranje-poslovnih-prostora-odnosno-zgrade-kompanije\/"},"modified":"2018-03-28T12:13:44","modified_gmt":"2018-03-28T12:13:44","slug":"kreiranje-poslovnih-prostora-odnosno-zgrade-kompanije","status":"publish","type":"page","link":"https:\/\/lat.nl\/sk\/kreiranje-poslovnih-prostora-odnosno-zgrade-kompanije\/","title":{"rendered":"Kreiranje poslovnih prostora odnosno zgrade kompanije"},"content":{"rendered":"<p>Poslovni prostor je \u010desto klju\u010dna ta\u010dka u kojoj se svi logisti\u010dki procesi staklene ba\u0161te susrec\u0301u. Poslovni objekat zbog toga mora da bude prakti\u010dno i optimalno organizovan, ali i lep i prijatan po\u0161to je u isto vreme i vizit karta va\u0161e kompanije.<br \/>\n<BR><BR><br \/>\nLooije Agro Technics B.V. stru\u010dnjaci za kreiranje poslovnih prostora c\u0301e sabrati sve va\u0161e \u017eelje i zahteve u vezi sa zgradom kompanije i dizajn objekta c\u0301e biti kreiran pa\u017eljivo i sistemati\u010dno. Naravno, bi\u0107e i u skladu sa svim pravnim zahtevima koji proisti\u010du iz zdravstvenih, sigurnosnih i gra\u0111evinskih propisa.<br \/>\n<BR><BR><br \/>\nPrilikom dizajniranja zgrade va\u0161e kompanije uklju\u010dujemo i va\u0161e vrednosti, karakter i sve ono \u0161to \u017eelite da taj objekat odi\u0161e.<\/p>\n","protected":false},"excerpt":{"rendered":"<p>Poslovni prostor je \u010desto klju\u010dna ta\u010dka u kojoj se svi logisti\u010dki procesi staklene ba\u0161te susrec\u0301u. Poslovni objekat zbog toga mora da bude prakti\u010dno i optimalno organizovan, ali i lep i prijatan po\u0161to je u isto vreme i vizit karta va\u0161e kompanije. Looije Agro Technics B.V. stru\u010dnjaci za kreiranje poslovnih prostora c\u0301e sabrati sve va\u0161e \u017eelje [&hellip;]<\/p>\n","protected":false},"author":1,"featured_media":0,"parent":0,"menu_order":0,"comment_status":"open","ping_status":"closed","template":"","meta":{"_acf_changed":false,"_exactmetrics_skip_tracking":false,"_exactmetrics_sitenote_active":false,"_exactmetrics_sitenote_note":"","_exactmetrics_sitenote_category":0,"footnotes":""},"class_list":["post-2424","page","type-page","status-publish","hentry"],"acf":[],"yoast_head":"<!-- This site is optimized with the Yoast SEO plugin v27.3 - https:\/\/yoast.com\/product\/yoast-seo-wordpress\/ -->\n<title>Kreiranje poslovnih prostora odnosno zgrade kompanije - Looije Agro Technics BV<\/title>\n<meta name=\"robots\" content=\"index, follow, max-snippet:-1, max-image-preview:large, max-video-preview:-1\" \/>\n<link rel=\"canonical\" href=\"https:\/\/lat.nl\/sk\/kreiranje-poslovnih-prostora-odnosno-zgrade-kompanije\/\" \/>\n<meta property=\"og:locale\" content=\"sk_SK\" \/>\n<meta property=\"og:type\" content=\"article\" \/>\n<meta property=\"og:title\" content=\"Kreiranje poslovnih prostora odnosno zgrade kompanije - Looije Agro Technics BV\" \/>\n<meta property=\"og:description\" content=\"Poslovni prostor je \u010desto klju\u010dna ta\u010dka u kojoj se svi logisti\u010dki procesi staklene ba\u0161te susrec\u0301u. Poslovni objekat zbog toga mora da bude prakti\u010dno i optimalno organizovan, ali i lep i prijatan po\u0161to je u isto vreme i vizit karta va\u0161e kompanije. Looije Agro Technics B.V. stru\u010dnjaci za kreiranje poslovnih prostora c\u0301e sabrati sve va\u0161e \u017eelje [&hellip;]\" \/>\n<meta property=\"og:url\" content=\"https:\/\/lat.nl\/sk\/kreiranje-poslovnih-prostora-odnosno-zgrade-kompanije\/\" \/>\n<meta property=\"og:site_name\" content=\"Looije Agro Technics BV\" \/>\n<meta name=\"twitter:card\" content=\"summary_large_image\" \/>\n<meta name=\"twitter:label1\" content=\"Predpokladan\u00fd \u010das \u010d\u00edtania\" \/>\n\t<meta name=\"twitter:data1\" content=\"1 min\u00fata\" \/>\n<script type=\"application\/ld+json\" class=\"yoast-schema-graph\">{\"@context\":\"https:\\\/\\\/schema.org\",\"@graph\":[{\"@type\":\"WebPage\",\"@id\":\"https:\\\/\\\/lat.nl\\\/sk\\\/kreiranje-poslovnih-prostora-odnosno-zgrade-kompanije\\\/\",\"url\":\"https:\\\/\\\/lat.nl\\\/sk\\\/kreiranje-poslovnih-prostora-odnosno-zgrade-kompanije\\\/\",\"name\":\"Kreiranje poslovnih prostora odnosno zgrade kompanije - Looije Agro Technics BV\",\"isPartOf\":{\"@id\":\"https:\\\/\\\/lat.nl\\\/#website\"},\"datePublished\":\"2018-03-28T12:13:44+00:00\",\"breadcrumb\":{\"@id\":\"https:\\\/\\\/lat.nl\\\/sk\\\/kreiranje-poslovnih-prostora-odnosno-zgrade-kompanije\\\/#breadcrumb\"},\"inLanguage\":\"sk-SK\",\"potentialAction\":[{\"@type\":\"ReadAction\",\"target\":[\"https:\\\/\\\/lat.nl\\\/sk\\\/kreiranje-poslovnih-prostora-odnosno-zgrade-kompanije\\\/\"]}]},{\"@type\":\"BreadcrumbList\",\"@id\":\"https:\\\/\\\/lat.nl\\\/sk\\\/kreiranje-poslovnih-prostora-odnosno-zgrade-kompanije\\\/#breadcrumb\",\"itemListElement\":[{\"@type\":\"ListItem\",\"position\":1,\"name\":\"Home\",\"item\":\"https:\\\/\\\/lat.nl\\\/sk\\\/\"},{\"@type\":\"ListItem\",\"position\":2,\"name\":\"Kreiranje poslovnih prostora odnosno zgrade kompanije\"}]},{\"@type\":\"WebSite\",\"@id\":\"https:\\\/\\\/lat.nl\\\/#website\",\"url\":\"https:\\\/\\\/lat.nl\\\/\",\"name\":\"Looije Agro Technics BV\",\"description\":\"H\u00e9t onafhankelijk bouwmanagementbureau in de glastuinbouwsector\",\"publisher\":{\"@id\":\"https:\\\/\\\/lat.nl\\\/#organization\"},\"potentialAction\":[{\"@type\":\"SearchAction\",\"target\":{\"@type\":\"EntryPoint\",\"urlTemplate\":\"https:\\\/\\\/lat.nl\\\/?s={search_term_string}\"},\"query-input\":{\"@type\":\"PropertyValueSpecification\",\"valueRequired\":true,\"valueName\":\"search_term_string\"}}],\"inLanguage\":\"sk-SK\"},{\"@type\":\"Organization\",\"@id\":\"https:\\\/\\\/lat.nl\\\/#organization\",\"name\":\"Looije Agro Technics BV\",\"url\":\"https:\\\/\\\/lat.nl\\\/\",\"logo\":{\"@type\":\"ImageObject\",\"inLanguage\":\"sk-SK\",\"@id\":\"https:\\\/\\\/lat.nl\\\/#\\\/schema\\\/logo\\\/image\\\/\",\"url\":\"https:\\\/\\\/lat.nl\\\/wp-content\\\/uploads\\\/2018\\\/03\\\/logo.jpg\",\"contentUrl\":\"https:\\\/\\\/lat.nl\\\/wp-content\\\/uploads\\\/2018\\\/03\\\/logo.jpg\",\"width\":319,\"height\":122,\"caption\":\"Looije Agro Technics BV\"},\"image\":{\"@id\":\"https:\\\/\\\/lat.nl\\\/#\\\/schema\\\/logo\\\/image\\\/\"}}]}<\/script>\n<!-- \/ Yoast SEO plugin. -->","yoast_head_json":{"title":"Kreiranje poslovnih prostora odnosno zgrade kompanije - Looije Agro Technics BV","robots":{"index":"index","follow":"follow","max-snippet":"max-snippet:-1","max-image-preview":"max-image-preview:large","max-video-preview":"max-video-preview:-1"},"canonical":"https:\/\/lat.nl\/sk\/kreiranje-poslovnih-prostora-odnosno-zgrade-kompanije\/","og_locale":"sk_SK","og_type":"article","og_title":"Kreiranje poslovnih prostora odnosno zgrade kompanije - Looije Agro Technics BV","og_description":"Poslovni prostor je \u010desto klju\u010dna ta\u010dka u kojoj se svi logisti\u010dki procesi staklene ba\u0161te susrec\u0301u. Poslovni objekat zbog toga mora da bude prakti\u010dno i optimalno organizovan, ali i lep i prijatan po\u0161to je u isto vreme i vizit karta va\u0161e kompanije. Looije Agro Technics B.V. stru\u010dnjaci za kreiranje poslovnih prostora c\u0301e sabrati sve va\u0161e \u017eelje [&hellip;]","og_url":"https:\/\/lat.nl\/sk\/kreiranje-poslovnih-prostora-odnosno-zgrade-kompanije\/","og_site_name":"Looije Agro Technics BV","twitter_card":"summary_large_image","twitter_misc":{"Predpokladan\u00fd \u010das \u010d\u00edtania":"1 min\u00fata"},"schema":{"@context":"https:\/\/schema.org","@graph":[{"@type":"WebPage","@id":"https:\/\/lat.nl\/sk\/kreiranje-poslovnih-prostora-odnosno-zgrade-kompanije\/","url":"https:\/\/lat.nl\/sk\/kreiranje-poslovnih-prostora-odnosno-zgrade-kompanije\/","name":"Kreiranje poslovnih prostora odnosno zgrade kompanije - Looije Agro Technics BV","isPartOf":{"@id":"https:\/\/lat.nl\/#website"},"datePublished":"2018-03-28T12:13:44+00:00","breadcrumb":{"@id":"https:\/\/lat.nl\/sk\/kreiranje-poslovnih-prostora-odnosno-zgrade-kompanije\/#breadcrumb"},"inLanguage":"sk-SK","potentialAction":[{"@type":"ReadAction","target":["https:\/\/lat.nl\/sk\/kreiranje-poslovnih-prostora-odnosno-zgrade-kompanije\/"]}]},{"@type":"BreadcrumbList","@id":"https:\/\/lat.nl\/sk\/kreiranje-poslovnih-prostora-odnosno-zgrade-kompanije\/#breadcrumb","itemListElement":[{"@type":"ListItem","position":1,"name":"Home","item":"https:\/\/lat.nl\/sk\/"},{"@type":"ListItem","position":2,"name":"Kreiranje poslovnih prostora odnosno zgrade kompanije"}]},{"@type":"WebSite","@id":"https:\/\/lat.nl\/#website","url":"https:\/\/lat.nl\/","name":"Looije Agro Technics BV","description":"H\u00e9t onafhankelijk bouwmanagementbureau in de glastuinbouwsector","publisher":{"@id":"https:\/\/lat.nl\/#organization"},"potentialAction":[{"@type":"SearchAction","target":{"@type":"EntryPoint","urlTemplate":"https:\/\/lat.nl\/?s={search_term_string}"},"query-input":{"@type":"PropertyValueSpecification","valueRequired":true,"valueName":"search_term_string"}}],"inLanguage":"sk-SK"},{"@type":"Organization","@id":"https:\/\/lat.nl\/#organization","name":"Looije Agro Technics BV","url":"https:\/\/lat.nl\/","logo":{"@type":"ImageObject","inLanguage":"sk-SK","@id":"https:\/\/lat.nl\/#\/schema\/logo\/image\/","url":"https:\/\/lat.nl\/wp-content\/uploads\/2018\/03\/logo.jpg","contentUrl":"https:\/\/lat.nl\/wp-content\/uploads\/2018\/03\/logo.jpg","width":319,"height":122,"caption":"Looije Agro Technics BV"},"image":{"@id":"https:\/\/lat.nl\/#\/schema\/logo\/image\/"}}]}},"_links":{"self":[{"href":"https:\/\/lat.nl\/sk\/wp-json\/wp\/v2\/pages\/2424","targetHints":{"allow":["GET"]}}],"collection":[{"href":"https:\/\/lat.nl\/sk\/wp-json\/wp\/v2\/pages"}],"about":[{"href":"https:\/\/lat.nl\/sk\/wp-json\/wp\/v2\/types\/page"}],"author":[{"embeddable":true,"href":"https:\/\/lat.nl\/sk\/wp-json\/wp\/v2\/users\/1"}],"replies":[{"embeddable":true,"href":"https:\/\/lat.nl\/sk\/wp-json\/wp\/v2\/comments?post=2424"}],"version-history":[{"count":0,"href":"https:\/\/lat.nl\/sk\/wp-json\/wp\/v2\/pages\/2424\/revisions"}],"wp:attachment":[{"href":"https:\/\/lat.nl\/sk\/wp-json\/wp\/v2\/media?parent=2424"}],"curies":[{"name":"wp","href":"https:\/\/api.w.org\/{rel}","templated":true}]}}