{"id":2438,"date":"2018-03-28T12:14:18","date_gmt":"2018-03-28T12:14:18","guid":{"rendered":"https:\/\/lat.nl\/urbanisticko-planiranje\/"},"modified":"2018-03-28T12:14:18","modified_gmt":"2018-03-28T12:14:18","slug":"urbanisticko-planiranje","status":"publish","type":"page","link":"https:\/\/lat.nl\/sk\/urbanisticko-planiranje\/","title":{"rendered":"Urbanisti\u010dko planiranje"},"content":{"rendered":"<p>Koncept urbanisti\u010dkog planiranja igra bitnu ulogu u planiranju izgradnje ili \u0161irenja saklenika. Da li su vam potrebne usluge urbanisti\u010dkog planiranja u okviru novogranjde ili \u0161irenja va\u0161eg objekta?<\/p>\n<p> Projekti koji su nemoguc\u0301i u smislu planiranja (zbog prostornog plana ili nekih drugih propisa) mogu nekad biti moguc\u0301i, kada se ostvare odre\u0111ene promene ili se zaobi\u0111u problemati\u010dne procedure. U Holandiji, Looije Agro Technics B.V. sprovodi ovakve projekte potpuno samostalno. U drugim zemljama, to radimo uz pomo\u0107 kooperativnih partnera \u2013 za svaki projekat se odaberu odgovaraju\u0107i lokalni stru\u010dnjaci. Mo\u0107, uticaj i ugled lokalnih eksperata u kombinaciji sa na\u0161im ekspertima iz oblasti staklenih ba\u0161ti su idealno re\u0161enje.<\/p>\n","protected":false},"excerpt":{"rendered":"<p>Koncept urbanisti\u010dkog planiranja igra bitnu ulogu u planiranju izgradnje ili \u0161irenja saklenika. Da li su vam potrebne usluge urbanisti\u010dkog planiranja u okviru novogranjde ili \u0161irenja va\u0161eg objekta? Projekti koji su nemoguc\u0301i u smislu planiranja (zbog prostornog plana ili nekih drugih propisa) mogu nekad biti moguc\u0301i, kada se ostvare odre\u0111ene promene ili se zaobi\u0111u problemati\u010dne procedure. [&hellip;]<\/p>\n","protected":false},"author":1,"featured_media":0,"parent":0,"menu_order":0,"comment_status":"open","ping_status":"closed","template":"","meta":{"_acf_changed":false,"_exactmetrics_skip_tracking":false,"_exactmetrics_sitenote_active":false,"_exactmetrics_sitenote_note":"","_exactmetrics_sitenote_category":0,"footnotes":""},"class_list":["post-2438","page","type-page","status-publish","hentry"],"acf":[],"yoast_head":"<!-- This site is optimized with the Yoast SEO plugin v27.3 - https:\/\/yoast.com\/product\/yoast-seo-wordpress\/ -->\n<title>Urbanisti\u010dko planiranje - Looije Agro Technics BV<\/title>\n<meta name=\"robots\" content=\"index, follow, max-snippet:-1, max-image-preview:large, max-video-preview:-1\" \/>\n<link rel=\"canonical\" href=\"https:\/\/lat.nl\/sk\/urbanisticko-planiranje\/\" \/>\n<meta property=\"og:locale\" content=\"sk_SK\" \/>\n<meta property=\"og:type\" content=\"article\" \/>\n<meta property=\"og:title\" content=\"Urbanisti\u010dko planiranje - Looije Agro Technics BV\" \/>\n<meta property=\"og:description\" content=\"Koncept urbanisti\u010dkog planiranja igra bitnu ulogu u planiranju izgradnje ili \u0161irenja saklenika. Da li su vam potrebne usluge urbanisti\u010dkog planiranja u okviru novogranjde ili \u0161irenja va\u0161eg objekta? Projekti koji su nemoguc\u0301i u smislu planiranja (zbog prostornog plana ili nekih drugih propisa) mogu nekad biti moguc\u0301i, kada se ostvare odre\u0111ene promene ili se zaobi\u0111u problemati\u010dne procedure. [&hellip;]\" \/>\n<meta property=\"og:url\" content=\"https:\/\/lat.nl\/sk\/urbanisticko-planiranje\/\" \/>\n<meta property=\"og:site_name\" content=\"Looije Agro Technics BV\" \/>\n<meta name=\"twitter:card\" content=\"summary_large_image\" \/>\n<meta name=\"twitter:label1\" content=\"Predpokladan\u00fd \u010das \u010d\u00edtania\" \/>\n\t<meta name=\"twitter:data1\" content=\"1 min\u00fata\" \/>\n<script type=\"application\/ld+json\" class=\"yoast-schema-graph\">{\"@context\":\"https:\\\/\\\/schema.org\",\"@graph\":[{\"@type\":\"WebPage\",\"@id\":\"https:\\\/\\\/lat.nl\\\/sk\\\/urbanisticko-planiranje\\\/\",\"url\":\"https:\\\/\\\/lat.nl\\\/sk\\\/urbanisticko-planiranje\\\/\",\"name\":\"Urbanisti\u010dko planiranje - Looije Agro Technics BV\",\"isPartOf\":{\"@id\":\"https:\\\/\\\/lat.nl\\\/#website\"},\"datePublished\":\"2018-03-28T12:14:18+00:00\",\"breadcrumb\":{\"@id\":\"https:\\\/\\\/lat.nl\\\/sk\\\/urbanisticko-planiranje\\\/#breadcrumb\"},\"inLanguage\":\"sk-SK\",\"potentialAction\":[{\"@type\":\"ReadAction\",\"target\":[\"https:\\\/\\\/lat.nl\\\/sk\\\/urbanisticko-planiranje\\\/\"]}]},{\"@type\":\"BreadcrumbList\",\"@id\":\"https:\\\/\\\/lat.nl\\\/sk\\\/urbanisticko-planiranje\\\/#breadcrumb\",\"itemListElement\":[{\"@type\":\"ListItem\",\"position\":1,\"name\":\"Home\",\"item\":\"https:\\\/\\\/lat.nl\\\/sk\\\/\"},{\"@type\":\"ListItem\",\"position\":2,\"name\":\"Urbanisti\u010dko planiranje\"}]},{\"@type\":\"WebSite\",\"@id\":\"https:\\\/\\\/lat.nl\\\/#website\",\"url\":\"https:\\\/\\\/lat.nl\\\/\",\"name\":\"Looije Agro Technics BV\",\"description\":\"H\u00e9t onafhankelijk bouwmanagementbureau in de glastuinbouwsector\",\"publisher\":{\"@id\":\"https:\\\/\\\/lat.nl\\\/#organization\"},\"potentialAction\":[{\"@type\":\"SearchAction\",\"target\":{\"@type\":\"EntryPoint\",\"urlTemplate\":\"https:\\\/\\\/lat.nl\\\/?s={search_term_string}\"},\"query-input\":{\"@type\":\"PropertyValueSpecification\",\"valueRequired\":true,\"valueName\":\"search_term_string\"}}],\"inLanguage\":\"sk-SK\"},{\"@type\":\"Organization\",\"@id\":\"https:\\\/\\\/lat.nl\\\/#organization\",\"name\":\"Looije Agro Technics BV\",\"url\":\"https:\\\/\\\/lat.nl\\\/\",\"logo\":{\"@type\":\"ImageObject\",\"inLanguage\":\"sk-SK\",\"@id\":\"https:\\\/\\\/lat.nl\\\/#\\\/schema\\\/logo\\\/image\\\/\",\"url\":\"https:\\\/\\\/lat.nl\\\/wp-content\\\/uploads\\\/2018\\\/03\\\/logo.jpg\",\"contentUrl\":\"https:\\\/\\\/lat.nl\\\/wp-content\\\/uploads\\\/2018\\\/03\\\/logo.jpg\",\"width\":319,\"height\":122,\"caption\":\"Looije Agro Technics BV\"},\"image\":{\"@id\":\"https:\\\/\\\/lat.nl\\\/#\\\/schema\\\/logo\\\/image\\\/\"}}]}<\/script>\n<!-- \/ Yoast SEO plugin. -->","yoast_head_json":{"title":"Urbanisti\u010dko planiranje - Looije Agro Technics BV","robots":{"index":"index","follow":"follow","max-snippet":"max-snippet:-1","max-image-preview":"max-image-preview:large","max-video-preview":"max-video-preview:-1"},"canonical":"https:\/\/lat.nl\/sk\/urbanisticko-planiranje\/","og_locale":"sk_SK","og_type":"article","og_title":"Urbanisti\u010dko planiranje - Looije Agro Technics BV","og_description":"Koncept urbanisti\u010dkog planiranja igra bitnu ulogu u planiranju izgradnje ili \u0161irenja saklenika. Da li su vam potrebne usluge urbanisti\u010dkog planiranja u okviru novogranjde ili \u0161irenja va\u0161eg objekta? Projekti koji su nemoguc\u0301i u smislu planiranja (zbog prostornog plana ili nekih drugih propisa) mogu nekad biti moguc\u0301i, kada se ostvare odre\u0111ene promene ili se zaobi\u0111u problemati\u010dne procedure. [&hellip;]","og_url":"https:\/\/lat.nl\/sk\/urbanisticko-planiranje\/","og_site_name":"Looije Agro Technics BV","twitter_card":"summary_large_image","twitter_misc":{"Predpokladan\u00fd \u010das \u010d\u00edtania":"1 min\u00fata"},"schema":{"@context":"https:\/\/schema.org","@graph":[{"@type":"WebPage","@id":"https:\/\/lat.nl\/sk\/urbanisticko-planiranje\/","url":"https:\/\/lat.nl\/sk\/urbanisticko-planiranje\/","name":"Urbanisti\u010dko planiranje - Looije Agro Technics BV","isPartOf":{"@id":"https:\/\/lat.nl\/#website"},"datePublished":"2018-03-28T12:14:18+00:00","breadcrumb":{"@id":"https:\/\/lat.nl\/sk\/urbanisticko-planiranje\/#breadcrumb"},"inLanguage":"sk-SK","potentialAction":[{"@type":"ReadAction","target":["https:\/\/lat.nl\/sk\/urbanisticko-planiranje\/"]}]},{"@type":"BreadcrumbList","@id":"https:\/\/lat.nl\/sk\/urbanisticko-planiranje\/#breadcrumb","itemListElement":[{"@type":"ListItem","position":1,"name":"Home","item":"https:\/\/lat.nl\/sk\/"},{"@type":"ListItem","position":2,"name":"Urbanisti\u010dko planiranje"}]},{"@type":"WebSite","@id":"https:\/\/lat.nl\/#website","url":"https:\/\/lat.nl\/","name":"Looije Agro Technics BV","description":"H\u00e9t onafhankelijk bouwmanagementbureau in de glastuinbouwsector","publisher":{"@id":"https:\/\/lat.nl\/#organization"},"potentialAction":[{"@type":"SearchAction","target":{"@type":"EntryPoint","urlTemplate":"https:\/\/lat.nl\/?s={search_term_string}"},"query-input":{"@type":"PropertyValueSpecification","valueRequired":true,"valueName":"search_term_string"}}],"inLanguage":"sk-SK"},{"@type":"Organization","@id":"https:\/\/lat.nl\/#organization","name":"Looije Agro Technics BV","url":"https:\/\/lat.nl\/","logo":{"@type":"ImageObject","inLanguage":"sk-SK","@id":"https:\/\/lat.nl\/#\/schema\/logo\/image\/","url":"https:\/\/lat.nl\/wp-content\/uploads\/2018\/03\/logo.jpg","contentUrl":"https:\/\/lat.nl\/wp-content\/uploads\/2018\/03\/logo.jpg","width":319,"height":122,"caption":"Looije Agro Technics BV"},"image":{"@id":"https:\/\/lat.nl\/#\/schema\/logo\/image\/"}}]}},"_links":{"self":[{"href":"https:\/\/lat.nl\/sk\/wp-json\/wp\/v2\/pages\/2438","targetHints":{"allow":["GET"]}}],"collection":[{"href":"https:\/\/lat.nl\/sk\/wp-json\/wp\/v2\/pages"}],"about":[{"href":"https:\/\/lat.nl\/sk\/wp-json\/wp\/v2\/types\/page"}],"author":[{"embeddable":true,"href":"https:\/\/lat.nl\/sk\/wp-json\/wp\/v2\/users\/1"}],"replies":[{"embeddable":true,"href":"https:\/\/lat.nl\/sk\/wp-json\/wp\/v2\/comments?post=2438"}],"version-history":[{"count":0,"href":"https:\/\/lat.nl\/sk\/wp-json\/wp\/v2\/pages\/2438\/revisions"}],"wp:attachment":[{"href":"https:\/\/lat.nl\/sk\/wp-json\/wp\/v2\/media?parent=2438"}],"curies":[{"name":"wp","href":"https:\/\/api.w.org\/{rel}","templated":true}]}}