{"id":2442,"date":"2018-03-28T12:14:18","date_gmt":"2018-03-28T12:14:18","guid":{"rendered":"https:\/\/lat.nl\/razvoj-trzista-staklenih-basti\/"},"modified":"2018-03-28T12:14:18","modified_gmt":"2018-03-28T12:14:18","slug":"razvoj-trzista-staklenih-basti","status":"publish","type":"page","link":"https:\/\/lat.nl\/sk\/razvoj-trzista-staklenih-basti\/","title":{"rendered":"Razvoj tr\u017ei\u0161ta staklenih ba\u0161ti"},"content":{"rendered":"<p>Zahvaljuju\u0107i na\u0161em veoma cenjenom stru\u010dnom znanju, od Looije Agro Technics B.V.-ja se sve \u010de\u0161\u0107e tra\u017ee saveti i da preuzme vodec\u0301u ulogu u kreiranju tr\u017ei\u0161ta staklenih ba\u0161ti. Ovo je svakako poseban segment na\u0161eg rada. Razvoj ovog podru\u010dja, u globalu, nije uspe\u0161an sve dok se njegove komponente ne objedine u jednu skladnu celinu.<br \/>\n<BR><BR><br \/>\nMi dobro poznajemo i objedinjujemo sve discipline koje su potrebne za razvoj tr\u017ei\u0161ta staklenih ba\u0161ti. Kada Looije Agro Technics B.V. radi na va\u0161em projektu, svi relevantni elementi su uklju\u010deni, zbog toga je na\u0161 pristup nedvosmislen i jasan. Da li imate bilo kakvo pitanje? Slobodno nas kontaktirajte.<\/p>\n","protected":false},"excerpt":{"rendered":"<p>Zahvaljuju\u0107i na\u0161em veoma cenjenom stru\u010dnom znanju, od Looije Agro Technics B.V.-ja se sve \u010de\u0161\u0107e tra\u017ee saveti i da preuzme vodec\u0301u ulogu u kreiranju tr\u017ei\u0161ta staklenih ba\u0161ti. Ovo je svakako poseban segment na\u0161eg rada. Razvoj ovog podru\u010dja, u globalu, nije uspe\u0161an sve dok se njegove komponente ne objedine u jednu skladnu celinu. Mi dobro poznajemo i [&hellip;]<\/p>\n","protected":false},"author":1,"featured_media":0,"parent":0,"menu_order":0,"comment_status":"open","ping_status":"closed","template":"","meta":{"_acf_changed":false,"_exactmetrics_skip_tracking":false,"_exactmetrics_sitenote_active":false,"_exactmetrics_sitenote_note":"","_exactmetrics_sitenote_category":0,"footnotes":""},"class_list":["post-2442","page","type-page","status-publish","hentry"],"acf":[],"yoast_head":"<!-- This site is optimized with the Yoast SEO plugin v27.3 - https:\/\/yoast.com\/product\/yoast-seo-wordpress\/ -->\n<title>Razvoj tr\u017ei\u0161ta staklenih ba\u0161ti - Looije Agro Technics BV<\/title>\n<meta name=\"robots\" content=\"index, follow, max-snippet:-1, max-image-preview:large, max-video-preview:-1\" \/>\n<link rel=\"canonical\" href=\"https:\/\/lat.nl\/sk\/razvoj-trzista-staklenih-basti\/\" \/>\n<meta property=\"og:locale\" content=\"sk_SK\" \/>\n<meta property=\"og:type\" content=\"article\" \/>\n<meta property=\"og:title\" content=\"Razvoj tr\u017ei\u0161ta staklenih ba\u0161ti - Looije Agro Technics BV\" \/>\n<meta property=\"og:description\" content=\"Zahvaljuju\u0107i na\u0161em veoma cenjenom stru\u010dnom znanju, od Looije Agro Technics B.V.-ja se sve \u010de\u0161\u0107e tra\u017ee saveti i da preuzme vodec\u0301u ulogu u kreiranju tr\u017ei\u0161ta staklenih ba\u0161ti. Ovo je svakako poseban segment na\u0161eg rada. Razvoj ovog podru\u010dja, u globalu, nije uspe\u0161an sve dok se njegove komponente ne objedine u jednu skladnu celinu. Mi dobro poznajemo i [&hellip;]\" \/>\n<meta property=\"og:url\" content=\"https:\/\/lat.nl\/sk\/razvoj-trzista-staklenih-basti\/\" \/>\n<meta property=\"og:site_name\" content=\"Looije Agro Technics BV\" \/>\n<meta name=\"twitter:card\" content=\"summary_large_image\" \/>\n<meta name=\"twitter:label1\" content=\"Predpokladan\u00fd \u010das \u010d\u00edtania\" \/>\n\t<meta name=\"twitter:data1\" content=\"1 min\u00fata\" \/>\n<script type=\"application\/ld+json\" class=\"yoast-schema-graph\">{\"@context\":\"https:\\\/\\\/schema.org\",\"@graph\":[{\"@type\":\"WebPage\",\"@id\":\"https:\\\/\\\/lat.nl\\\/sk\\\/razvoj-trzista-staklenih-basti\\\/\",\"url\":\"https:\\\/\\\/lat.nl\\\/sk\\\/razvoj-trzista-staklenih-basti\\\/\",\"name\":\"Razvoj tr\u017ei\u0161ta staklenih ba\u0161ti - Looije Agro Technics BV\",\"isPartOf\":{\"@id\":\"https:\\\/\\\/lat.nl\\\/#website\"},\"datePublished\":\"2018-03-28T12:14:18+00:00\",\"breadcrumb\":{\"@id\":\"https:\\\/\\\/lat.nl\\\/sk\\\/razvoj-trzista-staklenih-basti\\\/#breadcrumb\"},\"inLanguage\":\"sk-SK\",\"potentialAction\":[{\"@type\":\"ReadAction\",\"target\":[\"https:\\\/\\\/lat.nl\\\/sk\\\/razvoj-trzista-staklenih-basti\\\/\"]}]},{\"@type\":\"BreadcrumbList\",\"@id\":\"https:\\\/\\\/lat.nl\\\/sk\\\/razvoj-trzista-staklenih-basti\\\/#breadcrumb\",\"itemListElement\":[{\"@type\":\"ListItem\",\"position\":1,\"name\":\"Home\",\"item\":\"https:\\\/\\\/lat.nl\\\/sk\\\/\"},{\"@type\":\"ListItem\",\"position\":2,\"name\":\"Razvoj tr\u017ei\u0161ta staklenih ba\u0161ti\"}]},{\"@type\":\"WebSite\",\"@id\":\"https:\\\/\\\/lat.nl\\\/#website\",\"url\":\"https:\\\/\\\/lat.nl\\\/\",\"name\":\"Looije Agro Technics BV\",\"description\":\"H\u00e9t onafhankelijk bouwmanagementbureau in de glastuinbouwsector\",\"publisher\":{\"@id\":\"https:\\\/\\\/lat.nl\\\/#organization\"},\"potentialAction\":[{\"@type\":\"SearchAction\",\"target\":{\"@type\":\"EntryPoint\",\"urlTemplate\":\"https:\\\/\\\/lat.nl\\\/?s={search_term_string}\"},\"query-input\":{\"@type\":\"PropertyValueSpecification\",\"valueRequired\":true,\"valueName\":\"search_term_string\"}}],\"inLanguage\":\"sk-SK\"},{\"@type\":\"Organization\",\"@id\":\"https:\\\/\\\/lat.nl\\\/#organization\",\"name\":\"Looije Agro Technics BV\",\"url\":\"https:\\\/\\\/lat.nl\\\/\",\"logo\":{\"@type\":\"ImageObject\",\"inLanguage\":\"sk-SK\",\"@id\":\"https:\\\/\\\/lat.nl\\\/#\\\/schema\\\/logo\\\/image\\\/\",\"url\":\"https:\\\/\\\/lat.nl\\\/wp-content\\\/uploads\\\/2018\\\/03\\\/logo.jpg\",\"contentUrl\":\"https:\\\/\\\/lat.nl\\\/wp-content\\\/uploads\\\/2018\\\/03\\\/logo.jpg\",\"width\":319,\"height\":122,\"caption\":\"Looije Agro Technics BV\"},\"image\":{\"@id\":\"https:\\\/\\\/lat.nl\\\/#\\\/schema\\\/logo\\\/image\\\/\"}}]}<\/script>\n<!-- \/ Yoast SEO plugin. -->","yoast_head_json":{"title":"Razvoj tr\u017ei\u0161ta staklenih ba\u0161ti - Looije Agro Technics BV","robots":{"index":"index","follow":"follow","max-snippet":"max-snippet:-1","max-image-preview":"max-image-preview:large","max-video-preview":"max-video-preview:-1"},"canonical":"https:\/\/lat.nl\/sk\/razvoj-trzista-staklenih-basti\/","og_locale":"sk_SK","og_type":"article","og_title":"Razvoj tr\u017ei\u0161ta staklenih ba\u0161ti - Looije Agro Technics BV","og_description":"Zahvaljuju\u0107i na\u0161em veoma cenjenom stru\u010dnom znanju, od Looije Agro Technics B.V.-ja se sve \u010de\u0161\u0107e tra\u017ee saveti i da preuzme vodec\u0301u ulogu u kreiranju tr\u017ei\u0161ta staklenih ba\u0161ti. Ovo je svakako poseban segment na\u0161eg rada. Razvoj ovog podru\u010dja, u globalu, nije uspe\u0161an sve dok se njegove komponente ne objedine u jednu skladnu celinu. Mi dobro poznajemo i [&hellip;]","og_url":"https:\/\/lat.nl\/sk\/razvoj-trzista-staklenih-basti\/","og_site_name":"Looije Agro Technics BV","twitter_card":"summary_large_image","twitter_misc":{"Predpokladan\u00fd \u010das \u010d\u00edtania":"1 min\u00fata"},"schema":{"@context":"https:\/\/schema.org","@graph":[{"@type":"WebPage","@id":"https:\/\/lat.nl\/sk\/razvoj-trzista-staklenih-basti\/","url":"https:\/\/lat.nl\/sk\/razvoj-trzista-staklenih-basti\/","name":"Razvoj tr\u017ei\u0161ta staklenih ba\u0161ti - Looije Agro Technics BV","isPartOf":{"@id":"https:\/\/lat.nl\/#website"},"datePublished":"2018-03-28T12:14:18+00:00","breadcrumb":{"@id":"https:\/\/lat.nl\/sk\/razvoj-trzista-staklenih-basti\/#breadcrumb"},"inLanguage":"sk-SK","potentialAction":[{"@type":"ReadAction","target":["https:\/\/lat.nl\/sk\/razvoj-trzista-staklenih-basti\/"]}]},{"@type":"BreadcrumbList","@id":"https:\/\/lat.nl\/sk\/razvoj-trzista-staklenih-basti\/#breadcrumb","itemListElement":[{"@type":"ListItem","position":1,"name":"Home","item":"https:\/\/lat.nl\/sk\/"},{"@type":"ListItem","position":2,"name":"Razvoj tr\u017ei\u0161ta staklenih ba\u0161ti"}]},{"@type":"WebSite","@id":"https:\/\/lat.nl\/#website","url":"https:\/\/lat.nl\/","name":"Looije Agro Technics BV","description":"H\u00e9t onafhankelijk bouwmanagementbureau in de glastuinbouwsector","publisher":{"@id":"https:\/\/lat.nl\/#organization"},"potentialAction":[{"@type":"SearchAction","target":{"@type":"EntryPoint","urlTemplate":"https:\/\/lat.nl\/?s={search_term_string}"},"query-input":{"@type":"PropertyValueSpecification","valueRequired":true,"valueName":"search_term_string"}}],"inLanguage":"sk-SK"},{"@type":"Organization","@id":"https:\/\/lat.nl\/#organization","name":"Looije Agro Technics BV","url":"https:\/\/lat.nl\/","logo":{"@type":"ImageObject","inLanguage":"sk-SK","@id":"https:\/\/lat.nl\/#\/schema\/logo\/image\/","url":"https:\/\/lat.nl\/wp-content\/uploads\/2018\/03\/logo.jpg","contentUrl":"https:\/\/lat.nl\/wp-content\/uploads\/2018\/03\/logo.jpg","width":319,"height":122,"caption":"Looije Agro Technics BV"},"image":{"@id":"https:\/\/lat.nl\/#\/schema\/logo\/image\/"}}]}},"_links":{"self":[{"href":"https:\/\/lat.nl\/sk\/wp-json\/wp\/v2\/pages\/2442","targetHints":{"allow":["GET"]}}],"collection":[{"href":"https:\/\/lat.nl\/sk\/wp-json\/wp\/v2\/pages"}],"about":[{"href":"https:\/\/lat.nl\/sk\/wp-json\/wp\/v2\/types\/page"}],"author":[{"embeddable":true,"href":"https:\/\/lat.nl\/sk\/wp-json\/wp\/v2\/users\/1"}],"replies":[{"embeddable":true,"href":"https:\/\/lat.nl\/sk\/wp-json\/wp\/v2\/comments?post=2442"}],"version-history":[{"count":0,"href":"https:\/\/lat.nl\/sk\/wp-json\/wp\/v2\/pages\/2442\/revisions"}],"wp:attachment":[{"href":"https:\/\/lat.nl\/sk\/wp-json\/wp\/v2\/media?parent=2442"}],"curies":[{"name":"wp","href":"https:\/\/api.w.org\/{rel}","templated":true}]}}