{"id":2444,"date":"2018-03-28T12:14:18","date_gmt":"2018-03-28T12:14:18","guid":{"rendered":"https:\/\/lat.nl\/sirenje-postojece-kompanije\/"},"modified":"2018-03-28T12:14:18","modified_gmt":"2018-03-28T12:14:18","slug":"sirenje-postojece-kompanije","status":"publish","type":"page","link":"https:\/\/lat.nl\/sk\/sirenje-postojece-kompanije\/","title":{"rendered":"\u0160irenje postoje\u0107e kompanije"},"content":{"rendered":"<p>\u0160irenje kompanije (koja postoji na tr\u017ei\u0161tu staklenih ba\u0161ti) je izazov, zato \u0161to je potrebno razviti plan \u0161irenja kompanije u kojem je njena optimalna funkcionalnost sa\u010dinjena od postojec\u0301ih i novih delova kompanije.<br \/>\n<BR><BR><br \/>\nPrilikom izrade plana \u0161irenja, specijalizovano projektno osoblje iz Looije Agro Technics B.V. c\u0301e prvo prikupiti sve potrebne informacije u vezi sa trenutnim stanjem va\u0161e kompanije. Nakon toga, uklju\u010di\u0107emo sve va\u0161e \u017eelje i moguc\u0301nosti i tako \u0107emo razviti najbolji plan koji potpuno odgovara va\u0161im potrebama.<br \/>\n<BR><BR><br \/>\nNa kraju, \u0107emo razviti celokupan plan koji \u0107e obuhvatati sve (detaljne ili parcijalne) opise koji se mogu dalje koristiti za potrebe potra\u017enje ponuda od strane dobavlja\u010da ili drugih poslovnih partnera koje izaberete vi.<\/p>\n","protected":false},"excerpt":{"rendered":"<p>\u0160irenje kompanije (koja postoji na tr\u017ei\u0161tu staklenih ba\u0161ti) je izazov, zato \u0161to je potrebno razviti plan \u0161irenja kompanije u kojem je njena optimalna funkcionalnost sa\u010dinjena od postojec\u0301ih i novih delova kompanije. Prilikom izrade plana \u0161irenja, specijalizovano projektno osoblje iz Looije Agro Technics B.V. c\u0301e prvo prikupiti sve potrebne informacije u vezi sa trenutnim stanjem va\u0161e [&hellip;]<\/p>\n","protected":false},"author":1,"featured_media":0,"parent":0,"menu_order":0,"comment_status":"open","ping_status":"closed","template":"","meta":{"_acf_changed":false,"_exactmetrics_skip_tracking":false,"_exactmetrics_sitenote_active":false,"_exactmetrics_sitenote_note":"","_exactmetrics_sitenote_category":0,"footnotes":""},"class_list":["post-2444","page","type-page","status-publish","hentry"],"acf":[],"yoast_head":"<!-- This site is optimized with the Yoast SEO plugin v27.3 - https:\/\/yoast.com\/product\/yoast-seo-wordpress\/ -->\n<title>\u0160irenje postoje\u0107e kompanije - Looije Agro Technics BV<\/title>\n<meta name=\"robots\" content=\"index, follow, max-snippet:-1, max-image-preview:large, max-video-preview:-1\" \/>\n<link rel=\"canonical\" href=\"https:\/\/lat.nl\/sk\/sirenje-postojece-kompanije\/\" \/>\n<meta property=\"og:locale\" content=\"sk_SK\" \/>\n<meta property=\"og:type\" content=\"article\" \/>\n<meta property=\"og:title\" content=\"\u0160irenje postoje\u0107e kompanije - Looije Agro Technics BV\" \/>\n<meta property=\"og:description\" content=\"\u0160irenje kompanije (koja postoji na tr\u017ei\u0161tu staklenih ba\u0161ti) je izazov, zato \u0161to je potrebno razviti plan \u0161irenja kompanije u kojem je njena optimalna funkcionalnost sa\u010dinjena od postojec\u0301ih i novih delova kompanije. Prilikom izrade plana \u0161irenja, specijalizovano projektno osoblje iz Looije Agro Technics B.V. c\u0301e prvo prikupiti sve potrebne informacije u vezi sa trenutnim stanjem va\u0161e [&hellip;]\" \/>\n<meta property=\"og:url\" content=\"https:\/\/lat.nl\/sk\/sirenje-postojece-kompanije\/\" \/>\n<meta property=\"og:site_name\" content=\"Looije Agro Technics BV\" \/>\n<meta name=\"twitter:card\" content=\"summary_large_image\" \/>\n<meta name=\"twitter:label1\" content=\"Predpokladan\u00fd \u010das \u010d\u00edtania\" \/>\n\t<meta name=\"twitter:data1\" content=\"1 min\u00fata\" \/>\n<script type=\"application\/ld+json\" class=\"yoast-schema-graph\">{\"@context\":\"https:\\\/\\\/schema.org\",\"@graph\":[{\"@type\":\"WebPage\",\"@id\":\"https:\\\/\\\/lat.nl\\\/sk\\\/sirenje-postojece-kompanije\\\/\",\"url\":\"https:\\\/\\\/lat.nl\\\/sk\\\/sirenje-postojece-kompanije\\\/\",\"name\":\"\u0160irenje postoje\u0107e kompanije - Looije Agro Technics BV\",\"isPartOf\":{\"@id\":\"https:\\\/\\\/lat.nl\\\/#website\"},\"datePublished\":\"2018-03-28T12:14:18+00:00\",\"breadcrumb\":{\"@id\":\"https:\\\/\\\/lat.nl\\\/sk\\\/sirenje-postojece-kompanije\\\/#breadcrumb\"},\"inLanguage\":\"sk-SK\",\"potentialAction\":[{\"@type\":\"ReadAction\",\"target\":[\"https:\\\/\\\/lat.nl\\\/sk\\\/sirenje-postojece-kompanije\\\/\"]}]},{\"@type\":\"BreadcrumbList\",\"@id\":\"https:\\\/\\\/lat.nl\\\/sk\\\/sirenje-postojece-kompanije\\\/#breadcrumb\",\"itemListElement\":[{\"@type\":\"ListItem\",\"position\":1,\"name\":\"Home\",\"item\":\"https:\\\/\\\/lat.nl\\\/sk\\\/\"},{\"@type\":\"ListItem\",\"position\":2,\"name\":\"\u0160irenje postoje\u0107e kompanije\"}]},{\"@type\":\"WebSite\",\"@id\":\"https:\\\/\\\/lat.nl\\\/#website\",\"url\":\"https:\\\/\\\/lat.nl\\\/\",\"name\":\"Looije Agro Technics BV\",\"description\":\"H\u00e9t onafhankelijk bouwmanagementbureau in de glastuinbouwsector\",\"publisher\":{\"@id\":\"https:\\\/\\\/lat.nl\\\/#organization\"},\"potentialAction\":[{\"@type\":\"SearchAction\",\"target\":{\"@type\":\"EntryPoint\",\"urlTemplate\":\"https:\\\/\\\/lat.nl\\\/?s={search_term_string}\"},\"query-input\":{\"@type\":\"PropertyValueSpecification\",\"valueRequired\":true,\"valueName\":\"search_term_string\"}}],\"inLanguage\":\"sk-SK\"},{\"@type\":\"Organization\",\"@id\":\"https:\\\/\\\/lat.nl\\\/#organization\",\"name\":\"Looije Agro Technics BV\",\"url\":\"https:\\\/\\\/lat.nl\\\/\",\"logo\":{\"@type\":\"ImageObject\",\"inLanguage\":\"sk-SK\",\"@id\":\"https:\\\/\\\/lat.nl\\\/#\\\/schema\\\/logo\\\/image\\\/\",\"url\":\"https:\\\/\\\/lat.nl\\\/wp-content\\\/uploads\\\/2018\\\/03\\\/logo.jpg\",\"contentUrl\":\"https:\\\/\\\/lat.nl\\\/wp-content\\\/uploads\\\/2018\\\/03\\\/logo.jpg\",\"width\":319,\"height\":122,\"caption\":\"Looije Agro Technics BV\"},\"image\":{\"@id\":\"https:\\\/\\\/lat.nl\\\/#\\\/schema\\\/logo\\\/image\\\/\"}}]}<\/script>\n<!-- \/ Yoast SEO plugin. -->","yoast_head_json":{"title":"\u0160irenje postoje\u0107e kompanije - Looije Agro Technics BV","robots":{"index":"index","follow":"follow","max-snippet":"max-snippet:-1","max-image-preview":"max-image-preview:large","max-video-preview":"max-video-preview:-1"},"canonical":"https:\/\/lat.nl\/sk\/sirenje-postojece-kompanije\/","og_locale":"sk_SK","og_type":"article","og_title":"\u0160irenje postoje\u0107e kompanije - Looije Agro Technics BV","og_description":"\u0160irenje kompanije (koja postoji na tr\u017ei\u0161tu staklenih ba\u0161ti) je izazov, zato \u0161to je potrebno razviti plan \u0161irenja kompanije u kojem je njena optimalna funkcionalnost sa\u010dinjena od postojec\u0301ih i novih delova kompanije. Prilikom izrade plana \u0161irenja, specijalizovano projektno osoblje iz Looije Agro Technics B.V. c\u0301e prvo prikupiti sve potrebne informacije u vezi sa trenutnim stanjem va\u0161e [&hellip;]","og_url":"https:\/\/lat.nl\/sk\/sirenje-postojece-kompanije\/","og_site_name":"Looije Agro Technics BV","twitter_card":"summary_large_image","twitter_misc":{"Predpokladan\u00fd \u010das \u010d\u00edtania":"1 min\u00fata"},"schema":{"@context":"https:\/\/schema.org","@graph":[{"@type":"WebPage","@id":"https:\/\/lat.nl\/sk\/sirenje-postojece-kompanije\/","url":"https:\/\/lat.nl\/sk\/sirenje-postojece-kompanije\/","name":"\u0160irenje postoje\u0107e kompanije - Looije Agro Technics BV","isPartOf":{"@id":"https:\/\/lat.nl\/#website"},"datePublished":"2018-03-28T12:14:18+00:00","breadcrumb":{"@id":"https:\/\/lat.nl\/sk\/sirenje-postojece-kompanije\/#breadcrumb"},"inLanguage":"sk-SK","potentialAction":[{"@type":"ReadAction","target":["https:\/\/lat.nl\/sk\/sirenje-postojece-kompanije\/"]}]},{"@type":"BreadcrumbList","@id":"https:\/\/lat.nl\/sk\/sirenje-postojece-kompanije\/#breadcrumb","itemListElement":[{"@type":"ListItem","position":1,"name":"Home","item":"https:\/\/lat.nl\/sk\/"},{"@type":"ListItem","position":2,"name":"\u0160irenje postoje\u0107e kompanije"}]},{"@type":"WebSite","@id":"https:\/\/lat.nl\/#website","url":"https:\/\/lat.nl\/","name":"Looije Agro Technics BV","description":"H\u00e9t onafhankelijk bouwmanagementbureau in de glastuinbouwsector","publisher":{"@id":"https:\/\/lat.nl\/#organization"},"potentialAction":[{"@type":"SearchAction","target":{"@type":"EntryPoint","urlTemplate":"https:\/\/lat.nl\/?s={search_term_string}"},"query-input":{"@type":"PropertyValueSpecification","valueRequired":true,"valueName":"search_term_string"}}],"inLanguage":"sk-SK"},{"@type":"Organization","@id":"https:\/\/lat.nl\/#organization","name":"Looije Agro Technics BV","url":"https:\/\/lat.nl\/","logo":{"@type":"ImageObject","inLanguage":"sk-SK","@id":"https:\/\/lat.nl\/#\/schema\/logo\/image\/","url":"https:\/\/lat.nl\/wp-content\/uploads\/2018\/03\/logo.jpg","contentUrl":"https:\/\/lat.nl\/wp-content\/uploads\/2018\/03\/logo.jpg","width":319,"height":122,"caption":"Looije Agro Technics BV"},"image":{"@id":"https:\/\/lat.nl\/#\/schema\/logo\/image\/"}}]}},"_links":{"self":[{"href":"https:\/\/lat.nl\/sk\/wp-json\/wp\/v2\/pages\/2444","targetHints":{"allow":["GET"]}}],"collection":[{"href":"https:\/\/lat.nl\/sk\/wp-json\/wp\/v2\/pages"}],"about":[{"href":"https:\/\/lat.nl\/sk\/wp-json\/wp\/v2\/types\/page"}],"author":[{"embeddable":true,"href":"https:\/\/lat.nl\/sk\/wp-json\/wp\/v2\/users\/1"}],"replies":[{"embeddable":true,"href":"https:\/\/lat.nl\/sk\/wp-json\/wp\/v2\/comments?post=2444"}],"version-history":[{"count":0,"href":"https:\/\/lat.nl\/sk\/wp-json\/wp\/v2\/pages\/2444\/revisions"}],"wp:attachment":[{"href":"https:\/\/lat.nl\/sk\/wp-json\/wp\/v2\/media?parent=2444"}],"curies":[{"name":"wp","href":"https:\/\/api.w.org\/{rel}","templated":true}]}}