{"id":2446,"date":"2018-03-28T12:14:18","date_gmt":"2018-03-28T12:14:18","guid":{"rendered":"https:\/\/lat.nl\/propisi-i-dozvole\/"},"modified":"2018-03-28T12:14:18","modified_gmt":"2018-03-28T12:14:18","slug":"propisi-i-dozvole","status":"publish","type":"page","link":"https:\/\/lat.nl\/sk\/propisi-i-dozvole\/","title":{"rendered":"Propisi i dozvole"},"content":{"rendered":"<p>Organizacije koje se bave novogradnjom, renoviranjem ili razvojem u okviru tr\u017ei\u0161ta staklenih ba\u0161ti moraju da budu upoznate i da po\u0161tuju veliki broj zakona i propisa. Recimo, gra\u0111evinska dozvola, promene urbanisti\u010dkih planova, ekolo\u0161ke dozvole ili regulativa vezana za bezbednost od po\u017eara odnosno certifikati za\u0161tite od po\u017eara \u2013 to su sve pitanja sa kojima se ovakve organizacije stalno susre\u0107u.<\/p>\n<p> Nekada je bilo dovoljno da to samo jednom \u201codradite\u201d i nabavite sve dozvole ili informacije. Me\u0111utim, sada je to druga\u010dije i gotovo je nemoguc\u0301e u praksi poznavati sve zakone i propise da biste mogli da se pojavite pred nekim sudom, vatrogasnom slu\u017ebom ili inspektoratom kao punopravni partner u nekoj diskusiji. Jednostavno, previ\u0161e je informacija, pravila i propisa koje morate detaljno da poznajete, a ta pravila se stalno menjaju i ono \u0161to je danas potrebno da uradite na jedan na\u010din, najverovatnije \u0107e sutra ve\u0107 biti promenjeno.<\/p>\n<p> Looije Agro Technics B.V. ima poseban odeljak pod nazivom\u201cPropisi i dozvole\u201d, koja se bavi samo time \u2013 svim zakonima i propisima na tr\u017ei\u0161tu staklenih ba\u0161ti. Mi imamo ogromno znanje i iskustvo na tr\u017ei\u0161tu staklenih ba\u0161ti u Holandiji, kao i u svim drugim zemljama u kojima Looije Agro Technics B.V. postoji i radi \u2013 te zbog toga predstavljamo odli\u010dan most izme\u0111u va\u0161e kompanije i regulatornih organa. Na\u0161 jasan i prakti\u010dan pristup i jezik odgovara svim organizacijama koje se bave staklenim ba\u0161tama i agrikulturom.<\/p>\n<p> Ako va\u0161 projekat to zahteva, mo\u017eemo da organizujemo i saradnju sa lokalnim arhitektama i gra\u0111evinskim stru\u010dnjacima. Mo\u0107, uticaj i ugled lokalnih eksperata u saradnji sa na\u0161im ekspertizama iz oblasti staklenih ba\u0161ti su sigurna, dobitna kombinacija.<\/p>\n<p> Na\u0161 moto je: \u201cUradi ono \u0161to mora\u0161 da uradi\u0161 \u2013 ni\u0161ta vi\u0161e, niti i\u0161ta manje.\u201d<\/p>\n","protected":false},"excerpt":{"rendered":"<p>Organizacije koje se bave novogradnjom, renoviranjem ili razvojem u okviru tr\u017ei\u0161ta staklenih ba\u0161ti moraju da budu upoznate i da po\u0161tuju veliki broj zakona i propisa. Recimo, gra\u0111evinska dozvola, promene urbanisti\u010dkih planova, ekolo\u0161ke dozvole ili regulativa vezana za bezbednost od po\u017eara odnosno certifikati za\u0161tite od po\u017eara \u2013 to su sve pitanja sa kojima se ovakve organizacije [&hellip;]<\/p>\n","protected":false},"author":1,"featured_media":0,"parent":0,"menu_order":0,"comment_status":"open","ping_status":"closed","template":"","meta":{"_acf_changed":false,"_exactmetrics_skip_tracking":false,"_exactmetrics_sitenote_active":false,"_exactmetrics_sitenote_note":"","_exactmetrics_sitenote_category":0,"footnotes":""},"class_list":["post-2446","page","type-page","status-publish","hentry"],"acf":[],"yoast_head":"<!-- This site is optimized with the Yoast SEO plugin v27.3 - https:\/\/yoast.com\/product\/yoast-seo-wordpress\/ -->\n<title>Propisi i dozvole - Looije Agro Technics BV<\/title>\n<meta name=\"robots\" content=\"index, follow, max-snippet:-1, max-image-preview:large, max-video-preview:-1\" \/>\n<link rel=\"canonical\" href=\"https:\/\/lat.nl\/sk\/propisi-i-dozvole\/\" \/>\n<meta property=\"og:locale\" content=\"sk_SK\" \/>\n<meta property=\"og:type\" content=\"article\" \/>\n<meta property=\"og:title\" content=\"Propisi i dozvole - Looije Agro Technics BV\" \/>\n<meta property=\"og:description\" content=\"Organizacije koje se bave novogradnjom, renoviranjem ili razvojem u okviru tr\u017ei\u0161ta staklenih ba\u0161ti moraju da budu upoznate i da po\u0161tuju veliki broj zakona i propisa. Recimo, gra\u0111evinska dozvola, promene urbanisti\u010dkih planova, ekolo\u0161ke dozvole ili regulativa vezana za bezbednost od po\u017eara odnosno certifikati za\u0161tite od po\u017eara \u2013 to su sve pitanja sa kojima se ovakve organizacije [&hellip;]\" \/>\n<meta property=\"og:url\" content=\"https:\/\/lat.nl\/sk\/propisi-i-dozvole\/\" \/>\n<meta property=\"og:site_name\" content=\"Looije Agro Technics BV\" \/>\n<meta name=\"twitter:card\" content=\"summary_large_image\" \/>\n<meta name=\"twitter:label1\" content=\"Predpokladan\u00fd \u010das \u010d\u00edtania\" \/>\n\t<meta name=\"twitter:data1\" content=\"2 min\u00faty\" \/>\n<script type=\"application\/ld+json\" class=\"yoast-schema-graph\">{\"@context\":\"https:\\\/\\\/schema.org\",\"@graph\":[{\"@type\":\"WebPage\",\"@id\":\"https:\\\/\\\/lat.nl\\\/sk\\\/propisi-i-dozvole\\\/\",\"url\":\"https:\\\/\\\/lat.nl\\\/sk\\\/propisi-i-dozvole\\\/\",\"name\":\"Propisi i dozvole - Looije Agro Technics BV\",\"isPartOf\":{\"@id\":\"https:\\\/\\\/lat.nl\\\/#website\"},\"datePublished\":\"2018-03-28T12:14:18+00:00\",\"breadcrumb\":{\"@id\":\"https:\\\/\\\/lat.nl\\\/sk\\\/propisi-i-dozvole\\\/#breadcrumb\"},\"inLanguage\":\"sk-SK\",\"potentialAction\":[{\"@type\":\"ReadAction\",\"target\":[\"https:\\\/\\\/lat.nl\\\/sk\\\/propisi-i-dozvole\\\/\"]}]},{\"@type\":\"BreadcrumbList\",\"@id\":\"https:\\\/\\\/lat.nl\\\/sk\\\/propisi-i-dozvole\\\/#breadcrumb\",\"itemListElement\":[{\"@type\":\"ListItem\",\"position\":1,\"name\":\"Home\",\"item\":\"https:\\\/\\\/lat.nl\\\/sk\\\/\"},{\"@type\":\"ListItem\",\"position\":2,\"name\":\"Propisi i dozvole\"}]},{\"@type\":\"WebSite\",\"@id\":\"https:\\\/\\\/lat.nl\\\/#website\",\"url\":\"https:\\\/\\\/lat.nl\\\/\",\"name\":\"Looije Agro Technics BV\",\"description\":\"H\u00e9t onafhankelijk bouwmanagementbureau in de glastuinbouwsector\",\"publisher\":{\"@id\":\"https:\\\/\\\/lat.nl\\\/#organization\"},\"potentialAction\":[{\"@type\":\"SearchAction\",\"target\":{\"@type\":\"EntryPoint\",\"urlTemplate\":\"https:\\\/\\\/lat.nl\\\/?s={search_term_string}\"},\"query-input\":{\"@type\":\"PropertyValueSpecification\",\"valueRequired\":true,\"valueName\":\"search_term_string\"}}],\"inLanguage\":\"sk-SK\"},{\"@type\":\"Organization\",\"@id\":\"https:\\\/\\\/lat.nl\\\/#organization\",\"name\":\"Looije Agro Technics BV\",\"url\":\"https:\\\/\\\/lat.nl\\\/\",\"logo\":{\"@type\":\"ImageObject\",\"inLanguage\":\"sk-SK\",\"@id\":\"https:\\\/\\\/lat.nl\\\/#\\\/schema\\\/logo\\\/image\\\/\",\"url\":\"https:\\\/\\\/lat.nl\\\/wp-content\\\/uploads\\\/2018\\\/03\\\/logo.jpg\",\"contentUrl\":\"https:\\\/\\\/lat.nl\\\/wp-content\\\/uploads\\\/2018\\\/03\\\/logo.jpg\",\"width\":319,\"height\":122,\"caption\":\"Looije Agro Technics BV\"},\"image\":{\"@id\":\"https:\\\/\\\/lat.nl\\\/#\\\/schema\\\/logo\\\/image\\\/\"}}]}<\/script>\n<!-- \/ Yoast SEO plugin. -->","yoast_head_json":{"title":"Propisi i dozvole - Looije Agro Technics BV","robots":{"index":"index","follow":"follow","max-snippet":"max-snippet:-1","max-image-preview":"max-image-preview:large","max-video-preview":"max-video-preview:-1"},"canonical":"https:\/\/lat.nl\/sk\/propisi-i-dozvole\/","og_locale":"sk_SK","og_type":"article","og_title":"Propisi i dozvole - Looije Agro Technics BV","og_description":"Organizacije koje se bave novogradnjom, renoviranjem ili razvojem u okviru tr\u017ei\u0161ta staklenih ba\u0161ti moraju da budu upoznate i da po\u0161tuju veliki broj zakona i propisa. Recimo, gra\u0111evinska dozvola, promene urbanisti\u010dkih planova, ekolo\u0161ke dozvole ili regulativa vezana za bezbednost od po\u017eara odnosno certifikati za\u0161tite od po\u017eara \u2013 to su sve pitanja sa kojima se ovakve organizacije [&hellip;]","og_url":"https:\/\/lat.nl\/sk\/propisi-i-dozvole\/","og_site_name":"Looije Agro Technics BV","twitter_card":"summary_large_image","twitter_misc":{"Predpokladan\u00fd \u010das \u010d\u00edtania":"2 min\u00faty"},"schema":{"@context":"https:\/\/schema.org","@graph":[{"@type":"WebPage","@id":"https:\/\/lat.nl\/sk\/propisi-i-dozvole\/","url":"https:\/\/lat.nl\/sk\/propisi-i-dozvole\/","name":"Propisi i dozvole - Looije Agro Technics BV","isPartOf":{"@id":"https:\/\/lat.nl\/#website"},"datePublished":"2018-03-28T12:14:18+00:00","breadcrumb":{"@id":"https:\/\/lat.nl\/sk\/propisi-i-dozvole\/#breadcrumb"},"inLanguage":"sk-SK","potentialAction":[{"@type":"ReadAction","target":["https:\/\/lat.nl\/sk\/propisi-i-dozvole\/"]}]},{"@type":"BreadcrumbList","@id":"https:\/\/lat.nl\/sk\/propisi-i-dozvole\/#breadcrumb","itemListElement":[{"@type":"ListItem","position":1,"name":"Home","item":"https:\/\/lat.nl\/sk\/"},{"@type":"ListItem","position":2,"name":"Propisi i dozvole"}]},{"@type":"WebSite","@id":"https:\/\/lat.nl\/#website","url":"https:\/\/lat.nl\/","name":"Looije Agro Technics BV","description":"H\u00e9t onafhankelijk bouwmanagementbureau in de glastuinbouwsector","publisher":{"@id":"https:\/\/lat.nl\/#organization"},"potentialAction":[{"@type":"SearchAction","target":{"@type":"EntryPoint","urlTemplate":"https:\/\/lat.nl\/?s={search_term_string}"},"query-input":{"@type":"PropertyValueSpecification","valueRequired":true,"valueName":"search_term_string"}}],"inLanguage":"sk-SK"},{"@type":"Organization","@id":"https:\/\/lat.nl\/#organization","name":"Looije Agro Technics BV","url":"https:\/\/lat.nl\/","logo":{"@type":"ImageObject","inLanguage":"sk-SK","@id":"https:\/\/lat.nl\/#\/schema\/logo\/image\/","url":"https:\/\/lat.nl\/wp-content\/uploads\/2018\/03\/logo.jpg","contentUrl":"https:\/\/lat.nl\/wp-content\/uploads\/2018\/03\/logo.jpg","width":319,"height":122,"caption":"Looije Agro Technics BV"},"image":{"@id":"https:\/\/lat.nl\/#\/schema\/logo\/image\/"}}]}},"_links":{"self":[{"href":"https:\/\/lat.nl\/sk\/wp-json\/wp\/v2\/pages\/2446","targetHints":{"allow":["GET"]}}],"collection":[{"href":"https:\/\/lat.nl\/sk\/wp-json\/wp\/v2\/pages"}],"about":[{"href":"https:\/\/lat.nl\/sk\/wp-json\/wp\/v2\/types\/page"}],"author":[{"embeddable":true,"href":"https:\/\/lat.nl\/sk\/wp-json\/wp\/v2\/users\/1"}],"replies":[{"embeddable":true,"href":"https:\/\/lat.nl\/sk\/wp-json\/wp\/v2\/comments?post=2446"}],"version-history":[{"count":0,"href":"https:\/\/lat.nl\/sk\/wp-json\/wp\/v2\/pages\/2446\/revisions"}],"wp:attachment":[{"href":"https:\/\/lat.nl\/sk\/wp-json\/wp\/v2\/media?parent=2446"}],"curies":[{"name":"wp","href":"https:\/\/api.w.org\/{rel}","templated":true}]}}