{"id":2450,"date":"2018-03-28T12:14:18","date_gmt":"2018-03-28T12:14:18","guid":{"rendered":"https:\/\/lat.nl\/prenos-toplote\/"},"modified":"2018-03-28T12:14:18","modified_gmt":"2018-03-28T12:14:18","slug":"prenos-toplote","status":"publish","type":"page","link":"https:\/\/lat.nl\/sk\/prenos-toplote\/","title":{"rendered":"Prenos toplote"},"content":{"rendered":"<p>U na\u0161em obra\u010dunu prenosa toplote utvr\u0111ujemo koliko toplote staklena ba\u0161ta ili drugi objekat izgubi zbog toplotnih mostova, staklenih povr\u0161ina, curenja i sli\u010dno. Takve ra\u010dunice su vrlo va\u017ene kada se utvr\u0111uje koliko toplote je potrebno u datom trenutku kako bi se staklenik ili neki objekat odr\u017eao na odre\u0111enoj temperaturi.<br \/>\n<BR><BR><br \/>\nStaklenici i drugi objekti se me\u0111usobno razlikuju. Lokacija i drugi faktori uti\u010du na prenos toplote. Na\u0161 tim stru\u010dnjaka \u0107e specifi\u010dno za vas pripremiti takav model koji simulira upravo va\u0161 slu\u010daj. Rezultati c\u0301e vam poslu\u017eiti kao odli\u010dna podloga za sve naredne energetske analize i prora\u010dune koji se odnose na energetsku proizvodnju i mere u\u0161tede energije.<\/p>\n","protected":false},"excerpt":{"rendered":"<p>U na\u0161em obra\u010dunu prenosa toplote utvr\u0111ujemo koliko toplote staklena ba\u0161ta ili drugi objekat izgubi zbog toplotnih mostova, staklenih povr\u0161ina, curenja i sli\u010dno. Takve ra\u010dunice su vrlo va\u017ene kada se utvr\u0111uje koliko toplote je potrebno u datom trenutku kako bi se staklenik ili neki objekat odr\u017eao na odre\u0111enoj temperaturi. Staklenici i drugi objekti se me\u0111usobno razlikuju. [&hellip;]<\/p>\n","protected":false},"author":1,"featured_media":0,"parent":0,"menu_order":0,"comment_status":"open","ping_status":"closed","template":"","meta":{"_acf_changed":false,"_exactmetrics_skip_tracking":false,"_exactmetrics_sitenote_active":false,"_exactmetrics_sitenote_note":"","_exactmetrics_sitenote_category":0,"footnotes":""},"class_list":["post-2450","page","type-page","status-publish","hentry"],"acf":[],"yoast_head":"<!-- This site is optimized with the Yoast SEO plugin v27.3 - https:\/\/yoast.com\/product\/yoast-seo-wordpress\/ -->\n<title>Prenos toplote - Looije Agro Technics BV<\/title>\n<meta name=\"robots\" content=\"index, follow, max-snippet:-1, max-image-preview:large, max-video-preview:-1\" \/>\n<link rel=\"canonical\" href=\"https:\/\/lat.nl\/sk\/prenos-toplote\/\" \/>\n<meta property=\"og:locale\" content=\"sk_SK\" \/>\n<meta property=\"og:type\" content=\"article\" \/>\n<meta property=\"og:title\" content=\"Prenos toplote - Looije Agro Technics BV\" \/>\n<meta property=\"og:description\" content=\"U na\u0161em obra\u010dunu prenosa toplote utvr\u0111ujemo koliko toplote staklena ba\u0161ta ili drugi objekat izgubi zbog toplotnih mostova, staklenih povr\u0161ina, curenja i sli\u010dno. Takve ra\u010dunice su vrlo va\u017ene kada se utvr\u0111uje koliko toplote je potrebno u datom trenutku kako bi se staklenik ili neki objekat odr\u017eao na odre\u0111enoj temperaturi. Staklenici i drugi objekti se me\u0111usobno razlikuju. [&hellip;]\" \/>\n<meta property=\"og:url\" content=\"https:\/\/lat.nl\/sk\/prenos-toplote\/\" \/>\n<meta property=\"og:site_name\" content=\"Looije Agro Technics BV\" \/>\n<meta name=\"twitter:card\" content=\"summary_large_image\" \/>\n<meta name=\"twitter:label1\" content=\"Predpokladan\u00fd \u010das \u010d\u00edtania\" \/>\n\t<meta name=\"twitter:data1\" content=\"1 min\u00fata\" \/>\n<script type=\"application\/ld+json\" class=\"yoast-schema-graph\">{\"@context\":\"https:\\\/\\\/schema.org\",\"@graph\":[{\"@type\":\"WebPage\",\"@id\":\"https:\\\/\\\/lat.nl\\\/sk\\\/prenos-toplote\\\/\",\"url\":\"https:\\\/\\\/lat.nl\\\/sk\\\/prenos-toplote\\\/\",\"name\":\"Prenos toplote - Looije Agro Technics BV\",\"isPartOf\":{\"@id\":\"https:\\\/\\\/lat.nl\\\/#website\"},\"datePublished\":\"2018-03-28T12:14:18+00:00\",\"breadcrumb\":{\"@id\":\"https:\\\/\\\/lat.nl\\\/sk\\\/prenos-toplote\\\/#breadcrumb\"},\"inLanguage\":\"sk-SK\",\"potentialAction\":[{\"@type\":\"ReadAction\",\"target\":[\"https:\\\/\\\/lat.nl\\\/sk\\\/prenos-toplote\\\/\"]}]},{\"@type\":\"BreadcrumbList\",\"@id\":\"https:\\\/\\\/lat.nl\\\/sk\\\/prenos-toplote\\\/#breadcrumb\",\"itemListElement\":[{\"@type\":\"ListItem\",\"position\":1,\"name\":\"Home\",\"item\":\"https:\\\/\\\/lat.nl\\\/sk\\\/\"},{\"@type\":\"ListItem\",\"position\":2,\"name\":\"Prenos toplote\"}]},{\"@type\":\"WebSite\",\"@id\":\"https:\\\/\\\/lat.nl\\\/#website\",\"url\":\"https:\\\/\\\/lat.nl\\\/\",\"name\":\"Looije Agro Technics BV\",\"description\":\"H\u00e9t onafhankelijk bouwmanagementbureau in de glastuinbouwsector\",\"publisher\":{\"@id\":\"https:\\\/\\\/lat.nl\\\/#organization\"},\"potentialAction\":[{\"@type\":\"SearchAction\",\"target\":{\"@type\":\"EntryPoint\",\"urlTemplate\":\"https:\\\/\\\/lat.nl\\\/?s={search_term_string}\"},\"query-input\":{\"@type\":\"PropertyValueSpecification\",\"valueRequired\":true,\"valueName\":\"search_term_string\"}}],\"inLanguage\":\"sk-SK\"},{\"@type\":\"Organization\",\"@id\":\"https:\\\/\\\/lat.nl\\\/#organization\",\"name\":\"Looije Agro Technics BV\",\"url\":\"https:\\\/\\\/lat.nl\\\/\",\"logo\":{\"@type\":\"ImageObject\",\"inLanguage\":\"sk-SK\",\"@id\":\"https:\\\/\\\/lat.nl\\\/#\\\/schema\\\/logo\\\/image\\\/\",\"url\":\"https:\\\/\\\/lat.nl\\\/wp-content\\\/uploads\\\/2018\\\/03\\\/logo.jpg\",\"contentUrl\":\"https:\\\/\\\/lat.nl\\\/wp-content\\\/uploads\\\/2018\\\/03\\\/logo.jpg\",\"width\":319,\"height\":122,\"caption\":\"Looije Agro Technics BV\"},\"image\":{\"@id\":\"https:\\\/\\\/lat.nl\\\/#\\\/schema\\\/logo\\\/image\\\/\"}}]}<\/script>\n<!-- \/ Yoast SEO plugin. -->","yoast_head_json":{"title":"Prenos toplote - Looije Agro Technics BV","robots":{"index":"index","follow":"follow","max-snippet":"max-snippet:-1","max-image-preview":"max-image-preview:large","max-video-preview":"max-video-preview:-1"},"canonical":"https:\/\/lat.nl\/sk\/prenos-toplote\/","og_locale":"sk_SK","og_type":"article","og_title":"Prenos toplote - Looije Agro Technics BV","og_description":"U na\u0161em obra\u010dunu prenosa toplote utvr\u0111ujemo koliko toplote staklena ba\u0161ta ili drugi objekat izgubi zbog toplotnih mostova, staklenih povr\u0161ina, curenja i sli\u010dno. Takve ra\u010dunice su vrlo va\u017ene kada se utvr\u0111uje koliko toplote je potrebno u datom trenutku kako bi se staklenik ili neki objekat odr\u017eao na odre\u0111enoj temperaturi. Staklenici i drugi objekti se me\u0111usobno razlikuju. [&hellip;]","og_url":"https:\/\/lat.nl\/sk\/prenos-toplote\/","og_site_name":"Looije Agro Technics BV","twitter_card":"summary_large_image","twitter_misc":{"Predpokladan\u00fd \u010das \u010d\u00edtania":"1 min\u00fata"},"schema":{"@context":"https:\/\/schema.org","@graph":[{"@type":"WebPage","@id":"https:\/\/lat.nl\/sk\/prenos-toplote\/","url":"https:\/\/lat.nl\/sk\/prenos-toplote\/","name":"Prenos toplote - Looije Agro Technics BV","isPartOf":{"@id":"https:\/\/lat.nl\/#website"},"datePublished":"2018-03-28T12:14:18+00:00","breadcrumb":{"@id":"https:\/\/lat.nl\/sk\/prenos-toplote\/#breadcrumb"},"inLanguage":"sk-SK","potentialAction":[{"@type":"ReadAction","target":["https:\/\/lat.nl\/sk\/prenos-toplote\/"]}]},{"@type":"BreadcrumbList","@id":"https:\/\/lat.nl\/sk\/prenos-toplote\/#breadcrumb","itemListElement":[{"@type":"ListItem","position":1,"name":"Home","item":"https:\/\/lat.nl\/sk\/"},{"@type":"ListItem","position":2,"name":"Prenos toplote"}]},{"@type":"WebSite","@id":"https:\/\/lat.nl\/#website","url":"https:\/\/lat.nl\/","name":"Looije Agro Technics BV","description":"H\u00e9t onafhankelijk bouwmanagementbureau in de glastuinbouwsector","publisher":{"@id":"https:\/\/lat.nl\/#organization"},"potentialAction":[{"@type":"SearchAction","target":{"@type":"EntryPoint","urlTemplate":"https:\/\/lat.nl\/?s={search_term_string}"},"query-input":{"@type":"PropertyValueSpecification","valueRequired":true,"valueName":"search_term_string"}}],"inLanguage":"sk-SK"},{"@type":"Organization","@id":"https:\/\/lat.nl\/#organization","name":"Looije Agro Technics BV","url":"https:\/\/lat.nl\/","logo":{"@type":"ImageObject","inLanguage":"sk-SK","@id":"https:\/\/lat.nl\/#\/schema\/logo\/image\/","url":"https:\/\/lat.nl\/wp-content\/uploads\/2018\/03\/logo.jpg","contentUrl":"https:\/\/lat.nl\/wp-content\/uploads\/2018\/03\/logo.jpg","width":319,"height":122,"caption":"Looije Agro Technics BV"},"image":{"@id":"https:\/\/lat.nl\/#\/schema\/logo\/image\/"}}]}},"_links":{"self":[{"href":"https:\/\/lat.nl\/sk\/wp-json\/wp\/v2\/pages\/2450","targetHints":{"allow":["GET"]}}],"collection":[{"href":"https:\/\/lat.nl\/sk\/wp-json\/wp\/v2\/pages"}],"about":[{"href":"https:\/\/lat.nl\/sk\/wp-json\/wp\/v2\/types\/page"}],"author":[{"embeddable":true,"href":"https:\/\/lat.nl\/sk\/wp-json\/wp\/v2\/users\/1"}],"replies":[{"embeddable":true,"href":"https:\/\/lat.nl\/sk\/wp-json\/wp\/v2\/comments?post=2450"}],"version-history":[{"count":0,"href":"https:\/\/lat.nl\/sk\/wp-json\/wp\/v2\/pages\/2450\/revisions"}],"wp:attachment":[{"href":"https:\/\/lat.nl\/sk\/wp-json\/wp\/v2\/media?parent=2450"}],"curies":[{"name":"wp","href":"https:\/\/api.w.org\/{rel}","templated":true}]}}