{"id":2460,"date":"2018-03-28T12:14:18","date_gmt":"2018-03-28T12:14:18","guid":{"rendered":"https:\/\/lat.nl\/nase-referencije\/"},"modified":"2018-03-28T12:14:18","modified_gmt":"2018-03-28T12:14:18","slug":"nase-referencije","status":"publish","type":"page","link":"https:\/\/lat.nl\/sk\/nase-referencije\/","title":{"rendered":"Na\u0161e referencije"},"content":{"rendered":"<h4>LTK projects has completed plenty of turnkey projects all over the world. On this website we present a selection of different projects. <\/p>\n<\/h4>\n<h5>Kirchweidach \u2013 Germany, 2014<\/h5>\n<p>Po\u010detkom 2014, u Kirhvajdahu je izgra\u0111ena staklena ba\u0161ta na cca. 12 hektara, koja se koristi za proizvodnju paradajza i paprike za regionalno tr\u017ei\u0161te. Staklenik greje 3.300 m dubok geotermalni bunar.<br \/><img loading=\"lazy\" decoding=\"async\" width=\"423\" height=\"217\" alt=\"Kirchweidach2014\" src=\"images\/References\/references1.jpg\" \/><\/p>\n<h5>Marden &#8211; England, 2013<\/h5>\n<p>Da bi dodatno pobolj\u0161ali proizvodnju jagoda u odre\u0111enim mesecima tokom godine, za na\u0161eg klijenta smo projektovali poseban sistem grejanja. Kapacitet ovog sistema je dizajniran za ukupno 16 hektara kulitvacione povr\u0161ine, a radi se i o grejanju i o snabdevanju sa CO2. <br \/><img loading=\"lazy\" decoding=\"async\" width=\"423\" height=\"217\" alt=\"\" src=\"images\/References\/references2.jpg\" \/><\/p>\n<h5>Turnisce &#8211; Slovenia, 2011-2013<\/h5>\n<p>U mestu Turni\u0161\u010de, u Sloveniji, uspe\u0161no smo projektovali i izgradili potpuno novi objekt staklene ba\u0161te. U pitanju je ve\u0107a investicija \u010dija realizacija se odvijala u vi\u0161e faza. Objekat se prostire na 10 hektara.<br \/> <img loading=\"lazy\" decoding=\"async\" width=\"423\" height=\"217\" alt=\"\" src=\"images\/References\/references3.jpg\" \/><\/p>\n","protected":false},"excerpt":{"rendered":"<p>LTK projects has completed plenty of turnkey projects all over the world. On this website we present a selection of different projects. Kirchweidach \u2013 Germany, 2014 Po\u010detkom 2014, u Kirhvajdahu je izgra\u0111ena staklena ba\u0161ta na cca. 12 hektara, koja se koristi za proizvodnju paradajza i paprike za regionalno tr\u017ei\u0161te. Staklenik greje 3.300 m dubok geotermalni [&hellip;]<\/p>\n","protected":false},"author":1,"featured_media":0,"parent":0,"menu_order":0,"comment_status":"open","ping_status":"closed","template":"","meta":{"_acf_changed":false,"_exactmetrics_skip_tracking":false,"_exactmetrics_sitenote_active":false,"_exactmetrics_sitenote_note":"","_exactmetrics_sitenote_category":0,"footnotes":""},"class_list":["post-2460","page","type-page","status-publish","hentry"],"acf":[],"yoast_head":"<!-- This site is optimized with the Yoast SEO plugin v27.4 - https:\/\/yoast.com\/product\/yoast-seo-wordpress\/ -->\n<title>Na\u0161e referencije - Looije Agro Technics BV<\/title>\n<meta name=\"robots\" content=\"index, follow, max-snippet:-1, max-image-preview:large, max-video-preview:-1\" \/>\n<link rel=\"canonical\" href=\"https:\/\/lat.nl\/sk\/nase-referencije\/\" \/>\n<meta property=\"og:locale\" content=\"sk_SK\" \/>\n<meta property=\"og:type\" content=\"article\" \/>\n<meta property=\"og:title\" content=\"Na\u0161e referencije - Looije Agro Technics BV\" \/>\n<meta property=\"og:description\" content=\"LTK projects has completed plenty of turnkey projects all over the world. On this website we present a selection of different projects. Kirchweidach \u2013 Germany, 2014 Po\u010detkom 2014, u Kirhvajdahu je izgra\u0111ena staklena ba\u0161ta na cca. 12 hektara, koja se koristi za proizvodnju paradajza i paprike za regionalno tr\u017ei\u0161te. Staklenik greje 3.300 m dubok geotermalni [&hellip;]\" \/>\n<meta property=\"og:url\" content=\"https:\/\/lat.nl\/sk\/nase-referencije\/\" \/>\n<meta property=\"og:site_name\" content=\"Looije Agro Technics BV\" \/>\n<meta name=\"twitter:card\" content=\"summary_large_image\" \/>\n<meta name=\"twitter:label1\" content=\"Predpokladan\u00fd \u010das \u010d\u00edtania\" \/>\n\t<meta name=\"twitter:data1\" content=\"1 min\u00fata\" \/>\n<script type=\"application\/ld+json\" class=\"yoast-schema-graph\">{\"@context\":\"https:\\\/\\\/schema.org\",\"@graph\":[{\"@type\":\"WebPage\",\"@id\":\"https:\\\/\\\/lat.nl\\\/sk\\\/nase-referencije\\\/\",\"url\":\"https:\\\/\\\/lat.nl\\\/sk\\\/nase-referencije\\\/\",\"name\":\"Na\u0161e referencije - Looije Agro Technics BV\",\"isPartOf\":{\"@id\":\"https:\\\/\\\/lat.nl\\\/#website\"},\"datePublished\":\"2018-03-28T12:14:18+00:00\",\"breadcrumb\":{\"@id\":\"https:\\\/\\\/lat.nl\\\/sk\\\/nase-referencije\\\/#breadcrumb\"},\"inLanguage\":\"sk-SK\",\"potentialAction\":[{\"@type\":\"ReadAction\",\"target\":[\"https:\\\/\\\/lat.nl\\\/sk\\\/nase-referencije\\\/\"]}]},{\"@type\":\"BreadcrumbList\",\"@id\":\"https:\\\/\\\/lat.nl\\\/sk\\\/nase-referencije\\\/#breadcrumb\",\"itemListElement\":[{\"@type\":\"ListItem\",\"position\":1,\"name\":\"Home\",\"item\":\"https:\\\/\\\/lat.nl\\\/sk\\\/\"},{\"@type\":\"ListItem\",\"position\":2,\"name\":\"Na\u0161e referencije\"}]},{\"@type\":\"WebSite\",\"@id\":\"https:\\\/\\\/lat.nl\\\/#website\",\"url\":\"https:\\\/\\\/lat.nl\\\/\",\"name\":\"Looije Agro Technics BV\",\"description\":\"H\u00e9t onafhankelijk bouwmanagementbureau in de glastuinbouwsector\",\"publisher\":{\"@id\":\"https:\\\/\\\/lat.nl\\\/#organization\"},\"potentialAction\":[{\"@type\":\"SearchAction\",\"target\":{\"@type\":\"EntryPoint\",\"urlTemplate\":\"https:\\\/\\\/lat.nl\\\/?s={search_term_string}\"},\"query-input\":{\"@type\":\"PropertyValueSpecification\",\"valueRequired\":true,\"valueName\":\"search_term_string\"}}],\"inLanguage\":\"sk-SK\"},{\"@type\":\"Organization\",\"@id\":\"https:\\\/\\\/lat.nl\\\/#organization\",\"name\":\"Looije Agro Technics BV\",\"url\":\"https:\\\/\\\/lat.nl\\\/\",\"logo\":{\"@type\":\"ImageObject\",\"inLanguage\":\"sk-SK\",\"@id\":\"https:\\\/\\\/lat.nl\\\/#\\\/schema\\\/logo\\\/image\\\/\",\"url\":\"https:\\\/\\\/lat.nl\\\/wp-content\\\/uploads\\\/2018\\\/03\\\/logo.jpg\",\"contentUrl\":\"https:\\\/\\\/lat.nl\\\/wp-content\\\/uploads\\\/2018\\\/03\\\/logo.jpg\",\"width\":319,\"height\":122,\"caption\":\"Looije Agro Technics BV\"},\"image\":{\"@id\":\"https:\\\/\\\/lat.nl\\\/#\\\/schema\\\/logo\\\/image\\\/\"}}]}<\/script>\n<!-- \/ Yoast SEO plugin. -->","yoast_head_json":{"title":"Na\u0161e referencije - Looije Agro Technics BV","robots":{"index":"index","follow":"follow","max-snippet":"max-snippet:-1","max-image-preview":"max-image-preview:large","max-video-preview":"max-video-preview:-1"},"canonical":"https:\/\/lat.nl\/sk\/nase-referencije\/","og_locale":"sk_SK","og_type":"article","og_title":"Na\u0161e referencije - Looije Agro Technics BV","og_description":"LTK projects has completed plenty of turnkey projects all over the world. On this website we present a selection of different projects. Kirchweidach \u2013 Germany, 2014 Po\u010detkom 2014, u Kirhvajdahu je izgra\u0111ena staklena ba\u0161ta na cca. 12 hektara, koja se koristi za proizvodnju paradajza i paprike za regionalno tr\u017ei\u0161te. Staklenik greje 3.300 m dubok geotermalni [&hellip;]","og_url":"https:\/\/lat.nl\/sk\/nase-referencije\/","og_site_name":"Looije Agro Technics BV","twitter_card":"summary_large_image","twitter_misc":{"Predpokladan\u00fd \u010das \u010d\u00edtania":"1 min\u00fata"},"schema":{"@context":"https:\/\/schema.org","@graph":[{"@type":"WebPage","@id":"https:\/\/lat.nl\/sk\/nase-referencije\/","url":"https:\/\/lat.nl\/sk\/nase-referencije\/","name":"Na\u0161e referencije - Looije Agro Technics BV","isPartOf":{"@id":"https:\/\/lat.nl\/#website"},"datePublished":"2018-03-28T12:14:18+00:00","breadcrumb":{"@id":"https:\/\/lat.nl\/sk\/nase-referencije\/#breadcrumb"},"inLanguage":"sk-SK","potentialAction":[{"@type":"ReadAction","target":["https:\/\/lat.nl\/sk\/nase-referencije\/"]}]},{"@type":"BreadcrumbList","@id":"https:\/\/lat.nl\/sk\/nase-referencije\/#breadcrumb","itemListElement":[{"@type":"ListItem","position":1,"name":"Home","item":"https:\/\/lat.nl\/sk\/"},{"@type":"ListItem","position":2,"name":"Na\u0161e referencije"}]},{"@type":"WebSite","@id":"https:\/\/lat.nl\/#website","url":"https:\/\/lat.nl\/","name":"Looije Agro Technics BV","description":"H\u00e9t onafhankelijk bouwmanagementbureau in de glastuinbouwsector","publisher":{"@id":"https:\/\/lat.nl\/#organization"},"potentialAction":[{"@type":"SearchAction","target":{"@type":"EntryPoint","urlTemplate":"https:\/\/lat.nl\/?s={search_term_string}"},"query-input":{"@type":"PropertyValueSpecification","valueRequired":true,"valueName":"search_term_string"}}],"inLanguage":"sk-SK"},{"@type":"Organization","@id":"https:\/\/lat.nl\/#organization","name":"Looije Agro Technics BV","url":"https:\/\/lat.nl\/","logo":{"@type":"ImageObject","inLanguage":"sk-SK","@id":"https:\/\/lat.nl\/#\/schema\/logo\/image\/","url":"https:\/\/lat.nl\/wp-content\/uploads\/2018\/03\/logo.jpg","contentUrl":"https:\/\/lat.nl\/wp-content\/uploads\/2018\/03\/logo.jpg","width":319,"height":122,"caption":"Looije Agro Technics BV"},"image":{"@id":"https:\/\/lat.nl\/#\/schema\/logo\/image\/"}}]}},"_links":{"self":[{"href":"https:\/\/lat.nl\/sk\/wp-json\/wp\/v2\/pages\/2460","targetHints":{"allow":["GET"]}}],"collection":[{"href":"https:\/\/lat.nl\/sk\/wp-json\/wp\/v2\/pages"}],"about":[{"href":"https:\/\/lat.nl\/sk\/wp-json\/wp\/v2\/types\/page"}],"author":[{"embeddable":true,"href":"https:\/\/lat.nl\/sk\/wp-json\/wp\/v2\/users\/1"}],"replies":[{"embeddable":true,"href":"https:\/\/lat.nl\/sk\/wp-json\/wp\/v2\/comments?post=2460"}],"version-history":[{"count":0,"href":"https:\/\/lat.nl\/sk\/wp-json\/wp\/v2\/pages\/2460\/revisions"}],"wp:attachment":[{"href":"https:\/\/lat.nl\/sk\/wp-json\/wp\/v2\/media?parent=2460"}],"curies":[{"name":"wp","href":"https:\/\/api.w.org\/{rel}","templated":true}]}}