{"id":3280,"date":"2018-03-28T16:19:17","date_gmt":"2018-03-28T16:19:17","guid":{"rendered":"https:\/\/lat.nl\/?page_id=3280"},"modified":"2018-04-10T09:28:26","modified_gmt":"2018-04-10T09:28:26","slug":"home-2","status":"publish","type":"page","link":"https:\/\/lat.nl\/sk\/","title":{"rendered":"Home"},"content":{"rendered":"<p><strong>Looije Agro Technics B.V. je nezavisna, specijalizovana agencija za savetovanje na podru\u010dju agronomije i staklenika odnosno staklenih ba\u0161ti, \u010dija osnovna delatnost obuhvata sledec\u0301e:<\/strong><\/p>\n<ul>\n<li>studije izvodljivosti i prognoze tro\u0161kova<\/li>\n<li>dizajn firme i kupovne smernice<\/li>\n<li>savete o op\u0161tem upravljanju i organizaciji<\/li>\n<li>savetovanje u vezi sa svim relevantnim zakonima i propisima<\/li>\n<li>konsalting vezan za kompletno upravljanje i kontrolu izgradnje staklenika<\/li>\n<li>saveti vezani za kupovinu relevantne opreme<\/li>\n<li>savetovanje na temu razvoja tr\u017ei\u0161ta staklenih ba\u0161ti i<\/li>\n<li>konsalting vezan za energetiku<\/li>\n<\/ul>\n<p>Jo\u0161 od 1997. godine uspe\u0161no prakti\u010dno savetujemo razli\u010dite kompanije i zadruge iz domena staklenih ba\u0161ti i ba\u0161tovanstva. Tako\u0111e, na\u0161e savete tra\u017ee i vladine agencije kao i druge organizacije i oslanjaju se na na\u0161e nezavisne hortikulturne stru\u010dnosti i znanja, mada je na\u0161a kompanija pre svega orijentisana na same proizvo\u0111a\u010de.<\/p>\n<p>\u0160irok spektar na\u0161ih vrhunskih usluga je u skladu sa na\u0161im sloganom: \u201cNajstru\u010dnije i kompletno\u201d.<\/p>\n<p>Looije Agro Technics B.V. izme\u0111u ostalih posluje i u slede\u0107im dr\u017eavama: Holandiji, Belgiji, Austriji, Nema\u010dkoj, \u0160vajcerskoj, Sloveniji, Ma\u0111arskoj, \u0160paniji i Kanadi.<\/p>\n<p>Da li mo\u017eemo da vam pomognemo? Pretra\u017eite na\u0161 sajt da dobijete bolju sliku o tome \u0161ta sve radimo.<\/p>\n","protected":false},"excerpt":{"rendered":"<p>Looije Agro Technics B.V. je nezavisna, specijalizovana agencija za savetovanje na podru\u010dju agronomije i staklenika odnosno staklenih ba\u0161ti, \u010dija osnovna delatnost obuhvata sledec\u0301e: studije izvodljivosti i prognoze tro\u0161kova dizajn firme i kupovne smernice savete o op\u0161tem upravljanju i organizaciji savetovanje u vezi sa svim relevantnim zakonima i propisima konsalting vezan za kompletno upravljanje i kontrolu [&hellip;]<\/p>\n","protected":false},"author":1,"featured_media":0,"parent":0,"menu_order":0,"comment_status":"closed","ping_status":"closed","template":"index-home.php","meta":{"_acf_changed":false,"_exactmetrics_skip_tracking":false,"_exactmetrics_sitenote_active":false,"_exactmetrics_sitenote_note":"","_exactmetrics_sitenote_category":0,"footnotes":""},"class_list":["post-3280","page","type-page","status-publish","hentry"],"acf":[],"yoast_head":"<!-- This site is optimized with the Yoast SEO plugin v27.3 - https:\/\/yoast.com\/product\/yoast-seo-wordpress\/ -->\n<title>Home - Looije Agro Technics BV<\/title>\n<meta name=\"robots\" content=\"index, follow, max-snippet:-1, max-image-preview:large, max-video-preview:-1\" \/>\n<link rel=\"canonical\" href=\"https:\/\/lat.nl\/sk\/\" \/>\n<meta property=\"og:locale\" content=\"sk_SK\" \/>\n<meta property=\"og:type\" content=\"article\" \/>\n<meta property=\"og:title\" content=\"Home - Looije Agro Technics BV\" \/>\n<meta property=\"og:description\" content=\"Looije Agro Technics B.V. je nezavisna, specijalizovana agencija za savetovanje na podru\u010dju agronomije i staklenika odnosno staklenih ba\u0161ti, \u010dija osnovna delatnost obuhvata sledec\u0301e: studije izvodljivosti i prognoze tro\u0161kova dizajn firme i kupovne smernice savete o op\u0161tem upravljanju i organizaciji savetovanje u vezi sa svim relevantnim zakonima i propisima konsalting vezan za kompletno upravljanje i kontrolu [&hellip;]\" \/>\n<meta property=\"og:url\" content=\"https:\/\/lat.nl\/sk\/\" \/>\n<meta property=\"og:site_name\" content=\"Looije Agro Technics BV\" \/>\n<meta property=\"article:modified_time\" content=\"2018-04-10T09:28:26+00:00\" \/>\n<meta name=\"twitter:card\" content=\"summary_large_image\" \/>\n<meta name=\"twitter:label1\" content=\"Predpokladan\u00fd \u010das \u010d\u00edtania\" \/>\n\t<meta name=\"twitter:data1\" content=\"1 min\u00fata\" \/>\n<script type=\"application\/ld+json\" class=\"yoast-schema-graph\">{\"@context\":\"https:\\\/\\\/schema.org\",\"@graph\":[{\"@type\":\"WebPage\",\"@id\":\"https:\\\/\\\/lat.nl\\\/sk\\\/\",\"url\":\"https:\\\/\\\/lat.nl\\\/sk\\\/\",\"name\":\"Home - Looije Agro Technics BV\",\"isPartOf\":{\"@id\":\"https:\\\/\\\/lat.nl\\\/#website\"},\"datePublished\":\"2018-03-28T16:19:17+00:00\",\"dateModified\":\"2018-04-10T09:28:26+00:00\",\"breadcrumb\":{\"@id\":\"https:\\\/\\\/lat.nl\\\/sk\\\/#breadcrumb\"},\"inLanguage\":\"sk-SK\",\"potentialAction\":[{\"@type\":\"ReadAction\",\"target\":[\"https:\\\/\\\/lat.nl\\\/sk\\\/\"]}]},{\"@type\":\"BreadcrumbList\",\"@id\":\"https:\\\/\\\/lat.nl\\\/sk\\\/#breadcrumb\",\"itemListElement\":[{\"@type\":\"ListItem\",\"position\":1,\"name\":\"Home\",\"item\":\"https:\\\/\\\/lat.nl\\\/sk\\\/\"},{\"@type\":\"ListItem\",\"position\":2,\"name\":\"Home\"}]},{\"@type\":\"WebSite\",\"@id\":\"https:\\\/\\\/lat.nl\\\/#website\",\"url\":\"https:\\\/\\\/lat.nl\\\/\",\"name\":\"Looije Agro Technics BV\",\"description\":\"H\u00e9t onafhankelijk bouwmanagementbureau in de glastuinbouwsector\",\"publisher\":{\"@id\":\"https:\\\/\\\/lat.nl\\\/#organization\"},\"potentialAction\":[{\"@type\":\"SearchAction\",\"target\":{\"@type\":\"EntryPoint\",\"urlTemplate\":\"https:\\\/\\\/lat.nl\\\/?s={search_term_string}\"},\"query-input\":{\"@type\":\"PropertyValueSpecification\",\"valueRequired\":true,\"valueName\":\"search_term_string\"}}],\"inLanguage\":\"sk-SK\"},{\"@type\":\"Organization\",\"@id\":\"https:\\\/\\\/lat.nl\\\/#organization\",\"name\":\"Looije Agro Technics BV\",\"url\":\"https:\\\/\\\/lat.nl\\\/\",\"logo\":{\"@type\":\"ImageObject\",\"inLanguage\":\"sk-SK\",\"@id\":\"https:\\\/\\\/lat.nl\\\/#\\\/schema\\\/logo\\\/image\\\/\",\"url\":\"https:\\\/\\\/lat.nl\\\/wp-content\\\/uploads\\\/2018\\\/03\\\/logo.jpg\",\"contentUrl\":\"https:\\\/\\\/lat.nl\\\/wp-content\\\/uploads\\\/2018\\\/03\\\/logo.jpg\",\"width\":319,\"height\":122,\"caption\":\"Looije Agro Technics BV\"},\"image\":{\"@id\":\"https:\\\/\\\/lat.nl\\\/#\\\/schema\\\/logo\\\/image\\\/\"}}]}<\/script>\n<!-- \/ Yoast SEO plugin. -->","yoast_head_json":{"title":"Home - Looije Agro Technics BV","robots":{"index":"index","follow":"follow","max-snippet":"max-snippet:-1","max-image-preview":"max-image-preview:large","max-video-preview":"max-video-preview:-1"},"canonical":"https:\/\/lat.nl\/sk\/","og_locale":"sk_SK","og_type":"article","og_title":"Home - Looije Agro Technics BV","og_description":"Looije Agro Technics B.V. je nezavisna, specijalizovana agencija za savetovanje na podru\u010dju agronomije i staklenika odnosno staklenih ba\u0161ti, \u010dija osnovna delatnost obuhvata sledec\u0301e: studije izvodljivosti i prognoze tro\u0161kova dizajn firme i kupovne smernice savete o op\u0161tem upravljanju i organizaciji savetovanje u vezi sa svim relevantnim zakonima i propisima konsalting vezan za kompletno upravljanje i kontrolu [&hellip;]","og_url":"https:\/\/lat.nl\/sk\/","og_site_name":"Looije Agro Technics BV","article_modified_time":"2018-04-10T09:28:26+00:00","twitter_card":"summary_large_image","twitter_misc":{"Predpokladan\u00fd \u010das \u010d\u00edtania":"1 min\u00fata"},"schema":{"@context":"https:\/\/schema.org","@graph":[{"@type":"WebPage","@id":"https:\/\/lat.nl\/sk\/","url":"https:\/\/lat.nl\/sk\/","name":"Home - Looije Agro Technics BV","isPartOf":{"@id":"https:\/\/lat.nl\/#website"},"datePublished":"2018-03-28T16:19:17+00:00","dateModified":"2018-04-10T09:28:26+00:00","breadcrumb":{"@id":"https:\/\/lat.nl\/sk\/#breadcrumb"},"inLanguage":"sk-SK","potentialAction":[{"@type":"ReadAction","target":["https:\/\/lat.nl\/sk\/"]}]},{"@type":"BreadcrumbList","@id":"https:\/\/lat.nl\/sk\/#breadcrumb","itemListElement":[{"@type":"ListItem","position":1,"name":"Home","item":"https:\/\/lat.nl\/sk\/"},{"@type":"ListItem","position":2,"name":"Home"}]},{"@type":"WebSite","@id":"https:\/\/lat.nl\/#website","url":"https:\/\/lat.nl\/","name":"Looije Agro Technics BV","description":"H\u00e9t onafhankelijk bouwmanagementbureau in de glastuinbouwsector","publisher":{"@id":"https:\/\/lat.nl\/#organization"},"potentialAction":[{"@type":"SearchAction","target":{"@type":"EntryPoint","urlTemplate":"https:\/\/lat.nl\/?s={search_term_string}"},"query-input":{"@type":"PropertyValueSpecification","valueRequired":true,"valueName":"search_term_string"}}],"inLanguage":"sk-SK"},{"@type":"Organization","@id":"https:\/\/lat.nl\/#organization","name":"Looije Agro Technics BV","url":"https:\/\/lat.nl\/","logo":{"@type":"ImageObject","inLanguage":"sk-SK","@id":"https:\/\/lat.nl\/#\/schema\/logo\/image\/","url":"https:\/\/lat.nl\/wp-content\/uploads\/2018\/03\/logo.jpg","contentUrl":"https:\/\/lat.nl\/wp-content\/uploads\/2018\/03\/logo.jpg","width":319,"height":122,"caption":"Looije Agro Technics BV"},"image":{"@id":"https:\/\/lat.nl\/#\/schema\/logo\/image\/"}}]}},"_links":{"self":[{"href":"https:\/\/lat.nl\/sk\/wp-json\/wp\/v2\/pages\/3280","targetHints":{"allow":["GET"]}}],"collection":[{"href":"https:\/\/lat.nl\/sk\/wp-json\/wp\/v2\/pages"}],"about":[{"href":"https:\/\/lat.nl\/sk\/wp-json\/wp\/v2\/types\/page"}],"author":[{"embeddable":true,"href":"https:\/\/lat.nl\/sk\/wp-json\/wp\/v2\/users\/1"}],"replies":[{"embeddable":true,"href":"https:\/\/lat.nl\/sk\/wp-json\/wp\/v2\/comments?post=3280"}],"version-history":[{"count":0,"href":"https:\/\/lat.nl\/sk\/wp-json\/wp\/v2\/pages\/3280\/revisions"}],"wp:attachment":[{"href":"https:\/\/lat.nl\/sk\/wp-json\/wp\/v2\/media?parent=3280"}],"curies":[{"name":"wp","href":"https:\/\/api.w.org\/{rel}","templated":true}]}}